{"id":3,"date":"2024-04-04T07:50:43","date_gmt":"2024-04-04T04:50:43","guid":{"rendered":"https:\/\/sisu.ut.ee\/keemiaabc\/1-millega-tegeleb-keemia\/"},"modified":"2024-04-04T07:51:47","modified_gmt":"2024-04-04T04:51:47","slug":"1-millega-tegeleb-keemia","status":"publish","type":"page","link":"https:\/\/sisu.ut.ee\/keemiaabc\/1-millega-tegeleb-keemia\/","title":{"rendered":"1. Millega tegeleb keemia?"},"content":{"rendered":"<p dir=\"ltr\">\n\tSelles peat\u00fckis tegeled enam kasutatavate katsevahendite ja olulisemate reeglitega, millega peab katsetades arvestama, et mitte ennast ja teisi ohustada. \u00dcle saavad korratud f\u00fc\u00fcsikalised ja keemilised n\u00e4htused ning reaktsioonide kulgemise tunnused ja tingimused. Samuti saad selgeks levinumate gaaside omadused, nende saamise ja kogumise.<\/p>\n","protected":false},"excerpt":{"rendered":"<p>Selles peat\u00fckis tegeled enam kasutatavate katsevahendite ja olulisemate reeglitega, millega peab katsetades arvestama, et mitte ennast ja teisi ohustada. \u00dcle saavad korratud f\u00fc\u00fcsikalised ja keemilised n\u00e4htused ning reaktsioonide kulgemise tunnused ja tingimused. Samuti saad selgeks levinumate gaaside omadused, nende saamise &#8230;<\/p>\n","protected":false},"author":276,"featured_media":0,"parent":0,"menu_order":0,"comment_status":"closed","ping_status":"closed","template":"","meta":{"_acf_changed":false,"inline_featured_image":false,"footnotes":""},"class_list":["post-3","page","type-page","status-publish","hentry"],"acf":[],"_links":{"self":[{"href":"https:\/\/sisu.ut.ee\/keemiaabc\/wp-json\/wp\/v2\/pages\/3","targetHints":{"allow":["GET"]}}],"collection":[{"href":"https:\/\/sisu.ut.ee\/keemiaabc\/wp-json\/wp\/v2\/pages"}],"about":[{"href":"https:\/\/sisu.ut.ee\/keemiaabc\/wp-json\/wp\/v2\/types\/page"}],"author":[{"embeddable":true,"href":"https:\/\/sisu.ut.ee\/keemiaabc\/wp-json\/wp\/v2\/users\/276"}],"replies":[{"embeddable":true,"href":"https:\/\/sisu.ut.ee\/keemiaabc\/wp-json\/wp\/v2\/comments?post=3"}],"version-history":[{"count":1,"href":"https:\/\/sisu.ut.ee\/keemiaabc\/wp-json\/wp\/v2\/pages\/3\/revisions"}],"predecessor-version":[{"id":242,"href":"https:\/\/sisu.ut.ee\/keemiaabc\/wp-json\/wp\/v2\/pages\/3\/revisions\/242"}],"wp:attachment":[{"href":"https:\/\/sisu.ut.ee\/keemiaabc\/wp-json\/wp\/v2\/media?parent=3"}],"curies":[{"name":"wp","href":"https:\/\/api.w.org\/{rel}","templated":true}]}}