{"id":29,"date":"2024-04-04T07:50:46","date_gmt":"2024-04-04T04:50:46","guid":{"rendered":"https:\/\/sisu.ut.ee\/keemiaabc\/53-keemilise-reaktsiooni-kiirus\/"},"modified":"2024-04-04T15:25:03","modified_gmt":"2024-04-04T12:25:03","slug":"53-keemilise-reaktsiooni-kiirus","status":"publish","type":"page","link":"https:\/\/sisu.ut.ee\/keemiaabc\/53-keemilise-reaktsiooni-kiirus\/","title":{"rendered":"5.3. Keemilise reaktsiooni kiirus"},"content":{"rendered":"<p>\r\n\tT\u00f6\u00f6stus ja t\u00e4nap\u00e4eva \u00fchiskond sooviksid, et reaktsioonid toimuksid v\u00f5imalikult kiiresti, sest aeg on raha.\u00a0Kuidas aga m\u00f5jutada keemilise reaktsiooni kiirust? Vastused peituvad j\u00e4rgnevas videos.\r\n<\/p>\r\n\r\n<p>\r\n\t<\/p><div class=\"ratio ratio-16x9 mb-3\"><div class=\"video-placeholder-wrapper video-placeholder-wrapper--16x9\">\n\t\t\t    <div class=\"video-placeholder d-flex justify-content-center align-items-center\">\n\t\t\t        <div class=\"overlay text-white p-2 w-100 text-center d-block justify-content-center align-items-center\">\n\t\t\t            <div>Kolmandate osapoolte sisu n\u00e4gemiseks palun n\u00f5ustu k\u00fcpsistega.<\/div>\n\t\t\t            <button class=\"btn btn-secondary btn-sm mt-1 consent-change\">Muuda n\u00f5usolekut<\/button>\n\t\t\t        <\/div>\n\t\t\t    <\/div>\n\t\t\t<\/div>\n<\/div>\r\n\r\n\r\n<h6>\r\n\tAllikas:\u00a0<a data-url=\"https:\/\/youtu.be\/E0MlY2Y7MQ0\" href=\"https:\/\/youtu.be\/E0MlY2Y7MQ0\" target=\"_blank\" title=\"\" rel=\"noopener\">https:\/\/youtu.be\/E0MlY2Y7MQ0<\/a>\r\n<\/h6>\r\n\r\n<p>\r\n\tSelleks, et keemiline reaktsioon saaks toimuda\u00a0ehk saaks toimuda ainete muundumine teisteks aineteks, peavad olema t\u00e4idetud kaks tingimust:\r\n<\/p>\r\n\r\n<ol>\r\n\t<li>\r\n\t\taineosakesed peavad kokku p\u00f5rkama;\r\n\t<\/li>\r\n\t<li>\r\n\t\treageerivatel ainetel peab olema piisavalt energiat, et aatomite vahelised sidemed paigutuksid \u00fcmber ehk l\u00e4hteainetest tekiksid saadused.\r\n\t<\/li>\r\n<\/ol>\r\n\r\n<p>\r\n\tKeemilise reaktsiooni kiirust m\u00e4\u00e4ratakse selle j\u00e4rgi, kui kiiresti l\u00e4hteained \u00e4ra reageerivad v\u00f5i kui kiiresti tekivad saadused.\u00a0Selle jaoks, et keemilist reaktsiooni kiirendada, on mitmeid v\u00f5imalusi, n\u00e4iteks\r\n<\/p>\r\n\r\n<ul>\r\n\t<li>\r\n\t\ttemperatuur \u2013\u00a0mida k\u00f5rgem on temperatuur, seda kiirem on reaktsioon;\r\n\t<\/li>\r\n\t<li>\r\n\t\tlahuse kontsentratsioon (kangus) \u2013\u00a0mida suurema kontsentratsiooniga on reageeriv lahus, seda kiirem on reaktsioon;\r\n\t<\/li>\r\n\t<li>\r\n\t\ttahke aine peenestatus \u2013\u00a0mida suurem on tahke aine peenestusaste, seda kiirem on reaktsioon;\r\n\t<\/li>\r\n\t<li>\r\n\t\taine iseloom \u2013\u00a0n\u00e4iteks aktiivsemate metallidega toimuvad reaktsioonid kiiremini kui keskmiste v\u00f5i v\u00e4heaktiivsete metallidega;\r\n\t<\/li>\r\n\t<li>\r\n\t\tsegamine \u2013\u00a0segamine kiirendab reaktsiooni, kuna nii suureneb reageerivate ainete kokkup\u00f5rkamise t\u00f5en\u00e4osus;\r\n\t<\/li>\r\n\t<li>\r\n\t\tkatal\u00fcsaator \u2013\u00a0katal\u00fcsaatori kasutamine kiirendab reaktsiooni.\r\n\t<\/li>\r\n<\/ul>\r\n<div class=\"accordion mb-3\">\n        <div class=\"accordion-item accordion-item--white\">\n        <h2 class=\"accordion-header\" id=\"accordion-69dc6fcfa4f8f-heading\">\n            <button class=\"accordion-button collapsed\" type=\"button\" data-bs-toggle=\"collapse\" data-bs-target=\"#accordion-69dc6fcfa4f8f-collapse\" aria-expanded=\"true\" aria-controls=\"accordion-69dc6fcfa4f8f-collapse\">\u00dclesanne 1<\/button>\n        <\/h2>\n        <div id=\"accordion-69dc6fcfa4f8f-collapse\" class=\"accordion-collapse collapse\" aria-labelledby=\"accordion-69dc6fcfa4f8f-heading\">\n            <div class=\"accordion-body\"><div class=\"h5p-iframe-wrapper\"><div class=\"video-placeholder-wrapper video-placeholder-wrapper--fixed\" style=\"height: 366px;\">\n\t\t\t    <div class=\"video-placeholder d-flex justify-content-center align-items-center\">\n\t\t\t        <div class=\"overlay text-white p-2 w-100 text-center d-block justify-content-center align-items-center\">\n\t\t\t            <div>Kolmandate osapoolte sisu n\u00e4gemiseks palun n\u00f5ustu k\u00fcpsistega.<\/div>\n\t\t\t            <button class=\"btn btn-secondary btn-sm mt-1 consent-change\">Muuda n\u00f5usolekut<\/button>\n\t\t\t        <\/div>\n\t\t\t    <\/div>\n\t\t\t<\/div>\n<\/div><\/div>\n        <\/div>\n        <\/div>\n    <\/div>","protected":false},"excerpt":{"rendered":"<p>T\u00f6\u00f6stus ja t\u00e4nap\u00e4eva \u00fchiskond sooviksid, et reaktsioonid toimuksid v\u00f5imalikult kiiresti, sest aeg on raha.\u00a0Kuidas aga m\u00f5jutada keemilise reaktsiooni kiirust? Vastused peituvad j\u00e4rgnevas videos. Kolmandate osapoolte sisu n\u00e4gemiseks palun n\u00f5ustu k\u00fcpsistega. Muuda n\u00f5usolekut Allikas:\u00a0https:\/\/youtu.be\/E0MlY2Y7MQ0 Selleks, et keemiline reaktsioon saaks toimuda\u00a0ehk saaks &#8230;<\/p>\n","protected":false},"author":276,"featured_media":0,"parent":0,"menu_order":0,"comment_status":"closed","ping_status":"closed","template":"","meta":{"_acf_changed":false,"inline_featured_image":false,"footnotes":""},"class_list":["post-29","page","type-page","status-publish","hentry"],"acf":[],"_links":{"self":[{"href":"https:\/\/sisu.ut.ee\/keemiaabc\/wp-json\/wp\/v2\/pages\/29","targetHints":{"allow":["GET"]}}],"collection":[{"href":"https:\/\/sisu.ut.ee\/keemiaabc\/wp-json\/wp\/v2\/pages"}],"about":[{"href":"https:\/\/sisu.ut.ee\/keemiaabc\/wp-json\/wp\/v2\/types\/page"}],"author":[{"embeddable":true,"href":"https:\/\/sisu.ut.ee\/keemiaabc\/wp-json\/wp\/v2\/users\/276"}],"replies":[{"embeddable":true,"href":"https:\/\/sisu.ut.ee\/keemiaabc\/wp-json\/wp\/v2\/comments?post=29"}],"version-history":[{"count":3,"href":"https:\/\/sisu.ut.ee\/keemiaabc\/wp-json\/wp\/v2\/pages\/29\/revisions"}],"predecessor-version":[{"id":365,"href":"https:\/\/sisu.ut.ee\/keemiaabc\/wp-json\/wp\/v2\/pages\/29\/revisions\/365"}],"wp:attachment":[{"href":"https:\/\/sisu.ut.ee\/keemiaabc\/wp-json\/wp\/v2\/media?parent=29"}],"curies":[{"name":"wp","href":"https:\/\/api.w.org\/{rel}","templated":true}]}}