{"id":26,"date":"2024-04-04T07:50:45","date_gmt":"2024-04-04T04:50:45","guid":{"rendered":"https:\/\/sisu.ut.ee\/keemiaabc\/5-metallid\/"},"modified":"2024-04-04T07:51:45","modified_gmt":"2024-04-04T04:51:45","slug":"5-metallid","status":"publish","type":"page","link":"https:\/\/sisu.ut.ee\/keemiaabc\/5-metallid\/","title":{"rendered":"5. Metallid"},"content":{"rendered":"<p>\n\tMetallid \u00fcmbritsevad meid k\u00f5ikjal ning nendest valmistatakse nii konstruktsioonidetaile, ehteid kui ka tarbeesemeid. Selles peat\u00fckis tutvud metallide oluliste omaduste ning kasutusvaldkondadega. Saad teada, miks h\u00e4vivad metallid keskkonna toimel ja kuidas toimub redoksreaktsioon. Samuti oskad p\u00e4rast selle peat\u00fcki l\u00e4bimist selgitada, millest s\u00f5ltub keemilise reaktsiooni kiirus.<\/p>\n","protected":false},"excerpt":{"rendered":"<p>Metallid \u00fcmbritsevad meid k\u00f5ikjal ning nendest valmistatakse nii konstruktsioonidetaile, ehteid kui ka tarbeesemeid. Selles peat\u00fckis tutvud metallide oluliste omaduste ning kasutusvaldkondadega. Saad teada, miks h\u00e4vivad metallid keskkonna toimel ja kuidas toimub redoksreaktsioon. Samuti oskad p\u00e4rast selle peat\u00fcki l\u00e4bimist selgitada, millest &#8230;<\/p>\n","protected":false},"author":276,"featured_media":0,"parent":0,"menu_order":0,"comment_status":"closed","ping_status":"closed","template":"","meta":{"_acf_changed":false,"inline_featured_image":false,"footnotes":""},"class_list":["post-26","page","type-page","status-publish","hentry"],"acf":[],"_links":{"self":[{"href":"https:\/\/sisu.ut.ee\/keemiaabc\/wp-json\/wp\/v2\/pages\/26","targetHints":{"allow":["GET"]}}],"collection":[{"href":"https:\/\/sisu.ut.ee\/keemiaabc\/wp-json\/wp\/v2\/pages"}],"about":[{"href":"https:\/\/sisu.ut.ee\/keemiaabc\/wp-json\/wp\/v2\/types\/page"}],"author":[{"embeddable":true,"href":"https:\/\/sisu.ut.ee\/keemiaabc\/wp-json\/wp\/v2\/users\/276"}],"replies":[{"embeddable":true,"href":"https:\/\/sisu.ut.ee\/keemiaabc\/wp-json\/wp\/v2\/comments?post=26"}],"version-history":[{"count":1,"href":"https:\/\/sisu.ut.ee\/keemiaabc\/wp-json\/wp\/v2\/pages\/26\/revisions"}],"predecessor-version":[{"id":219,"href":"https:\/\/sisu.ut.ee\/keemiaabc\/wp-json\/wp\/v2\/pages\/26\/revisions\/219"}],"wp:attachment":[{"href":"https:\/\/sisu.ut.ee\/keemiaabc\/wp-json\/wp\/v2\/media?parent=26"}],"curies":[{"name":"wp","href":"https:\/\/api.w.org\/{rel}","templated":true}]}}