{"id":23,"date":"2024-04-04T07:50:45","date_gmt":"2024-04-04T04:50:45","guid":{"rendered":"https:\/\/sisu.ut.ee\/keemiaabc\/avaleht\/"},"modified":"2026-01-12T21:07:49","modified_gmt":"2026-01-12T19:07:49","slug":"avaleht","status":"publish","type":"page","link":"https:\/\/sisu.ut.ee\/keemiaabc\/","title":{"rendered":"Avaleht"},"content":{"rendered":"<p style=\"text-align: center;\"><\/p><div class=\"ratio ratio-16x9 mb-3\"><div class=\"video-placeholder-wrapper video-placeholder-wrapper--16x9\">\n\t\t\t    <div class=\"video-placeholder d-flex justify-content-center align-items-center\">\n\t\t\t        <div class=\"overlay text-white p-2 w-100 text-center d-block justify-content-center align-items-center\">\n\t\t\t            <div>Kolmandate osapoolte sisu n\u00e4gemiseks palun n\u00f5ustu k\u00fcpsistega.<\/div>\n\t\t\t            <button class=\"btn btn-secondary btn-sm mt-1 consent-change\">Muuda n\u00f5usolekut<\/button>\n\t\t\t        <\/div>\n\t\t\t    <\/div>\n\t\t\t<\/div>\n<\/div>\n<p>Hei-hei!<\/p>\n<p>Kas soovid korrata p\u00f5hikooli keemia l\u00f5pueksamiks? V\u00f5i vajab m\u00f5ni keemia tunnis k\u00e4sitletud teema rohkem t\u00e4helepanu? Oled juba keemiahuviline, kuid koolis seda veel ei \u00f5pi? Oled t\u00e4pselt \u00f5iges kohas!<\/p>\n<p>Sul on v\u00f5imalus registreeruda e-kursusele ja l\u00e4bida see t\u00e4ies mahus. Lisaks s\u00fcstemaatilisele ja koordineeritud \u00f5ppet\u00f6\u00f6le saad igal n\u00e4dalal toimuvatel veebikohtumistel k\u00fcsida \u00f5ppej\u00f5ududelt vastused Sind huvitavatele k\u00fcsimustele.<\/p>\n<p>Kursuse \u00f5ppematerjale saad kasutada ka iseseisvaks \u00f5ppimiseks ning endale sobivas tempos huvipakkuvad teemad \u00fcle korrata.<\/p>\n<h5 style=\"text-align: center;\">Kursus toimub veebis 1.03-17.05.2026<br>\n<a href=\"https:\/\/ois2.ut.ee\/#\/trainings\/LTKT.TK.013\/version\/2a1d985b-775a-c10a-4f23-5b68e03b4fe1\/details\">Registreeri kursusele!<\/a><\/h5>\n<p>Sellel kursusel k\u00e4sitleme p\u00f5hikooli keemia ainekava teemasid. L\u00e4bime kaheksast teemast koosneva ts\u00fckli, mille v\u00e4ltel proovime Sulle anda v\u00f5imalikult head baasteadmised keemiast. Sellest ka kursuse nimetus: \u201cKeemia ABC\u201d.<\/p>\n<p>Sellel kursusel<\/p>\n<ul>\n<li>saad teada millega keemia kui teadus tegeleb;<\/li>\n<li>\u00f5pid selgeks keemia keele;<\/li>\n<li>\u00f5pid tundma anorgaanilise keemia aineklasse ja nendevahelisi seoseid;<\/li>\n<li>teostad nii lahuse koostise kui ka molaararvutusi;<\/li>\n<li>saad selgeks erinevad keemiliste reaktsioonide t\u00fc\u00fcbid, sealhulgas redoksreaktsioonid;<\/li>\n<li>tutvud orgaanilise keemia maailmaga ja \u00f5pid tundma selle lihtsamaid \u00fchendeid:\u00a0s\u00fcsivesinikke, alkohole ja karboks\u00fc\u00fclhappeid;<\/li>\n<li>saad \u00fclevaate keemia ja meie elukeskkonna seostest ning oskad hinnata inimtegevuse m\u00f5ju\u00a0keskkonnale.<\/li>\n<\/ul>\n<p>Teemade algusest leiad \u00f5ppevideod, milles peituvad tekstina kirja pandud teadmised, aga ka pisikesed nipid ja trikid. Seega saad ise valida, kas Sulle sobib rohkem materjali l\u00e4bi t\u00f6\u00f6tada videot vaadates v\u00f5i teksti lugedes. Iga teema juures leiad \u00fclesanded, millega saad oma teadmisi ja materjalist arusaamist kontrollida.<\/p>\n<p>8-n\u00e4dalane <a title=\"\" href=\"https:\/\/moodle.ut.ee\/course\/view.php?id=11989\" target=\"_blank\" rel=\"noopener\" data-url=\"https:\/\/moodle.ut.ee\/course\/view.php?id=11989\">e-kursus <\/a><a title=\"\" href=\"https:\/\/moodle.ut.ee\/course\/view.php?id=11989\" target=\"_blank\" rel=\"noopener\" data-url=\"https:\/\/moodle.ut.ee\/course\/view.php?id=11989\">Moodle\u2019is<\/a> on jagatud teemadeks, iga teema korral toimub veebitund ning on vaja sooritada kokkuv\u00f5tlik test. Kursuse maht on 2 EAP ehk 52\u00a0tundi t\u00f6\u00f6d. Kuna sinna sisse on arvestatud iga n\u00e4dal 1,5-tunnine veebitund ning kokkuv\u00f5tliku testi sooritamise aeg, peaksid t\u00e4iendavalt igal n\u00e4dalal planeerima \u00f5ppimiseks umbes 4 tundi Sulle sobival ajal.<\/p>\n<p>Kui sooritad k\u00f5ik kursuse \u201cKeemia ABC\u201d kokkuv\u00f5tlikud testid edukalt (v\u00e4hemalt 75%), siis soovime Sulle palju \u00f5nne Tartu \u00dclikooli digitunnistusega ning loodame, et said sellelt kursuselt palju kasulikke teadmisi.<\/p>\n<p>Kursuse on Sinu jaoks valmis meisterdanud kaks keemia\u00f5petajat:\u00a0Anneli ja Joana J\u00f5gela. Anneli on juba \u00fcle 20 aasta \u00f5petanud \u00fcldhariduskoolides keemiat, f\u00fc\u00fcsikat ja loodus\u00f5petust. Joana tegeleb aktiivselt keemia populariseerimisega ja \u00f5petab Tartu \u00dclikoolis tulevasi keemia\u00f5petajaid. Nad m\u00f5lemad on \u00f5ppej\u00f5ud\u00a0Tartu \u00dclikooli teaduskooli \u201cPraktilise kodukeemia\u201d\u00a0e-kursustel. \u00d5ppematerjalide ja e-kursuse koostamisel abistas tehniliselt Tartu \u00dclikooli \u00f5ppeosakonna elukestva \u00f5ppe keskus.<\/p>\n<p>Kursuse \u00f5ppematerjalide loomist toetas Haridus- ja Teadusministeerium.<\/p>\n<p>N\u00fc\u00fcd aga \u2013 m\u00f5nusat \u00f5ppimist!<\/p>\n","protected":false},"excerpt":{"rendered":"<p>Kolmandate osapoolte sisu n\u00e4gemiseks palun n\u00f5ustu k\u00fcpsistega. Muuda n\u00f5usolekut Hei-hei! Kas soovid korrata p\u00f5hikooli keemia l\u00f5pueksamiks? V\u00f5i vajab m\u00f5ni keemia tunnis k\u00e4sitletud teema rohkem t\u00e4helepanu? Oled juba keemiahuviline, kuid koolis seda veel ei \u00f5pi? Oled t\u00e4pselt \u00f5iges kohas! Sul on &#8230;<\/p>\n","protected":false},"author":276,"featured_media":0,"parent":0,"menu_order":0,"comment_status":"closed","ping_status":"closed","template":"","meta":{"_acf_changed":false,"inline_featured_image":false,"footnotes":""},"class_list":["post-23","page","type-page","status-publish","hentry"],"acf":[],"_links":{"self":[{"href":"https:\/\/sisu.ut.ee\/keemiaabc\/wp-json\/wp\/v2\/pages\/23","targetHints":{"allow":["GET"]}}],"collection":[{"href":"https:\/\/sisu.ut.ee\/keemiaabc\/wp-json\/wp\/v2\/pages"}],"about":[{"href":"https:\/\/sisu.ut.ee\/keemiaabc\/wp-json\/wp\/v2\/types\/page"}],"author":[{"embeddable":true,"href":"https:\/\/sisu.ut.ee\/keemiaabc\/wp-json\/wp\/v2\/users\/276"}],"replies":[{"embeddable":true,"href":"https:\/\/sisu.ut.ee\/keemiaabc\/wp-json\/wp\/v2\/comments?post=23"}],"version-history":[{"count":7,"href":"https:\/\/sisu.ut.ee\/keemiaabc\/wp-json\/wp\/v2\/pages\/23\/revisions"}],"predecessor-version":[{"id":651,"href":"https:\/\/sisu.ut.ee\/keemiaabc\/wp-json\/wp\/v2\/pages\/23\/revisions\/651"}],"wp:attachment":[{"href":"https:\/\/sisu.ut.ee\/keemiaabc\/wp-json\/wp\/v2\/media?parent=23"}],"curies":[{"name":"wp","href":"https:\/\/api.w.org\/{rel}","templated":true}]}}