{"id":18,"date":"2024-04-04T07:50:45","date_gmt":"2024-04-04T04:50:45","guid":{"rendered":"https:\/\/sisu.ut.ee\/keemiaabc\/4-lahused\/"},"modified":"2024-04-04T07:51:45","modified_gmt":"2024-04-04T04:51:45","slug":"4-lahused","status":"publish","type":"page","link":"https:\/\/sisu.ut.ee\/keemiaabc\/4-lahused\/","title":{"rendered":"4. Lahused"},"content":{"rendered":"<p>Selle peat\u00fcki l\u00e4bimise j\u00e4rel oskad anal\u00fc\u00fcsida erinevaid lahuseid ning eristada lahuseid pihuss\u00fcsteemidest. Samuti tegeled mitmete arvutus\u00fclesannetega, mis k\u00e4sitlevad lahuse protsendilist koostist, tiheduse arvestamist arvutamisel ning tutvud lahustuvgraafikute ja sealt leitava informatsiooniga.<\/p>\n","protected":false},"excerpt":{"rendered":"<p>Selle peat\u00fcki l\u00e4bimise j\u00e4rel oskad anal\u00fc\u00fcsida erinevaid lahuseid ning eristada lahuseid pihuss\u00fcsteemidest. Samuti tegeled mitmete arvutus\u00fclesannetega, mis k\u00e4sitlevad lahuse protsendilist koostist, tiheduse arvestamist arvutamisel ning tutvud lahustuvgraafikute ja sealt leitava informatsiooniga.<\/p>\n","protected":false},"author":276,"featured_media":0,"parent":0,"menu_order":0,"comment_status":"closed","ping_status":"closed","template":"","meta":{"_acf_changed":false,"inline_featured_image":false,"footnotes":""},"class_list":["post-18","page","type-page","status-publish","hentry"],"acf":[],"_links":{"self":[{"href":"https:\/\/sisu.ut.ee\/keemiaabc\/wp-json\/wp\/v2\/pages\/18","targetHints":{"allow":["GET"]}}],"collection":[{"href":"https:\/\/sisu.ut.ee\/keemiaabc\/wp-json\/wp\/v2\/pages"}],"about":[{"href":"https:\/\/sisu.ut.ee\/keemiaabc\/wp-json\/wp\/v2\/types\/page"}],"author":[{"embeddable":true,"href":"https:\/\/sisu.ut.ee\/keemiaabc\/wp-json\/wp\/v2\/users\/276"}],"replies":[{"embeddable":true,"href":"https:\/\/sisu.ut.ee\/keemiaabc\/wp-json\/wp\/v2\/comments?post=18"}],"version-history":[{"count":1,"href":"https:\/\/sisu.ut.ee\/keemiaabc\/wp-json\/wp\/v2\/pages\/18\/revisions"}],"predecessor-version":[{"id":227,"href":"https:\/\/sisu.ut.ee\/keemiaabc\/wp-json\/wp\/v2\/pages\/18\/revisions\/227"}],"wp:attachment":[{"href":"https:\/\/sisu.ut.ee\/keemiaabc\/wp-json\/wp\/v2\/media?parent=18"}],"curies":[{"name":"wp","href":"https:\/\/api.w.org\/{rel}","templated":true}]}}