{"id":99,"date":"2024-04-04T05:03:30","date_gmt":"2024-04-04T02:03:30","guid":{"rendered":"https:\/\/sisu.ut.ee\/keeleylesanded\/inglise-sonadele-eesti-vaste-i\/"},"modified":"2024-11-28T23:31:30","modified_gmt":"2024-11-28T21:31:30","slug":"inglise-sonadele-eesti-vaste-i","status":"publish","type":"page","link":"https:\/\/sisu.ut.ee\/keeleylesanded\/inglise-sonadele-eesti-vaste-i\/","title":{"rendered":"Inglise s\u00f5nadele eesti vaste (I)"},"content":{"rendered":"<p><strong>Asenda inglise tsitaats\u00f5nad ja v\u00e4ljendid eesti vastetega.<\/strong><\/p>\n<ol>\n<li>J\u00e4lgisime huviga Urmas Oti\u00a0<em>talk-show<\/em>\u2019d.<\/li>\n<li>Neiu elust kujunes t\u00f5eline\u00a0<em>American dream.<\/em><\/li>\n<li>V\u00f5iduv\u00f5imalus oli neil\u00a0<em>fifty-fifty.<\/em><\/li>\n<li>Noored tutvusid Tartu rattamaratoni\u00a0<em>after-party<\/em>\u2018l.<\/li>\n<li>Naise ainus hobi oli\u00a0<em>shopping<\/em>.<\/li>\n<li>Seminari raames sai osaled mitmel\u00a0<em>workshop<\/em>\u2019il.<\/li>\n<li>Kuigi esineja k\u00f5ne oli t\u00e4is\u00a0<em>power<\/em>\u2019it, puudus ta jutus v\u00e4himgi\u00a0<em>point.<\/em><\/li>\n<li>Kell 14\u201315 on pubis\u00a0<em>happy hour.<\/em><\/li>\n<li>Uuel hooajal on moes pisut vambilik\u00a0<em>look.<\/em><\/li>\n<li>Ostsime grillipeo jaoks varud\u00a0<em>cash and carry<\/em>\u2018st.<\/li>\n<li>Sain suveks t\u00f6\u00f6d kiirtoidurestorani<i>\u00a0drive-in<\/i>\u00a0m\u00fc\u00fcgis.<\/li>\n<li>Kirjaga oli kaasas kahtlane\u00a0<em>attachment.<\/em><\/li>\n<li>T\u00fcdruk kandis miniseelikut ja liibuvat roosat\u00a0<em>body.<\/em><\/li>\n<li>Polegi nii kerge olla\u00a0<em>outsider.<\/em><\/li>\n<\/ol>\n<p><em>2004<\/em><\/p>\n<p>keskmine<\/p>\n<p>l\u00f5ppvoor<\/p>\n<p><a href=\"https:\/\/sisu.ut.ee\/keeleylesanded\/inglise-sonadele-eesti-vaste-i-vastus\/\">Vastus<\/a><\/p>\n","protected":false},"excerpt":{"rendered":"<p>Asenda inglise tsitaats\u00f5nad ja v\u00e4ljendid eesti vastetega. J\u00e4lgisime huviga Urmas Oti\u00a0talk-show\u2019d. Neiu elust kujunes t\u00f5eline\u00a0American dream. V\u00f5iduv\u00f5imalus oli neil\u00a0fifty-fifty. Noored tutvusid Tartu rattamaratoni\u00a0after-party\u2018l. Naise ainus hobi oli\u00a0shopping. Seminari raames sai osaled mitmel\u00a0workshop\u2019il. Kuigi esineja k\u00f5ne oli t\u00e4is\u00a0power\u2019it, puudus ta jutus &#8230;<\/p>\n","protected":false},"author":185,"featured_media":0,"parent":0,"menu_order":0,"comment_status":"closed","ping_status":"closed","template":"","meta":{"_acf_changed":false,"inline_featured_image":false,"footnotes":""},"class_list":["post-99","page","type-page","status-publish","hentry"],"acf":[],"_links":{"self":[{"href":"https:\/\/sisu.ut.ee\/keeleylesanded\/wp-json\/wp\/v2\/pages\/99","targetHints":{"allow":["GET"]}}],"collection":[{"href":"https:\/\/sisu.ut.ee\/keeleylesanded\/wp-json\/wp\/v2\/pages"}],"about":[{"href":"https:\/\/sisu.ut.ee\/keeleylesanded\/wp-json\/wp\/v2\/types\/page"}],"author":[{"embeddable":true,"href":"https:\/\/sisu.ut.ee\/keeleylesanded\/wp-json\/wp\/v2\/users\/185"}],"replies":[{"embeddable":true,"href":"https:\/\/sisu.ut.ee\/keeleylesanded\/wp-json\/wp\/v2\/comments?post=99"}],"version-history":[{"count":2,"href":"https:\/\/sisu.ut.ee\/keeleylesanded\/wp-json\/wp\/v2\/pages\/99\/revisions"}],"predecessor-version":[{"id":1838,"href":"https:\/\/sisu.ut.ee\/keeleylesanded\/wp-json\/wp\/v2\/pages\/99\/revisions\/1838"}],"wp:attachment":[{"href":"https:\/\/sisu.ut.ee\/keeleylesanded\/wp-json\/wp\/v2\/media?parent=99"}],"curies":[{"name":"wp","href":"https:\/\/api.w.org\/{rel}","templated":true}]}}