{"id":98,"date":"2024-04-04T05:03:30","date_gmt":"2024-04-04T02:03:30","guid":{"rendered":"https:\/\/sisu.ut.ee\/keeleylesanded\/komad-0\/"},"modified":"2024-11-29T10:21:22","modified_gmt":"2024-11-29T08:21:22","slug":"komad-0","status":"publish","type":"page","link":"https:\/\/sisu.ut.ee\/keeleylesanded\/komad-0\/","title":{"rendered":"Komad"},"content":{"rendered":"<p><b><span style=\"line-height: 107%;\">Lisa lausetesse komad ja kirjuta joonele, kas tegu on koondlause, rindlause v\u00f5i p\u00f5imlausega. T\u00f5mba joon alla k\u00f5rvallausetele.<\/span><\/b><\/p>\n<p><span style=\"line-height: 150%;\"><span style=\"line-height: 150%;\">1. Viimase k\u00fcmnendi jooksul aset leidnud v\u00e4ljar\u00e4nde k\u00e4igus on v\u00e4lismaale elama asunud hulgaliselt Eestist p\u00e4rit inimesi kelle seas on ka palju noori ja lapsi. _______________________________<\/span><\/span><\/p>\n<p><span style=\"line-height: 150%;\"><span style=\"line-height: 150%;\">2. Kuna Eestisse tagasip\u00f6\u00f6rdumine on viimastel aastatel suurenenud on oluline tagada v\u00e4lismaal elavatele rahvuskaaslastele ja nende j\u00e4reltulijatele mitmekesised v\u00f5imalused eesti keele \u00f5ppeks sest emakeeleoskus on \u00fcks v\u00f5tme-eeldusi Eestisse tagasip\u00f6\u00f6rdumisel \u00f5pingute j\u00e4tkamisel Eesti hariduss\u00fcsteemis ning eesti kultuuriruumis tegutsemisel. _______________________________<\/span><\/span><\/p>\n<p><span style=\"line-height: 150%;\"><span style=\"line-height: 150%;\">3. Rahvuskaaslastele suunatud \u00f5ppe peamisteks probleemideks on eesti keele \u00f5petajate leidmine v\u00e4lismaal \u00f5ppele ligip\u00e4\u00e4setavus (enamjaolt asuvad \u00f5petuskohad keskustes) ja eesti keele \u00f5ppe madal v\u00e4\u00e4rtustamine. ______________________________________ <\/span><\/span><\/p>\n<p><span style=\"line-height: 150%;\"><span style=\"line-height: 150%;\">4. Eesti keele \u00f5ppimine v\u00e4lismaal oleku ajal muudab lapse suhtumist Eestisse positiivselt ning annab tulevikus v\u00f5imaluse Eestisse \u00f5ppima t\u00f6\u00f6tama v\u00f5i elama minna. ____________________________<\/span><\/span><\/p>\n<p><span style=\"line-height: 150%;\"><span style=\"line-height: 150%;\">2018<\/span><\/span><\/p>\n<p><span style=\"line-height: 150%;\"><span style=\"line-height: 150%;\">noorem\u00a0<\/span><\/span><\/p>\n<p><span style=\"line-height: 150%;\"><span style=\"line-height: 150%;\">piirkonnavoor<\/span><\/span><\/p>\n<p><a href=\"https:\/\/sisu.ut.ee\/keeleylesanded\/komad-vastus\/\">Vastus<\/a><\/p>\n","protected":false},"excerpt":{"rendered":"<p>Lisa lausetesse komad ja kirjuta joonele, kas tegu on koondlause, rindlause v\u00f5i p\u00f5imlausega. T\u00f5mba joon alla k\u00f5rvallausetele. 1. Viimase k\u00fcmnendi jooksul aset leidnud v\u00e4ljar\u00e4nde k\u00e4igus on v\u00e4lismaale elama asunud hulgaliselt Eestist p\u00e4rit inimesi kelle seas on ka palju noori ja &#8230;<\/p>\n","protected":false},"author":185,"featured_media":0,"parent":0,"menu_order":0,"comment_status":"closed","ping_status":"closed","template":"","meta":{"_acf_changed":false,"inline_featured_image":false,"footnotes":""},"class_list":["post-98","page","type-page","status-publish","hentry"],"acf":[],"_links":{"self":[{"href":"https:\/\/sisu.ut.ee\/keeleylesanded\/wp-json\/wp\/v2\/pages\/98","targetHints":{"allow":["GET"]}}],"collection":[{"href":"https:\/\/sisu.ut.ee\/keeleylesanded\/wp-json\/wp\/v2\/pages"}],"about":[{"href":"https:\/\/sisu.ut.ee\/keeleylesanded\/wp-json\/wp\/v2\/types\/page"}],"author":[{"embeddable":true,"href":"https:\/\/sisu.ut.ee\/keeleylesanded\/wp-json\/wp\/v2\/users\/185"}],"replies":[{"embeddable":true,"href":"https:\/\/sisu.ut.ee\/keeleylesanded\/wp-json\/wp\/v2\/comments?post=98"}],"version-history":[{"count":2,"href":"https:\/\/sisu.ut.ee\/keeleylesanded\/wp-json\/wp\/v2\/pages\/98\/revisions"}],"predecessor-version":[{"id":1864,"href":"https:\/\/sisu.ut.ee\/keeleylesanded\/wp-json\/wp\/v2\/pages\/98\/revisions\/1864"}],"wp:attachment":[{"href":"https:\/\/sisu.ut.ee\/keeleylesanded\/wp-json\/wp\/v2\/media?parent=98"}],"curies":[{"name":"wp","href":"https:\/\/api.w.org\/{rel}","templated":true}]}}