{"id":95,"date":"2024-04-04T05:03:29","date_gmt":"2024-04-04T02:03:29","guid":{"rendered":"https:\/\/sisu.ut.ee\/keeleylesanded\/eurovanasonad-ii\/"},"modified":"2024-11-28T23:20:52","modified_gmt":"2024-11-28T21:20:52","slug":"eurovanasonad-ii","status":"publish","type":"page","link":"https:\/\/sisu.ut.ee\/keeleylesanded\/eurovanasonad-ii\/","title":{"rendered":"Eurovanas\u00f5nad (II)"},"content":{"rendered":"<p><strong>Mis vanas\u00f5nadega on siin tegemist?<\/strong><\/p>\n<ol>\n<li style=\"text-align: justify;\">Laialdasemaid teadmisi ja p\u00e4devusi eviv persoon suudab saavutada igas etteantud situatsioonis reaalpoliitiliselt aktsepteeritava kompromissi.<\/li>\n<li style=\"text-align: justify;\">Kui Tom ei omanda n\u00f5utavaid p\u00e4devusi nominaalse \u00f5ppeperioodi jooksul, puuduvad Thomasel t\u00f6\u00f6turul eduka toimetuleku sotsiaalsed ja isiksuslikud eeldused.<\/li>\n<li style=\"text-align: justify;\">Konreetse regiooni majanduslikult konkurentsiv\u00f5imetu inimkontingendi f\u00fcsioloogilise energiavajaduse rahuldamise probleem kuulub kohaliku omavalitsuse haldusalasse.<\/li>\n<li style=\"text-align: justify;\">Tulemustasu summad finantsiline suurus kujundatakse vastavuses t\u00f6\u00f6taja t\u00f6\u00f6operatsioonides osalemise individuaalse innovatiivse panuse personaalse resultatiivsusega.<\/li>\n<\/ol>\n<p style=\"text-align: justify;\">2004<\/p>\n<p style=\"text-align: justify;\">keskmine<\/p>\n<p style=\"text-align: justify;\">l\u00f5ppvoor<\/p>\n<p><a href=\"https:\/\/sisu.ut.ee\/keeleylesanded\/eurovanasonad-ii-vastus\/\">Vastus<\/a><\/p>\n","protected":false},"excerpt":{"rendered":"<p>Mis vanas\u00f5nadega on siin tegemist? Laialdasemaid teadmisi ja p\u00e4devusi eviv persoon suudab saavutada igas etteantud situatsioonis reaalpoliitiliselt aktsepteeritava kompromissi. Kui Tom ei omanda n\u00f5utavaid p\u00e4devusi nominaalse \u00f5ppeperioodi jooksul, puuduvad Thomasel t\u00f6\u00f6turul eduka toimetuleku sotsiaalsed ja isiksuslikud eeldused. Konreetse regiooni majanduslikult &#8230;<\/p>\n","protected":false},"author":185,"featured_media":0,"parent":0,"menu_order":0,"comment_status":"closed","ping_status":"closed","template":"","meta":{"_acf_changed":false,"inline_featured_image":false,"footnotes":""},"class_list":["post-95","page","type-page","status-publish","hentry"],"acf":[],"_links":{"self":[{"href":"https:\/\/sisu.ut.ee\/keeleylesanded\/wp-json\/wp\/v2\/pages\/95","targetHints":{"allow":["GET"]}}],"collection":[{"href":"https:\/\/sisu.ut.ee\/keeleylesanded\/wp-json\/wp\/v2\/pages"}],"about":[{"href":"https:\/\/sisu.ut.ee\/keeleylesanded\/wp-json\/wp\/v2\/types\/page"}],"author":[{"embeddable":true,"href":"https:\/\/sisu.ut.ee\/keeleylesanded\/wp-json\/wp\/v2\/users\/185"}],"replies":[{"embeddable":true,"href":"https:\/\/sisu.ut.ee\/keeleylesanded\/wp-json\/wp\/v2\/comments?post=95"}],"version-history":[{"count":2,"href":"https:\/\/sisu.ut.ee\/keeleylesanded\/wp-json\/wp\/v2\/pages\/95\/revisions"}],"predecessor-version":[{"id":1827,"href":"https:\/\/sisu.ut.ee\/keeleylesanded\/wp-json\/wp\/v2\/pages\/95\/revisions\/1827"}],"wp:attachment":[{"href":"https:\/\/sisu.ut.ee\/keeleylesanded\/wp-json\/wp\/v2\/media?parent=95"}],"curies":[{"name":"wp","href":"https:\/\/api.w.org\/{rel}","templated":true}]}}