{"id":94,"date":"2024-04-04T05:03:29","date_gmt":"2024-04-04T02:03:29","guid":{"rendered":"https:\/\/sisu.ut.ee\/keeleylesanded\/taienda-sonaperet\/"},"modified":"2024-11-29T12:58:33","modified_gmt":"2024-11-29T10:58:33","slug":"taienda-sonaperet","status":"publish","type":"page","link":"https:\/\/sisu.ut.ee\/keeleylesanded\/taienda-sonaperet\/","title":{"rendered":"T\u00e4ienda s\u00f5naperet"},"content":{"rendered":"<p><strong>Alllpool on l\u00fchendatud v\u00e4ljav\u00f5te Silvi Vare teosest \u201cEesti keele sonapered\u201d. Iga s\u00f5napere keskmes on peas\u00f5na, mille t\u00fcvi kordub k\u00f5igis \u00fclej\u00e4\u00e4nud liikmetes. S\u00f5napere liikmed on jagatud moodustusviisi j\u00e4rgi nelja r\u00fchma: tuletised, liits\u00f5nad, \u00fchendituletised, \u00fchendid. t\u00e4ienda j\u00e4rgnevat s\u00f5naperet, kirjutades igale punktiirjoonele vastavassse r\u00fchma struktuurilt ja sulgudes t\u00e4psustatud s\u00f5naliigilt sobiv s\u00f5na. Alustuseks kirjuta joonise keskele s\u00f5napere peas\u00f5na. L\u00f5puks vasta joonise kahele k\u00fcsimusele.<\/strong><\/p>\n<div class=\"O0\" style=\"margin-top: 0pt; margin-bottom: 0pt; margin-left: .38in;\">a) Nimeta peas\u00f5na homon\u00fc\u00fcm. Seleta selle t\u00e4hendust.<\/div>\n<div class=\"O0\" style=\"margin-top: 0pt; margin-bottom: 0pt; margin-left: .38in;\">\u00a0 \u00a0 \u00a0\u2026\u2026\u2026\u2026\u2026\u2026\u2026\u2026\u2026\u2026\u2026\u2026\u2026\u2026\u2026\u2026\u2026\u2026\u2026\u2026\u2026\u2026\u2026\u2026\u2026\u2026\u2026\u2026\u2026\u2026\u2026\u2026\u2026\u2026\u2026\u2026\u2026\u2026\u2026\u2026\u2026\u2026\u2026\u2026\u2026\u2026\u2026\u2026\u2026\u2026\u2026\u2026\u2026\u2026\u2026\u2026\u2026\u2026\u2026\u2026\u2026\u2026\u2026\u2026\u2026.<\/div>\n<div class=\"O0\" style=\"margin-top: 0pt; margin-bottom: 0pt; margin-left: .38in;\">b)\u00a0 Kirjuta peas\u00f5na kaks s\u00fcnon\u00fc\u00fcmi.<\/div>\n<div class=\"O0\" style=\"margin-top: 0pt; margin-bottom: 0pt; margin-left: .38in;\">\u00a0 \u00a0 \u00a0\u2026\u2026\u2026\u2026\u2026\u2026\u2026\u2026\u2026\u2026\u2026\u2026\u2026\u2026\u2026\u2026\u2026\u2026\u2026\u2026\u2026\u2026\u2026\u2026\u2026\u2026\u2026\u2026\u2026\u2026\u2026\u2026\u2026\u2026\u2026\u2026\u2026\u2026\u2026\u2026\u2026\u2026\u2026\u2026\u2026\u2026\u2026\u2026\u2026\u2026\u2026\u2026\u2026\u2026\u2026\u2026\u2026\u2026\u2026\u2026\u2026\u2026\u2026\u2026..<\/div>\n<div class=\"O0\" style=\"margin-top: 0pt; margin-bottom: 0pt; margin-left: .38in;\">\u00a0 \u00a0\u00a0 \u2026\u2026\u2026\u2026\u2026\u2026\u2026\u2026\u2026\u2026\u2026\u2026\u2026\u2026\u2026\u2026\u2026\u2026\u2026\u2026\u2026\u2026\u2026\u2026\u2026\u2026\u2026\u2026\u2026\u2026\u2026\u2026\u2026\u2026\u2026\u2026\u2026\u2026\u2026\u2026\u2026\u2026\u2026\u2026\u2026\u2026\u2026\u2026\u2026\u2026\u2026\u2026\u2026\u2026\u2026\u2026\u2026\u2026\u2026\u2026\u2026\u2026\u2026\u2026..<\/div>\n<p><img loading=\"lazy\" decoding=\"async\" width=\"1654\" height=\"2339\" class=\"alignnone wp-image-535\" title=\"S\u00f5napere\" src=\"https:\/\/sisu.ut.ee\/wp-content\/uploads\/sites\/354\/s6naperede_skeem-1.png\" alt=\"S\u00f5napere\" srcset=\"https:\/\/sisu.ut.ee\/wp-content\/uploads\/sites\/354\/s6naperede_skeem-1.png 1654w, https:\/\/sisu.ut.ee\/wp-content\/uploads\/sites\/354\/s6naperede_skeem-1-212x300.png 212w, https:\/\/sisu.ut.ee\/wp-content\/uploads\/sites\/354\/s6naperede_skeem-1-724x1024.png 724w, https:\/\/sisu.ut.ee\/wp-content\/uploads\/sites\/354\/s6naperede_skeem-1-768x1086.png 768w, https:\/\/sisu.ut.ee\/wp-content\/uploads\/sites\/354\/s6naperede_skeem-1-1086x1536.png 1086w, https:\/\/sisu.ut.ee\/wp-content\/uploads\/sites\/354\/s6naperede_skeem-1-1448x2048.png 1448w\" sizes=\"auto, (max-width: 1654px) 100vw, 1654px\"><\/p>\n<div class=\"O0\" style=\"margin-top: 0pt; margin-bottom: 0pt; margin-left: .38in;\"><\/div>\n<div class=\"O0\" style=\"margin-top: 0pt; margin-bottom: 0pt; margin-left: .38in;\"><\/div>\n<div class=\"O0\" style=\"margin-top: 0pt; margin-bottom: 0pt; margin-left: .38in;\">2014<\/div>\n<div class=\"O0\" style=\"margin-top: 0pt; margin-bottom: 0pt; margin-left: .38in;\">vanem, keskmine<\/div>\n<div class=\"O0\" style=\"margin-top: 0pt; margin-bottom: 0pt; margin-left: .38in;\">l\u00f5ppvoor<\/div>\n<div><\/div>\n<div><a href=\"https:\/\/sisu.ut.ee\/keeleylesanded\/taienda-sonaperet-vastus\/\">Vastus<\/a><\/div>\n","protected":false},"excerpt":{"rendered":"<p>Alllpool on l\u00fchendatud v\u00e4ljav\u00f5te Silvi Vare teosest \u201cEesti keele sonapered\u201d. Iga s\u00f5napere keskmes on peas\u00f5na, mille t\u00fcvi kordub k\u00f5igis \u00fclej\u00e4\u00e4nud liikmetes. S\u00f5napere liikmed on jagatud moodustusviisi j\u00e4rgi nelja r\u00fchma: tuletised, liits\u00f5nad, \u00fchendituletised, \u00fchendid. t\u00e4ienda j\u00e4rgnevat s\u00f5naperet, kirjutades igale punktiirjoonele vastavassse &#8230;<\/p>\n","protected":false},"author":185,"featured_media":0,"parent":0,"menu_order":0,"comment_status":"closed","ping_status":"closed","template":"","meta":{"_acf_changed":false,"inline_featured_image":false,"footnotes":""},"class_list":["post-94","page","type-page","status-publish","hentry"],"acf":[],"_links":{"self":[{"href":"https:\/\/sisu.ut.ee\/keeleylesanded\/wp-json\/wp\/v2\/pages\/94","targetHints":{"allow":["GET"]}}],"collection":[{"href":"https:\/\/sisu.ut.ee\/keeleylesanded\/wp-json\/wp\/v2\/pages"}],"about":[{"href":"https:\/\/sisu.ut.ee\/keeleylesanded\/wp-json\/wp\/v2\/types\/page"}],"author":[{"embeddable":true,"href":"https:\/\/sisu.ut.ee\/keeleylesanded\/wp-json\/wp\/v2\/users\/185"}],"replies":[{"embeddable":true,"href":"https:\/\/sisu.ut.ee\/keeleylesanded\/wp-json\/wp\/v2\/comments?post=94"}],"version-history":[{"count":2,"href":"https:\/\/sisu.ut.ee\/keeleylesanded\/wp-json\/wp\/v2\/pages\/94\/revisions"}],"predecessor-version":[{"id":1995,"href":"https:\/\/sisu.ut.ee\/keeleylesanded\/wp-json\/wp\/v2\/pages\/94\/revisions\/1995"}],"wp:attachment":[{"href":"https:\/\/sisu.ut.ee\/keeleylesanded\/wp-json\/wp\/v2\/media?parent=94"}],"curies":[{"name":"wp","href":"https:\/\/api.w.org\/{rel}","templated":true}]}}