{"id":91,"date":"2024-04-04T05:03:29","date_gmt":"2024-04-04T02:03:29","guid":{"rendered":"https:\/\/sisu.ut.ee\/keeleylesanded\/sonause-sonad\/"},"modified":"2024-11-29T12:49:20","modified_gmt":"2024-11-29T10:49:20","slug":"sonause-sonad","status":"publish","type":"page","link":"https:\/\/sisu.ut.ee\/keeleylesanded\/sonause-sonad\/","title":{"rendered":"S\u00f5nause s\u00f5nad"},"content":{"rendered":"<p style=\"text-align: justify;\"><b>Kas tunned nende viie s\u00f5nausel pakutud s\u00f5na t\u00e4hendust? \u00d5iged vastused peituvad 25 variandi hulgas, mis on tabeli all t\u00e4hestikulises j\u00e4rjestuses. 20 t\u00e4hendusvarianti j\u00e4\u00e4b \u00fcle. <\/b><\/p>\n<table class=\"table table-hover\" style=\"border-collapse: collapse; border: solidwindowtext1.0pt;\">\n<tbody>\n<tr>\n<td style=\"width: 42.3pt; border: solidwindowtext1.0pt;\" width=\"56\">\n<p style=\"margin-bottom: .0001pt; text-align: justify; padding: 0cm5.4pt0cm5.4pt;\">\n<\/p><\/td>\n<td style=\"width: 5.0cm; border: solidwindowtext1.0pt; border-left: none;\" width=\"189\">\n<p style=\"margin-bottom: .0001pt; padding: 0cm5.4pt0cm5.4pt;\"><span style=\"line-height: normal;\"><b>S\u00f5na <\/b><\/span><\/p>\n<\/td>\n<td style=\"width: 269.05pt; border: solidwindowtext1.0pt; border-left: none;\" width=\"359\">\n<p style=\"margin-bottom: .0001pt; text-align: justify; padding: 0cm5.4pt0cm5.4pt;\"><span style=\"line-height: normal;\"><b>T\u00e4hendus<\/b><\/span><\/p>\n<\/td>\n<\/tr>\n<tr>\n<td style=\"width: 42.3pt; border: solidwindowtext1.0pt; border-top: none;\" width=\"56\">\n<p style=\"margin-bottom: .0001pt; text-align: justify; padding: 0cm5.4pt0cm5.4pt;\">1)<\/p>\n<\/td>\n<td style=\"width: 5.0cm; border-top: none; border-left: none; border-bottom: solidwindowtext1.0pt; border-right: solidwindowtext1.0pt;\" width=\"189\">\n<p style=\"margin-bottom: .0001pt; text-align: justify; padding: 0cm5.4pt0cm5.4pt;\"><span style=\"line-height: normal;\">kestlik<\/span><\/p>\n<\/td>\n<td style=\"width: 269.05pt; border-top: none; border-left: none; border-bottom: solidwindowtext1.0pt; border-right: solidwindowtext1.0pt;\" width=\"359\">\n<p style=\"margin-bottom: .0001pt; text-align: justify; padding: 0cm5.4pt0cm5.4pt;\">\n<\/p><\/td>\n<\/tr>\n<tr>\n<td style=\"width: 42.3pt; border: solidwindowtext1.0pt; border-top: none;\" width=\"56\">\n<p style=\"margin-bottom: .0001pt; text-align: justify; padding: 0cm5.4pt0cm5.4pt;\">2)<\/p>\n<\/td>\n<td style=\"width: 5.0cm; border-top: none; border-left: none; border-bottom: solidwindowtext1.0pt; border-right: solidwindowtext1.0pt;\" width=\"189\">\n<p style=\"margin-bottom: .0001pt; text-align: justify; padding: 0cm5.4pt0cm5.4pt;\"><span style=\"line-height: normal;\">k\u00e4rgpere<\/span><\/p>\n<\/td>\n<td style=\"width: 269.05pt; border-top: none; border-left: none; border-bottom: solidwindowtext1.0pt; border-right: solidwindowtext1.0pt;\" width=\"359\">\n<p style=\"margin-bottom: .0001pt; text-align: justify; padding: 0cm5.4pt0cm5.4pt;\">\n<\/p><\/td>\n<\/tr>\n<tr>\n<td style=\"width: 42.3pt; border: solidwindowtext1.0pt; border-top: none;\" width=\"56\">\n<p style=\"margin-bottom: .0001pt; text-align: justify; padding: 0cm5.4pt0cm5.4pt;\">3)<\/p>\n<\/td>\n<td style=\"width: 5.0cm; border-top: none; border-left: none; border-bottom: solidwindowtext1.0pt; border-right: solidwindowtext1.0pt;\" width=\"189\">\n<p style=\"margin-bottom: .0001pt; text-align: justify; padding: 0cm5.4pt0cm5.4pt;\"><span style=\"line-height: normal;\">penipaun<\/span><\/p>\n<\/td>\n<td style=\"width: 269.05pt; border-top: none; border-left: none; border-bottom: solidwindowtext1.0pt; border-right: solidwindowtext1.0pt;\" width=\"359\">\n<p style=\"margin-bottom: .0001pt; text-align: justify; padding: 0cm5.4pt0cm5.4pt;\">\n<\/p><\/td>\n<\/tr>\n<tr>\n<td style=\"width: 42.3pt; border: solidwindowtext1.0pt; border-top: none;\" width=\"56\">\n<p style=\"margin-bottom: .0001pt; text-align: justify; padding: 0cm5.4pt0cm5.4pt;\">4)<\/p>\n<\/td>\n<td style=\"width: 5.0cm; border-top: none; border-left: none; border-bottom: solidwindowtext1.0pt; border-right: solidwindowtext1.0pt;\" width=\"189\">\n<p style=\"margin-bottom: .0001pt; text-align: justify; padding: 0cm5.4pt0cm5.4pt;\"><span style=\"line-height: normal;\">taristu<\/span><\/p>\n<\/td>\n<td style=\"width: 269.05pt; border-top: none; border-left: none; border-bottom: solidwindowtext1.0pt; border-right: solidwindowtext1.0pt;\" width=\"359\">\n<p style=\"margin-bottom: .0001pt; text-align: justify; padding: 0cm5.4pt0cm5.4pt;\">\n<\/p><\/td>\n<\/tr>\n<tr>\n<td style=\"width: 42.3pt; border: solidwindowtext1.0pt; border-top: none;\" width=\"56\">\n<p style=\"margin-bottom: .0001pt; text-align: justify; padding: 0cm5.4pt0cm5.4pt;\">5)<\/p>\n<\/td>\n<td style=\"width: 5.0cm; border-top: none; border-left: none; border-bottom: solidwindowtext1.0pt; border-right: solidwindowtext1.0pt;\" width=\"189\">\n<p style=\"margin-bottom: .0001pt; text-align: justify; padding: 0cm5.4pt0cm5.4pt;\"><span style=\"line-height: normal;\">tundetaip<\/span><\/p>\n<\/td>\n<td style=\"width: 269.05pt; border-top: none; border-left: none; border-bottom: solidwindowtext1.0pt; border-right: solidwindowtext1.0pt;\" width=\"359\">\n<p style=\"margin-bottom: .0001pt; text-align: justify; padding: 0cm5.4pt0cm5.4pt;\">\n<\/p><\/td>\n<\/tr>\n<\/tbody>\n<\/table>\n<p style=\"text-align: justify;\">\n<\/p><ul style=\"list-style-type: circle;\">\n<li style=\"text-align: justify;\">ekstrasensoorsete v\u00f5imetega isik<\/li>\n<li style=\"text-align: justify;\">emotsionaalne intelligentsus<\/li>\n<li style=\"text-align: justify;\">endasset\u00f5mbunud<\/li>\n<li style=\"text-align: justify;\">infrastruktuur<\/li>\n<li style=\"text-align: justify;\">j\u00e4tkusuutlik ja eluj\u00f5uline<\/li>\n<li style=\"text-align: justify;\">koerahaigus<\/li>\n<li style=\"text-align: justify;\">kohale taritud koorem<\/li>\n<li style=\"text-align: justify;\">konstruktsioon<\/li>\n<li style=\"text-align: justify;\">kott, kuhu restoranis pannakse prae\u00fclej\u00e4\u00e4gid, et klient saaks need koju viia<\/li>\n<li style=\"text-align: justify;\">kott, kus kanda nn tibikoer (ingl <i>chihuahua<\/i>)<\/li>\n<li style=\"text-align: justify;\">mesilaspere t\u00fc\u00fcp<\/li>\n<li style=\"text-align: justify;\">mesindusega tegelev perefirma<\/li>\n<li style=\"text-align: justify;\">metafoor galaktikate universumis paiknemise viisi kohta<\/li>\n<li style=\"text-align: justify;\">nahka ajav, kestendav<\/li>\n<li style=\"text-align: justify;\">pere, kus peale mehe ja naise \u00fchiste laste kasvavad ka eelmiste suhete lapsed<\/li>\n<li style=\"text-align: justify;\">pikaajaline, kauakestev<\/li>\n<li style=\"text-align: justify;\">ps\u00fchholoog<\/li>\n<li style=\"text-align: justify;\">p\u00e4\u00e4stekoerale kaela riputatav kott, kus sees k\u00f5ik esmaabiks vajalik<\/li>\n<li style=\"text-align: justify;\">seade, mis suudab edastada tema k\u00fclge kinnitatud isiku tunded<\/li>\n<li style=\"text-align: justify;\">soomustatud<\/li>\n<li style=\"text-align: justify;\">suurele koerale selga kinnitatav kott, kuhu peremees saab panna n\u00e4iteks poekraami<\/li>\n<li style=\"text-align: justify;\">tarbijate kooperatiiv<\/li>\n<li style=\"text-align: justify;\">tarvikute komplekt<\/li>\n<li style=\"text-align: justify;\">tunne, mis haarab, kui v\u00f5\u00f5ras ootamatult \u00e4ra tunda<\/li>\n<li style=\"text-align: justify;\">tuumikpere ehk pere, kuhu kuuluvad vaid ema, isa ja laps<\/li>\n<\/ul>\n<p style=\"text-align: justify;\">\n<\/p><p style=\"text-align: justify;\">2014<\/p>\n<p style=\"text-align: justify;\">vanem<\/p>\n<p style=\"text-align: justify;\">piirkonnavoor<\/p>\n<p><a href=\"https:\/\/sisu.ut.ee\/keeleylesanded\/sonause-sonad-vastus\/\">Vastus<\/a><\/p>\n","protected":false},"excerpt":{"rendered":"<p>Kas tunned nende viie s\u00f5nausel pakutud s\u00f5na t\u00e4hendust? \u00d5iged vastused peituvad 25 variandi hulgas, mis on tabeli all t\u00e4hestikulises j\u00e4rjestuses. 20 t\u00e4hendusvarianti j\u00e4\u00e4b \u00fcle. S\u00f5na T\u00e4hendus 1) kestlik 2) k\u00e4rgpere 3) penipaun 4) taristu 5) tundetaip ekstrasensoorsete v\u00f5imetega isik emotsionaalne &#8230;<\/p>\n","protected":false},"author":185,"featured_media":0,"parent":0,"menu_order":0,"comment_status":"closed","ping_status":"closed","template":"","meta":{"_acf_changed":false,"inline_featured_image":false,"footnotes":""},"class_list":["post-91","page","type-page","status-publish","hentry"],"acf":[],"_links":{"self":[{"href":"https:\/\/sisu.ut.ee\/keeleylesanded\/wp-json\/wp\/v2\/pages\/91","targetHints":{"allow":["GET"]}}],"collection":[{"href":"https:\/\/sisu.ut.ee\/keeleylesanded\/wp-json\/wp\/v2\/pages"}],"about":[{"href":"https:\/\/sisu.ut.ee\/keeleylesanded\/wp-json\/wp\/v2\/types\/page"}],"author":[{"embeddable":true,"href":"https:\/\/sisu.ut.ee\/keeleylesanded\/wp-json\/wp\/v2\/users\/185"}],"replies":[{"embeddable":true,"href":"https:\/\/sisu.ut.ee\/keeleylesanded\/wp-json\/wp\/v2\/comments?post=91"}],"version-history":[{"count":2,"href":"https:\/\/sisu.ut.ee\/keeleylesanded\/wp-json\/wp\/v2\/pages\/91\/revisions"}],"predecessor-version":[{"id":1983,"href":"https:\/\/sisu.ut.ee\/keeleylesanded\/wp-json\/wp\/v2\/pages\/91\/revisions\/1983"}],"wp:attachment":[{"href":"https:\/\/sisu.ut.ee\/keeleylesanded\/wp-json\/wp\/v2\/media?parent=91"}],"curies":[{"name":"wp","href":"https:\/\/api.w.org\/{rel}","templated":true}]}}