{"id":90,"date":"2024-04-04T05:03:29","date_gmt":"2024-04-04T02:03:29","guid":{"rendered":"https:\/\/sisu.ut.ee\/keeleylesanded\/kahe-murde-sonad\/"},"modified":"2024-11-28T13:52:10","modified_gmt":"2024-11-28T11:52:10","slug":"kahe-murde-sonad","status":"publish","type":"page","link":"https:\/\/sisu.ut.ee\/keeleylesanded\/kahe-murde-sonad\/","title":{"rendered":"Kahe murde s\u00f5nad"},"content":{"rendered":"<p style=\"text-align: justify;\"><b>A-osa. J\u00e4rgnevalt on koos t\u00e4hendusega esitatud rida tegus\u00f5nu, mis on p\u00e4rit kahelt v\u00e4ga erinevalt murdealalt Eestis. Jaga need s\u00f5nad j\u00e4rgnevas tabelis murde alusel kahte veergu. S\u00f5na t\u00e4hendust pole vaja tabelisse \u00fcmber kirjutada. <\/b><\/p>\n<p style=\"text-align: justify;\"><i>kibudlema <\/i>\u2019kipitama\u2019, <i>j\u00e4\u00e4klema<\/i> \u2019jagelema\u2019, <i> haarahutma <\/i>\u2019(korra) haarama\u2019, <i>kannaht\u00f5l\u00f5ma<\/i> \u2019kannatama\u2019, <i>kiiratama<\/i> \u2019kiljatama\u2019, <i>kaaskelema<\/i> \u2019kaasitama\u2019, <i> laksatama<\/i> \u2019laksatama\u2019, <i>hikitelem\u00e4<\/i> \u2019itsitama\u2019, <i>l\u00f5ugitsema <\/i>\u2019korduvalt n\u00e4rima\u2019, <i> lind\u00f5ll\u00f5ma<\/i> \u2019lendlema\u2019<i>, m\u00fcts\u00e4hh\u00fctm\u00e4<\/i> \u2019nutsakusse keerama\u2019, <i>ikitsema<\/i> \u2019itsitama\u2019<\/p>\n<table class=\"table table-hover\" style=\"border-collapse: collapse; border: solidwindowtext1.0pt;\">\n<tbody>\n<tr>\n<td style=\"width: 226.55pt; border: solidwindowtext1.0pt;\" width=\"302\">\n<p style=\"margin-bottom: .0001pt; text-align: center; padding: 0cm5.4pt0cm5.4pt;\" align=\"center\"><span style=\"line-height: normal;\"><b>Murre nr 1<\/b><\/span><\/p>\n<\/td>\n<td style=\"width: 226.55pt; border: solidwindowtext1.0pt; border-left: none;\" width=\"302\">\n<p style=\"margin-bottom: .0001pt; text-align: center; padding: 0cm5.4pt0cm5.4pt;\" align=\"center\"><span style=\"line-height: normal;\"><b>Murre nr 2<\/b><\/span><\/p>\n<\/td>\n<\/tr>\n<tr>\n<td style=\"width: 226.55pt; border: solidwindowtext1.0pt; border-top: none;\" width=\"302\">\n<p style=\"margin-bottom: .0001pt; text-align: justify; padding: 0cm5.4pt0cm5.4pt;\">\n<\/p><\/td>\n<td style=\"width: 226.55pt; border-top: none; border-left: none; border-bottom: solidwindowtext1.0pt; border-right: solidwindowtext1.0pt;\" width=\"302\">\n<p style=\"margin-bottom: .0001pt; text-align: justify; padding: 0cm5.4pt0cm5.4pt;\">\n<\/p><\/td>\n<\/tr>\n<tr>\n<td style=\"width: 226.55pt; border: solidwindowtext1.0pt; border-top: none;\" width=\"302\">\n<p style=\"margin-bottom: .0001pt; text-align: justify; padding: 0cm5.4pt0cm5.4pt;\">\n<\/p><\/td>\n<td style=\"width: 226.55pt; border-top: none; border-left: none; border-bottom: solidwindowtext1.0pt; border-right: solidwindowtext1.0pt;\" width=\"302\">\n<p style=\"margin-bottom: .0001pt; text-align: justify; padding: 0cm5.4pt0cm5.4pt;\">\n<\/p><\/td>\n<\/tr>\n<tr>\n<td style=\"width: 226.55pt; border: solidwindowtext1.0pt; border-top: none;\" width=\"302\">\n<p style=\"margin-bottom: .0001pt; text-align: justify; padding: 0cm5.4pt0cm5.4pt;\">\n<\/p><\/td>\n<td style=\"width: 226.55pt; border-top: none; border-left: none; border-bottom: solidwindowtext1.0pt; border-right: solidwindowtext1.0pt;\" width=\"302\">\n<p style=\"margin-bottom: .0001pt; text-align: justify; padding: 0cm5.4pt0cm5.4pt;\">\n<\/p><\/td>\n<\/tr>\n<tr>\n<td style=\"width: 226.55pt; border: solidwindowtext1.0pt; border-top: none;\" width=\"302\">\n<p style=\"margin-bottom: .0001pt; text-align: justify; padding: 0cm5.4pt0cm5.4pt;\">\n<\/p><\/td>\n<td style=\"width: 226.55pt; border-top: none; border-left: none; border-bottom: solidwindowtext1.0pt; border-right: solidwindowtext1.0pt;\" width=\"302\">\n<p style=\"margin-bottom: .0001pt; text-align: justify; padding: 0cm5.4pt0cm5.4pt;\">\n<\/p><\/td>\n<\/tr>\n<tr>\n<td style=\"width: 226.55pt; border: solidwindowtext1.0pt; border-top: none;\" width=\"302\">\n<p style=\"margin-bottom: .0001pt; text-align: justify; padding: 0cm5.4pt0cm5.4pt;\">\n<\/p><\/td>\n<td style=\"width: 226.55pt; border-top: none; border-left: none; border-bottom: solidwindowtext1.0pt; border-right: solidwindowtext1.0pt;\" width=\"302\">\n<p style=\"margin-bottom: .0001pt; text-align: justify; padding: 0cm5.4pt0cm5.4pt;\">\n<\/p><\/td>\n<\/tr>\n<tr>\n<td style=\"width: 226.55pt; border: solidwindowtext1.0pt; border-top: none;\" width=\"302\">\n<p style=\"margin-bottom: .0001pt; text-align: justify; padding: 0cm5.4pt0cm5.4pt;\">\n<\/p><\/td>\n<td style=\"width: 226.55pt; border-top: none; border-left: none; border-bottom: solidwindowtext1.0pt; border-right: solidwindowtext1.0pt;\" width=\"302\">\n<p style=\"margin-bottom: .0001pt; text-align: justify; padding: 0cm5.4pt0cm5.4pt;\">\n<\/p><\/td>\n<\/tr>\n<\/tbody>\n<\/table>\n<p style=\"text-align: justify;\">\n<\/p><p style=\"text-align: justify;\"><b>B-osa. Loetle kolm iseloomulikku joont, mille alusel jagasid s\u00f5nad A-osa tabelisse.<\/b><\/p>\n<ol>\n<li style=\"text-align: justify;\">\u2026\u2026\u2026\u2026\u2026\u2026\u2026\u2026\u2026\u2026\u2026\u2026\u2026\u2026\u2026\u2026\u2026\u2026\u2026\u2026\u2026\u2026\u2026\u2026\u2026\u2026\u2026\u2026\u2026\u2026\u2026\u2026\u2026\u2026\u2026\u2026\u2026\u2026\u2026\u2026\u2026\u2026\u2026\u2026\u2026\u2026..<\/li>\n<li style=\"text-align: justify;\">\u2026\u2026\u2026\u2026\u2026\u2026\u2026\u2026\u2026\u2026\u2026\u2026\u2026\u2026\u2026\u2026\u2026\u2026\u2026\u2026\u2026\u2026\u2026\u2026\u2026\u2026\u2026\u2026\u2026\u2026\u2026\u2026\u2026\u2026\u2026\u2026\u2026\u2026\u2026\u2026\u2026\u2026\u2026\u2026\u2026\u2026..<\/li>\n<li style=\"text-align: justify;\"><span style=\"line-height: 107%;\">\u2026\u2026\u2026\u2026\u2026\u2026\u2026\u2026\u2026\u2026\u2026\u2026\u2026\u2026\u2026\u2026\u2026\u2026\u2026\u2026\u2026\u2026\u2026\u2026\u2026\u2026\u2026\u2026\u2026\u2026\u2026\u2026\u2026\u2026\u2026\u2026\u2026\u2026\u2026\u2026\u2026\u2026\u2026\u2026\u2026\u2026..<\/span><\/li>\n<\/ol>\n<p style=\"text-align: justify;\">\n<\/p><p style=\"text-align: justify;\">2014<\/p>\n<p style=\"text-align: justify;\">vanem<\/p>\n<p style=\"text-align: justify;\">piirkonnavoor<\/p>\n<p><a href=\"https:\/\/sisu.ut.ee\/keeleylesanded\/kahe-murde-sonad-vastus\/\">Vastus<\/a><\/p>\n<p style=\"text-align: justify;\">\n<\/p>","protected":false},"excerpt":{"rendered":"<p>A-osa. J\u00e4rgnevalt on koos t\u00e4hendusega esitatud rida tegus\u00f5nu, mis on p\u00e4rit kahelt v\u00e4ga erinevalt murdealalt Eestis. Jaga need s\u00f5nad j\u00e4rgnevas tabelis murde alusel kahte veergu. S\u00f5na t\u00e4hendust pole vaja tabelisse \u00fcmber kirjutada. kibudlema \u2019kipitama\u2019, j\u00e4\u00e4klema \u2019jagelema\u2019, haarahutma \u2019(korra) haarama\u2019, kannaht\u00f5l\u00f5ma &#8230;<\/p>\n","protected":false},"author":185,"featured_media":0,"parent":0,"menu_order":0,"comment_status":"closed","ping_status":"closed","template":"","meta":{"_acf_changed":false,"inline_featured_image":false,"footnotes":""},"class_list":["post-90","page","type-page","status-publish","hentry"],"acf":[],"_links":{"self":[{"href":"https:\/\/sisu.ut.ee\/keeleylesanded\/wp-json\/wp\/v2\/pages\/90","targetHints":{"allow":["GET"]}}],"collection":[{"href":"https:\/\/sisu.ut.ee\/keeleylesanded\/wp-json\/wp\/v2\/pages"}],"about":[{"href":"https:\/\/sisu.ut.ee\/keeleylesanded\/wp-json\/wp\/v2\/types\/page"}],"author":[{"embeddable":true,"href":"https:\/\/sisu.ut.ee\/keeleylesanded\/wp-json\/wp\/v2\/users\/185"}],"replies":[{"embeddable":true,"href":"https:\/\/sisu.ut.ee\/keeleylesanded\/wp-json\/wp\/v2\/comments?post=90"}],"version-history":[{"count":2,"href":"https:\/\/sisu.ut.ee\/keeleylesanded\/wp-json\/wp\/v2\/pages\/90\/revisions"}],"predecessor-version":[{"id":1772,"href":"https:\/\/sisu.ut.ee\/keeleylesanded\/wp-json\/wp\/v2\/pages\/90\/revisions\/1772"}],"wp:attachment":[{"href":"https:\/\/sisu.ut.ee\/keeleylesanded\/wp-json\/wp\/v2\/media?parent=90"}],"curies":[{"name":"wp","href":"https:\/\/api.w.org\/{rel}","templated":true}]}}