{"id":9,"date":"2024-04-04T05:03:21","date_gmt":"2024-04-04T02:03:21","guid":{"rendered":"https:\/\/sisu.ut.ee\/keeleylesanded\/kusi-seeneteadlaselt-0\/"},"modified":"2024-11-29T10:32:53","modified_gmt":"2024-11-29T08:32:53","slug":"kusi-seeneteadlaselt-0","status":"publish","type":"page","link":"https:\/\/sisu.ut.ee\/keeleylesanded\/kusi-seeneteadlaselt-0\/","title":{"rendered":"K\u00fcsi seeneteadlaselt"},"content":{"rendered":"<p><b>Lugejale on antud kuulsa seeneteadlase vastused, kuid puuduvad k\u00fcsimused. Koosta k\u00fcsimused, mis nende vastustega sobivad. V\u00f5ta k\u00fcsimuse koostamisel arvesse kogu vastust.<\/b><\/p>\n<p><b><i>Seenevana: \u201eV\u00f5ib soovitada v\u00e4hemalt k\u00fcmmet seeneraamatut\u201c<\/i><\/b><\/p>\n<p style=\"text-align: right;\" align=\"right\">(Looduses\u00f5ber nr 5\/2008 j\u00e4rgi)<\/p>\n<p><i>Viimasel ajal on seeneraamatuid nagu seeni lettidele ilmunud ja Seenevanal ehk Erast Parmastol on hea meel \u2013 l\u00f5puks on hakatud v\u00e4lja andma h\u00e4id seeneraamatuid. Ja mitte ainult m\u00f5ni, vaid lausa k\u00fcmmekond.<\/i><\/p>\n<ol>\n<li>\u2026\u2026\u2026\u2026\u2026\u2026\u2026\u2026\u2026\u2026\u2026\u2026\u2026\u2026\u2026\u2026\u2026\u2026\u2026\u2026\u2026\u2026\u2026\u2026\u2026\u2026\u2026\u2026\u2026\u2026\u2026\u2026\u2026\u2026\u2026\u2026\u2026\u2026\u2026\u2026..<\/li>\n<\/ol>\n<p style=\"margin-left: 18.0pt;\">S\u00fcndisin N\u00f5mme linnas; meie krundi piirdeaia sees oli m\u00e4nde, mustikaid, kanarbikku, seentest hirvep\u00e4hklit \u2013 aga ka m\u00e4nniriisikat. Seda n\u00e4gi ilma mingi erik\u00e4igutagi. P\u00e4ris mets oli paarisaja meetri kaugusel; ema v\u00f5ttis mind seenele kaasa, kui koolieani oli veel \u00f5ige mitu aastat.<\/p>\n<p>2. \u2026\u2026\u2026\u2026\u2026\u2026\u2026\u2026\u2026\u2026\u2026\u2026\u2026\u2026\u2026\u2026\u2026\u2026\u2026\u2026\u2026\u2026\u2026\u2026\u2026\u2026\u2026\u2026\u2026\u2026\u2026\u2026\u2026\u2026\u2026\u2026\u2026\u2026\u2026\u2026.<\/p>\n<p style=\"margin-left: 18.0pt;\">Ilma raamatuteta ammugi pole v\u00f5imalik, palja juhatamise-n\u00e4itamise peale ei j\u00e4\u00e4 \u00fche liigi erinevused teistest kuigi kergelt meelde. Sama on ka k\u00f5ige muu \u00e4ra\u00f5ppimisega, meis paljudes on palju \u00f5pitud abitust. Seda, et tulgu keegi ja n\u00e4idaku korduvalt n\u00e4puga, seletagu k\u00f5ik \u00e4ra, \u00f5petagu meid targaks. aga teiselt poolt \u2013 tark \u00f5petuseandja kulub elus alati \u00e4ra.<\/p>\n<p>3. \u2026\u2026\u2026\u2026\u2026\u2026\u2026\u2026\u2026\u2026\u2026\u2026\u2026\u2026\u2026\u2026\u2026\u2026\u2026\u2026\u2026\u2026\u2026\u2026\u2026\u2026\u2026\u2026\u2026\u2026\u2026\u2026\u2026\u2026\u2026\u2026\u2026\u2026\u2026\u2026..<\/p>\n<p style=\"margin-left: 18.0pt;\">Seened vahest mitte, looduse tegelik vaatamine-n\u00e4gemine (erinevalt televiisori vaatamisest ehk muudab k\u00fcll. K\u00f5iki. Teadlane olemine sunnib inimest aususele, pettuse p\u00f5lgamisele, k\u00f5igesse kriitiliselt suhtumisele.<\/p>\n<p>4. \u2026\u2026\u2026\u2026\u2026\u2026\u2026\u2026\u2026\u2026\u2026\u2026\u2026\u2026\u2026\u2026\u2026\u2026\u2026\u2026\u2026\u2026\u2026\u2026\u2026\u2026\u2026\u2026\u2026\u2026\u2026\u2026\u2026\u2026\u2026\u2026\u2026\u2026\u2026\u2026..<\/p>\n<p style=\"margin-left: 18.0pt;\">K\u00e4\u00e4nispeaga v\u00e4its ehk taskunuga, paberkotte, pastakas, uudishimu, sageli ka m\u00e4rkmik, GPS koordinaadim\u00f5\u00f5tja, hea kaart ja luup.<\/p>\n<p>5\u2026\u2026\u2026\u2026\u2026\u2026\u2026\u2026\u2026\u2026\u2026\u2026\u2026\u2026\u2026\u2026\u2026\u2026\u2026\u2026\u2026\u2026\u2026\u2026\u2026\u2026\u2026\u2026\u2026\u2026\u2026\u2026\u2026\u2026\u2026\u2026\u2026\u2026\u2026\u2026\u2026<\/p>\n<p style=\"margin-left: 18.0pt;\">Viimasel seitsmel aastal on tublisti t\u00f5usnud; osalt v\u00e4ga seenevaeste ja \u2013rikast aastate t\u00f5ttu, pisut ka seoses eestlaste \u00fcleautostumisega. Eriti aga t\u00e4nu mitmetel raamatukirjastajatele, kes ometi kord julgesid hakata seeneraamatuid v\u00e4lja andma. Hiljutise eimillegi asemel on raamatukauplustes praegu v\u00e4hemalt k\u00fcmme niisugust, mida v\u00f5ib soovitada.<\/p>\n<p>6. \u2026\u2026\u2026\u2026\u2026\u2026\u2026\u2026\u2026\u2026\u2026\u2026\u2026\u2026\u2026\u2026\u2026\u2026\u2026\u2026\u2026\u2026\u2026\u2026\u2026\u2026\u2026\u2026\u2026\u2026\u2026\u2026\u2026\u2026\u2026\u2026\u2026\u2026\u2026\u2026..<\/p>\n<p style=\"margin-left: 18.0pt;\">Viimasel poolsajandil on neid ikka olnud, noorte juurdekasv on p\u00fcsiv, maailmas tuntakse meid p\u00e4ris h\u00e4sti. Varasematest teadlastest Fedor Bucholtz (1872\u20131924, Eestis aastast 1919) ja Elmar Lep(p)ik (1898\u20131978, Eestis aastani 1944).<\/p>\n<p>7. \u2026\u2026\u2026\u2026\u2026\u2026\u2026\u2026\u2026\u2026\u2026\u2026\u2026\u2026\u2026\u2026\u2026\u2026\u2026\u2026\u2026\u2026\u2026\u2026\u2026\u2026\u2026\u2026\u2026\u2026\u2026\u2026\u2026\u2026\u2026\u2026\u2026\u2026\u2026\u2026..<\/p>\n<p style=\"margin-left: 18.0pt;\">Ega k\u00f5ike peagi v\u00e4ikses Eestis ise tegema, hea ja s\u00f5bralik koost\u00f6\u00f6 aitab l\u00fcnkasid katta. Kummaline on, et meil pole (kui pensionieelikud maha arvata) palgal \u00fchtki m\u00fckoloogi, kes suudaks liigini m\u00e4\u00e4rata enam-v\u00e4hem k\u00f5iki meie kultuur-, aia- ja toataimede seenhaiguste tekitajaid. liiga paljud parasiidid on m\u00e4\u00e4ratud n-\u00f6 silma j\u00e4rgi, ilma korraliku uurimiseta.<\/p>\n<p>8. \u2026\u2026\u2026\u2026\u2026\u2026\u2026\u2026\u2026\u2026\u2026\u2026\u2026\u2026\u2026\u2026\u2026\u2026\u2026\u2026\u2026\u2026\u2026\u2026\u2026\u2026\u2026\u2026\u2026\u2026\u2026\u2026\u2026\u2026\u2026\u2026\u2026\u2026\u2026\u2026..<\/p>\n<p style=\"margin-left: 18.0pt;\">Kohe p\u00e4rast T\u0161ernob\u00f5li katastroofi uuris Eesti seente radioaktiivse reostatuse m\u00e4\u00e4ra Arvi Liiva, teiste seeneteadlaste seas osalesin minagi nii andmekogumisel kui ka ajalehtedes ning teaduskirjutistes tulemuste valgustamisel. Meil vedas, siinne reostus oli t\u00fchine.<\/p>\n<p>9. \u2026\u2026\u2026\u2026\u2026\u2026\u2026\u2026\u2026\u2026\u2026\u2026\u2026\u2026\u2026\u2026\u2026\u2026\u2026\u2026\u2026\u2026\u2026\u2026\u2026\u2026\u2026\u2026\u2026\u2026\u2026\u2026\u2026\u2026\u2026\u2026\u2026\u2026\u2026\u2026..<\/p>\n<p style=\"margin-left: 18.0pt;\">\u00dcllatanud on oma ilu ja omap\u00e4raga. Hetkel meenub P\u00f5hja-Carolinas suurtes Sinim\u00e4gedes (<i>Great Smoky Mountains<\/i>) kasvav tumeindigosinise piimmahlaga riisikas.<\/p>\n<p>10. \u2026\u2026\u2026\u2026\u2026\u2026\u2026\u2026\u2026\u2026\u2026\u2026\u2026\u2026\u2026\u2026\u2026\u2026\u2026\u2026\u2026\u2026\u2026\u2026\u2026\u2026\u2026\u2026\u2026\u2026\u2026\u2026\u2026\u2026\u2026\u2026\u2026\u2026\u2026\u2026..<\/p>\n<p style=\"margin-left: 18.0pt;\">Mu s\u00fcnnip\u00e4eva traditsioonide hulka ei kuulu eris\u00f6\u00f6ming, pigem s\u00fcgisv\u00e4rvides metsas k\u00e4imine (kui ilm ja tervis v\u00e4hegi lubavad).<\/p>\n<p style=\"margin-left: 18.0pt;\">\n<\/p><p style=\"margin-left: 18.0pt;\">2010<\/p>\n<p style=\"margin-left: 18.0pt;\">noorem<\/p>\n<p style=\"margin-left: 18.0pt;\">piirkonnavoor<\/p>\n<p><a href=\"https:\/\/sisu.ut.ee\/keeleylesanded\/kusi-seeneteadlaselt-vastus-0\/\">Vastus<\/a><\/p>\n","protected":false},"excerpt":{"rendered":"<p>Lugejale on antud kuulsa seeneteadlase vastused, kuid puuduvad k\u00fcsimused. Koosta k\u00fcsimused, mis nende vastustega sobivad. V\u00f5ta k\u00fcsimuse koostamisel arvesse kogu vastust. Seenevana: \u201eV\u00f5ib soovitada v\u00e4hemalt k\u00fcmmet seeneraamatut\u201c (Looduses\u00f5ber nr 5\/2008 j\u00e4rgi) Viimasel ajal on seeneraamatuid nagu seeni lettidele ilmunud ja &#8230;<\/p>\n","protected":false},"author":185,"featured_media":0,"parent":0,"menu_order":0,"comment_status":"closed","ping_status":"closed","template":"","meta":{"_acf_changed":false,"inline_featured_image":false,"footnotes":""},"class_list":["post-9","page","type-page","status-publish","hentry"],"acf":[],"_links":{"self":[{"href":"https:\/\/sisu.ut.ee\/keeleylesanded\/wp-json\/wp\/v2\/pages\/9","targetHints":{"allow":["GET"]}}],"collection":[{"href":"https:\/\/sisu.ut.ee\/keeleylesanded\/wp-json\/wp\/v2\/pages"}],"about":[{"href":"https:\/\/sisu.ut.ee\/keeleylesanded\/wp-json\/wp\/v2\/types\/page"}],"author":[{"embeddable":true,"href":"https:\/\/sisu.ut.ee\/keeleylesanded\/wp-json\/wp\/v2\/users\/185"}],"replies":[{"embeddable":true,"href":"https:\/\/sisu.ut.ee\/keeleylesanded\/wp-json\/wp\/v2\/comments?post=9"}],"version-history":[{"count":2,"href":"https:\/\/sisu.ut.ee\/keeleylesanded\/wp-json\/wp\/v2\/pages\/9\/revisions"}],"predecessor-version":[{"id":1877,"href":"https:\/\/sisu.ut.ee\/keeleylesanded\/wp-json\/wp\/v2\/pages\/9\/revisions\/1877"}],"wp:attachment":[{"href":"https:\/\/sisu.ut.ee\/keeleylesanded\/wp-json\/wp\/v2\/media?parent=9"}],"curies":[{"name":"wp","href":"https:\/\/api.w.org\/{rel}","templated":true}]}}