{"id":89,"date":"2024-04-04T05:03:29","date_gmt":"2024-04-04T02:03:29","guid":{"rendered":"https:\/\/sisu.ut.ee\/keeleylesanded\/vigased-laused\/"},"modified":"2024-11-29T13:47:22","modified_gmt":"2024-11-29T11:47:22","slug":"vigased-laused","status":"publish","type":"page","link":"https:\/\/sisu.ut.ee\/keeleylesanded\/vigased-laused\/","title":{"rendered":"Vigased laused"},"content":{"rendered":"<p style=\"text-align: justify;\"><b>J\u00e4rgnevates lausetes on k\u00fcmme vormi- ja \u00f5igekirjaviga. T\u00f5mba ebakorrektne t\u00e4ht\/s\u00f5na(osa) maha ja kirjuta selle kohale korrektne. J\u00e4ta s\u00f5na arv, k\u00e4\u00e4ne, p\u00f6\u00f6re ja v\u00f5rdlusaste samaks.<\/b><\/p>\n<ol>\n<li style=\"text-align: justify;\"><span style=\"line-height: 200%;\">Lootsime, et vihmaseid ilmu sel n\u00e4dalal rohkem ei tule, ja alustasime jalgsimatka, sest toetus oli loodusringi juhendajal taodeldud just eesolevaks n\u00e4dalavahetuseks.<\/span><\/li>\n<li style=\"text-align: justify;\"><span style=\"line-height: 200%;\">Linnavalitsus plaanib uude elurajooni istutada mitut liiki p\u00e4rnu.<\/span><\/li>\n<li style=\"text-align: justify;\"><span style=\"line-height: 200%;\">Kontsertitel k\u00e4ia on noorte jaoks \u00fcsna kulukas.<\/span><\/li>\n<li style=\"text-align: justify;\"><span style=\"line-height: 200%;\">Matsalu laht ja selle \u00fcmbrus on P\u00f5hja-Euroopa rikkalikuim r\u00e4ndlindude r\u00e4ndepeatus- ja sulgimispaik.<\/span><\/li>\n<li style=\"text-align: justify;\"><span style=\"line-height: 200%;\">Rongid j\u00e4\u00e4vad j\u00e4isetel r\u00f6\u00f6bastel hiljaks.<\/span><\/li>\n<li style=\"text-align: justify;\"><span style=\"line-height: 200%;\">Madis l\u00e4ks laup\u00e4eval koos vanaisaga kasvuhoonele uut kile ostma.<\/span><\/li>\n<li style=\"text-align: justify;\"><span style=\"line-height: 200%;\">M\u00f5ni g\u00fcmnaasiumil\u00f5petaja sattub endale sobivat eriala \u00f5ppima juhuslikult, m\u00f5ne eelistuseks on aga juba lapsest saati prestii\u017esed ametid.<\/span><\/li>\n<li style=\"text-align: justify;\"><span style=\"line-height: 200%;\">Ostan suvel janu kustutamiseks ainult karboniseeritud mineraalvesi.<\/span><\/li>\n<li style=\"text-align: justify;\"><span style=\"line-height: 200%;\">Ekskursiooni pages ta pooljookstes \u00fche \u00f5udsama ilmega kaamli eest, keda ta oli iial n\u00e4inud, et naaseda oma reisir\u00fchma juurde.<\/span><\/li>\n<\/ol>\n<p style=\"text-align: justify;\"><a title=\"\" href=\"https:\/\/sisu.ut.ee\/keeleylesanded\/vigased-laused-vastus\" target=\"_blank\" rel=\"noopener\" data-url=\"https:\/\/sisu.ut.ee\/keeleylesanded\/vigased-laused-vastus\">2<\/a>014<\/p>\n<p style=\"text-align: justify;\">vanem<\/p>\n<p style=\"text-align: justify;\">piirkonnavoor<\/p>\n<p><a href=\"https:\/\/sisu.ut.ee\/keeleylesanded\/vigased-laused-vastus\/\">Vastus<\/a><\/p>\n","protected":false},"excerpt":{"rendered":"<p>J\u00e4rgnevates lausetes on k\u00fcmme vormi- ja \u00f5igekirjaviga. T\u00f5mba ebakorrektne t\u00e4ht\/s\u00f5na(osa) maha ja kirjuta selle kohale korrektne. J\u00e4ta s\u00f5na arv, k\u00e4\u00e4ne, p\u00f6\u00f6re ja v\u00f5rdlusaste samaks. Lootsime, et vihmaseid ilmu sel n\u00e4dalal rohkem ei tule, ja alustasime jalgsimatka, sest toetus oli loodusringi &#8230;<\/p>\n","protected":false},"author":185,"featured_media":0,"parent":0,"menu_order":0,"comment_status":"closed","ping_status":"closed","template":"","meta":{"_acf_changed":false,"inline_featured_image":false,"footnotes":""},"class_list":["post-89","page","type-page","status-publish","hentry"],"acf":[],"_links":{"self":[{"href":"https:\/\/sisu.ut.ee\/keeleylesanded\/wp-json\/wp\/v2\/pages\/89","targetHints":{"allow":["GET"]}}],"collection":[{"href":"https:\/\/sisu.ut.ee\/keeleylesanded\/wp-json\/wp\/v2\/pages"}],"about":[{"href":"https:\/\/sisu.ut.ee\/keeleylesanded\/wp-json\/wp\/v2\/types\/page"}],"author":[{"embeddable":true,"href":"https:\/\/sisu.ut.ee\/keeleylesanded\/wp-json\/wp\/v2\/users\/185"}],"replies":[{"embeddable":true,"href":"https:\/\/sisu.ut.ee\/keeleylesanded\/wp-json\/wp\/v2\/comments?post=89"}],"version-history":[{"count":2,"href":"https:\/\/sisu.ut.ee\/keeleylesanded\/wp-json\/wp\/v2\/pages\/89\/revisions"}],"predecessor-version":[{"id":2065,"href":"https:\/\/sisu.ut.ee\/keeleylesanded\/wp-json\/wp\/v2\/pages\/89\/revisions\/2065"}],"wp:attachment":[{"href":"https:\/\/sisu.ut.ee\/keeleylesanded\/wp-json\/wp\/v2\/media?parent=89"}],"curies":[{"name":"wp","href":"https:\/\/api.w.org\/{rel}","templated":true}]}}