{"id":88,"date":"2024-04-04T05:03:29","date_gmt":"2024-04-04T02:03:29","guid":{"rendered":"https:\/\/sisu.ut.ee\/keeleylesanded\/voorsonad-tekstis\/"},"modified":"2024-11-29T13:53:04","modified_gmt":"2024-11-29T11:53:04","slug":"voorsonad-tekstis","status":"publish","type":"page","link":"https:\/\/sisu.ut.ee\/keeleylesanded\/voorsonad-tekstis\/","title":{"rendered":"V\u00f5\u00f5rs\u00f5nad tekstis"},"content":{"rendered":"<p><b>Asenda tekstis poolpaksus kirjas t\u00e4histatud v\u00f5\u00f5rs\u00f5nad lausesse sobivas vormis omas\u00f5naga.<\/b><\/p>\n<p style=\"text-align: justify;\">Postmodernisliku fragmentaarsuse aluseks v\u00f5ib olla ka <b>skepsis <\/b>( 1) \u2026\u2026\u2026\u2026\u2026\u2026\u2026\u2026\u2026\u2026\u2026\u2026\u2026.) ja k\u00f5hklused tegelikkuse k\u00f5ikeh\u00f5lmava (keelelise) <b>representatsiooni <\/b>( 2) \u2026\u2026\u2026\u2026\u2026\u2026\u2026\u2026\u2026\u2026.) v\u00f5imalikkuses. Keeruline poliitiline areng ja selle ilmingute kallutatud kajastamine uute visuaalset <b>meediumid <\/b>( 3) \u2026\u2026\u2026\u2026\u2026\u2026\u2026\u2026\u2026\u2026\u2026\u2026\u2026\u2026\u2026) (televisioon, film, video) kaudu sunnib ka nt kirjanikke oma v\u00e4ljendusvahendeid ja tehnikaid <b>revideerima <\/b>( 4) \u2026\u2026\u2026\u2026\u2026\u2026\u2026\u2026\u2026\u2026\u2026..). Eriti paistavad uute meetodite kasutamisel silma kuuek\u00fcmnendatel deb\u00fcteerinud ameerika postmodernistlikud kirjanikud (K. Vonnegut, J. Barth, D. Barthelme jt), kes kasutavad fragmentaarsust nn metafiktsionaalsete narratiivide p\u00f5hilise poeetikav\u00f5ttena. \u201eFragmendid on ainus vorm, mida ma usaldan,\u201c <b>kommenteerib <\/b>( 5) \u2026\u2026\u2026\u2026\u2026\u2026\u2026\u2026\u2026\u2026\u2026\u2026\u2026\u2026\u2026\u2026\u2026..) Donald Barthelme l\u00fchipala \u201eN\u00e4ed sa kuud?\u201c minajutustaja. <b>Fragmentide <\/b>( 6) \u2026\u2026\u2026\u2026\u2026\u2026\u2026\u2026\u2026\u2026\u2026.) rea sulatamine tervikuks v\u00f5ib seega olla ka teksti \u00fcks teemadest, mis laiemalt peaks selgitama \u00fcldisi raskuse fragmentideks l\u00f5hutud maailma m\u00f5testamisel. Seep\u00e4rast pole ka \u00fcllatav, et fragmentaarse proosa poeetika l\u00e4htub teinekord ka k\u00f5igile tuntud pusle p\u00f5him\u00f5ttest. Kuigi \u201et\u00fckim\u00e4ngu\u201c eesm\u00e4rk on l\u00f5puks k\u00f5ik pildiosakesed tervikuks koondada, ei pruugi see teinekord \u00f5nnestuda. <b>Traditsioonilise <\/b>( 7) \u2026\u2026\u2026\u2026\u2026\u2026\u2026\u2026\u2026\u2026\u2026\u2026\u2026\u2026\u2026..) narratiiv seisukohast valesti kokku pandud jutustuses j\u00e4\u00e4bki l\u00f5puks ikka <b>domineerima <\/b>( 8) \u2026\u2026\u2026\u2026\u2026\u2026\u2026\u2026\u2026\u2026\u2026\u2026.) fragmentide enda t\u00e4hendus ja v\u00f5imalikud uued suhted, mitte etteantud ja valmism\u00f5eldud s\u00fcsteem. Nii v\u00f5ib eriti pikemates tekstides olla fragmentaarsuse <b>potentsiaalseks <\/b>( 9) \u2026\u2026\u2026\u2026\u2026\u2026\u2026\u2026\u2026\u2026) omaduseks ka arusaamatusest tekkiva m\u00f5istatuse olemasolu: mis juhtus? mis \u00fcle\u00fcldse toimub? N\u00e4iteks J\u00fcri Ehlvesti pikemad proosatekstid esindavad seda \u00e4pardunud pusle <b>kontseptsiooni<\/b> ( 10) \u2026\u2026\u2026\u2026\u2026\u2026\u2026\u2026\u2026\u2026\u2026\u2026) \u00e4\u00e4rmiselt m\u00f5juvalt nii vormiliselt kui sisuliselt.<\/p>\n<p style=\"text-align: right;\" align=\"right\"><i>Sirp, 30. august 2013, Janek Kraavi \u201eFragment, fragmentaarsus\u201c<\/i><\/p>\n<p style=\"text-align: right;\" align=\"right\">\n<\/p><p style=\"text-align: right;\" align=\"right\"><i>2014<\/i><\/p>\n<p style=\"text-align: right;\" align=\"right\">vanem<\/p>\n<p style=\"text-align: right;\" align=\"right\">piirkonnavoor<\/p>\n<p style=\"text-align: right;\" align=\"right\">\n<\/p><p style=\"text-align: right;\" align=\"right\"><a title=\"\" href=\"https:\/\/sisu.ut.ee\/keeleylesanded\/voorsonad-tekstis-vastus\" target=\"_blank\" rel=\"noopener\" data-url=\"https:\/\/sisu.ut.ee\/keeleylesanded\/voorsonad-tekstis-vastus\">Vastus<\/a><\/p>\n","protected":false},"excerpt":{"rendered":"<p>Asenda tekstis poolpaksus kirjas t\u00e4histatud v\u00f5\u00f5rs\u00f5nad lausesse sobivas vormis omas\u00f5naga. Postmodernisliku fragmentaarsuse aluseks v\u00f5ib olla ka skepsis ( 1) \u2026\u2026\u2026\u2026\u2026\u2026\u2026\u2026\u2026\u2026\u2026\u2026\u2026.) ja k\u00f5hklused tegelikkuse k\u00f5ikeh\u00f5lmava (keelelise) representatsiooni ( 2) \u2026\u2026\u2026\u2026\u2026\u2026\u2026\u2026\u2026\u2026.) v\u00f5imalikkuses. Keeruline poliitiline areng ja selle ilmingute kallutatud kajastamine uute visuaalset &#8230;<\/p>\n","protected":false},"author":185,"featured_media":0,"parent":0,"menu_order":0,"comment_status":"closed","ping_status":"closed","template":"","meta":{"_acf_changed":false,"inline_featured_image":false,"footnotes":""},"class_list":["post-88","page","type-page","status-publish","hentry"],"acf":[],"_links":{"self":[{"href":"https:\/\/sisu.ut.ee\/keeleylesanded\/wp-json\/wp\/v2\/pages\/88","targetHints":{"allow":["GET"]}}],"collection":[{"href":"https:\/\/sisu.ut.ee\/keeleylesanded\/wp-json\/wp\/v2\/pages"}],"about":[{"href":"https:\/\/sisu.ut.ee\/keeleylesanded\/wp-json\/wp\/v2\/types\/page"}],"author":[{"embeddable":true,"href":"https:\/\/sisu.ut.ee\/keeleylesanded\/wp-json\/wp\/v2\/users\/185"}],"replies":[{"embeddable":true,"href":"https:\/\/sisu.ut.ee\/keeleylesanded\/wp-json\/wp\/v2\/comments?post=88"}],"version-history":[{"count":2,"href":"https:\/\/sisu.ut.ee\/keeleylesanded\/wp-json\/wp\/v2\/pages\/88\/revisions"}],"predecessor-version":[{"id":2075,"href":"https:\/\/sisu.ut.ee\/keeleylesanded\/wp-json\/wp\/v2\/pages\/88\/revisions\/2075"}],"wp:attachment":[{"href":"https:\/\/sisu.ut.ee\/keeleylesanded\/wp-json\/wp\/v2\/media?parent=88"}],"curies":[{"name":"wp","href":"https:\/\/api.w.org\/{rel}","templated":true}]}}