{"id":87,"date":"2024-04-04T05:03:29","date_gmt":"2024-04-04T02:03:29","guid":{"rendered":"https:\/\/sisu.ut.ee\/keeleylesanded\/kuramaa-liivlaste-sonad\/"},"modified":"2024-11-29T10:32:11","modified_gmt":"2024-11-29T08:32:11","slug":"kuramaa-liivlaste-sonad","status":"publish","type":"page","link":"https:\/\/sisu.ut.ee\/keeleylesanded\/kuramaa-liivlaste-sonad\/","title":{"rendered":"Kuramaa liivlaste s\u00f5nad"},"content":{"rendered":"<p><b>Kuramaa liivlaste p\u00f5hiliseks asualaks L\u00e4tis on olnud Kuramaa p\u00f5hjatipp ehk liivi rand. Mere ja kalap\u00fc\u00fcgiga on seotud ka suur osa nende sonavarast. Eesti-l\u00e4ti-liivi s\u00f5naraamatu koostajal on liivi vasted segamini l\u00e4inud. Proovi teda aidata ning leida eesti ja l\u00e4ti keele abil liivi vastetele tabeli kolmandas veerus \u00f5ige koht. Liivi keeles m\u00e4rgitakse pikka ja poolpikka t\u00e4ish\u00e4\u00e4likut horisontaalkriipsuga t\u00e4he kohal, nt <i>s<\/i><\/b><b><i>\u014dna <\/i>\u2019saun\u2019, <i>kan<\/i><\/b><b><i>\u0101<\/i><\/b><b> \u2019kana\u2019. <i>\u022f<\/i> h\u00e4\u00e4lduskoht on <i>o<\/i><\/b> <b>ja <i>\u00f5 <\/i> vahel.<\/b><\/p>\n<p><i>\u0101iraz, a\u0146g\u00f5rz, \u0101nka\u0157, b\u014dik, br\u0113t\u013ci, kieu\u017e, k\u014dma, liest\u0101, mier, sal\u0101k, t\u016brska, vad\u0101, vejd\u00f5bl\u014dja, vejj\u00f5, v\u00f5rg\u00f5<\/i><\/p>\n<table class=\"table table-hover\" style=\"border-collapse: collapse; border: solidwindowtext1.0pt;\">\n<tbody>\n<tr>\n<td style=\"width: 42.3pt; border: solidwindowtext1.0pt;\" width=\"56\">\n<p style=\"margin-bottom: .0001pt; padding: 0cm5.4pt0cm5.4pt;\">\n<\/p><\/td>\n<td style=\"width: 4.0cm; border: solidwindowtext1.0pt; border-left: none;\" width=\"151\">\n<p style=\"margin-bottom: .0001pt; padding: 0cm5.4pt0cm5.4pt;\"><span style=\"line-height: normal;\"><b>Eesti kirjakeeles<\/b><\/span><\/p>\n<\/td>\n<td style=\"width: 127.55pt; border: solidwindowtext1.0pt; border-left: none;\" width=\"170\">\n<p style=\"margin-bottom: .0001pt; padding: 0cm5.4pt0cm5.4pt;\"><span style=\"line-height: normal;\"><b>L\u00e4ti keeles<\/b><\/span><\/p>\n<\/td>\n<td style=\"width: 169.85pt; border: solidwindowtext1.0pt; border-left: none;\" width=\"226\">\n<p style=\"margin-bottom: .0001pt; padding: 0cm5.4pt0cm5.4pt;\"><span style=\"line-height: normal;\"><b>Liivi keeles<\/b><\/span><\/p>\n<\/td>\n<\/tr>\n<tr>\n<td style=\"width: 42.3pt; border: solidwindowtext1.0pt; border-top: none;\" width=\"56\">\n<p style=\"margin-bottom: .0001pt; padding: 0cm5.4pt0cm5.4pt;\">\n<\/p><\/td>\n<td style=\"width: 4.0cm; border-top: none; border-left: none; border-bottom: solidwindowtext1.0pt; border-right: solidwindowtext1.0pt;\" width=\"151\">\n<p style=\"margin-bottom: .0001pt; padding: 0cm5.4pt0cm5.4pt;\"><span style=\"line-height: normal;\">lest<\/span><\/p>\n<\/td>\n<td style=\"width: 127.55pt; border-top: none; border-left: none; border-bottom: solidwindowtext1.0pt; border-right: solidwindowtext1.0pt;\" width=\"170\">\n<p style=\"margin-bottom: .0001pt; padding: 0cm5.4pt0cm5.4pt;\"><span style=\"line-height: normal;\">bute<\/span><\/p>\n<\/td>\n<td style=\"width: 169.85pt; border-top: none; border-left: none; border-bottom: solidwindowtext1.0pt; border-right: solidwindowtext1.0pt;\" width=\"226\">\n<p style=\"margin-bottom: .0001pt; padding: 0cm5.4pt0cm5.4pt;\">\n<\/p><\/td>\n<\/tr>\n<tr>\n<td style=\"width: 42.3pt; border: solidwindowtext1.0pt; border-top: none;\" width=\"56\">\n<p style=\"margin-bottom: .0001pt; padding: 0cm5.4pt0cm5.4pt;\">\n<\/p><\/td>\n<td style=\"width: 4.0cm; border-top: none; border-left: none; border-bottom: solidwindowtext1.0pt; border-right: solidwindowtext1.0pt;\" width=\"151\">\n<p style=\"margin-bottom: .0001pt; padding: 0cm5.4pt0cm5.4pt;\"><span style=\"line-height: normal;\">kalastada<\/span><\/p>\n<\/td>\n<td style=\"width: 127.55pt; border-top: none; border-left: none; border-bottom: solidwindowtext1.0pt; border-right: solidwindowtext1.0pt;\" width=\"170\">\n<p style=\"margin-bottom: .0001pt; padding: 0cm5.4pt0cm5.4pt;\"><span style=\"line-height: normal;\">zvejot<\/span><\/p>\n<\/td>\n<td style=\"width: 169.85pt; border-top: none; border-left: none; border-bottom: solidwindowtext1.0pt; border-right: solidwindowtext1.0pt;\" width=\"226\">\n<p style=\"margin-bottom: .0001pt; padding: 0cm5.4pt0cm5.4pt;\">\n<\/p><\/td>\n<\/tr>\n<tr>\n<td style=\"width: 42.3pt; border: solidwindowtext1.0pt; border-top: none;\" width=\"56\">\n<p style=\"margin-bottom: .0001pt; padding: 0cm5.4pt0cm5.4pt;\">\n<\/p><\/td>\n<td style=\"width: 4.0cm; border-top: none; border-left: none; border-bottom: solidwindowtext1.0pt; border-right: solidwindowtext1.0pt;\" width=\"151\">\n<p style=\"margin-bottom: .0001pt; padding: 0cm5.4pt0cm5.4pt;\"><span style=\"line-height: normal;\">aer<\/span><\/p>\n<\/td>\n<td style=\"width: 127.55pt; border-top: none; border-left: none; border-bottom: solidwindowtext1.0pt; border-right: solidwindowtext1.0pt;\" width=\"170\">\n<p style=\"margin-bottom: .0001pt; padding: 0cm5.4pt0cm5.4pt;\"><span style=\"line-height: normal;\">airis<\/span><\/p>\n<\/td>\n<td style=\"width: 169.85pt; border-top: none; border-left: none; border-bottom: solidwindowtext1.0pt; border-right: solidwindowtext1.0pt;\" width=\"226\">\n<p style=\"margin-bottom: .0001pt; padding: 0cm5.4pt0cm5.4pt;\">\n<\/p><\/td>\n<\/tr>\n<tr>\n<td style=\"width: 42.3pt; border: solidwindowtext1.0pt; border-top: none;\" width=\"56\">\n<p style=\"margin-bottom: .0001pt; padding: 0cm5.4pt0cm5.4pt;\">\n<\/p><\/td>\n<td style=\"width: 4.0cm; border-top: none; border-left: none; border-bottom: solidwindowtext1.0pt; border-right: solidwindowtext1.0pt;\" width=\"151\">\n<p style=\"margin-bottom: .0001pt; padding: 0cm5.4pt0cm5.4pt;\"><span style=\"line-height: normal;\">ankur<\/span><\/p>\n<\/td>\n<td style=\"width: 127.55pt; border-top: none; border-left: none; border-bottom: solidwindowtext1.0pt; border-right: solidwindowtext1.0pt;\" width=\"170\">\n<p style=\"margin-bottom: .0001pt; padding: 0cm5.4pt0cm5.4pt;\"><span style=\"line-height: normal;\">enkurs<\/span><\/p>\n<\/td>\n<td style=\"width: 169.85pt; border-top: none; border-left: none; border-bottom: solidwindowtext1.0pt; border-right: solidwindowtext1.0pt;\" width=\"226\">\n<p style=\"margin-bottom: .0001pt; padding: 0cm5.4pt0cm5.4pt;\">\n<\/p><\/td>\n<\/tr>\n<tr>\n<td style=\"width: 42.3pt; border: solidwindowtext1.0pt; border-top: none;\" width=\"56\">\n<p style=\"margin-bottom: .0001pt; padding: 0cm5.4pt0cm5.4pt;\">\n<\/p><\/td>\n<td style=\"width: 4.0cm; border-top: none; border-left: none; border-bottom: solidwindowtext1.0pt; border-right: solidwindowtext1.0pt;\" width=\"151\">\n<p style=\"margin-bottom: .0001pt; padding: 0cm5.4pt0cm5.4pt;\"><span style=\"line-height: normal;\">v\u00f5rk<\/span><\/p>\n<\/td>\n<td style=\"width: 127.55pt; border-top: none; border-left: none; border-bottom: solidwindowtext1.0pt; border-right: solidwindowtext1.0pt;\" width=\"170\">\n<p style=\"margin-bottom: .0001pt; padding: 0cm5.4pt0cm5.4pt;\"><span style=\"line-height: normal;\">t\u012bkls<\/span><\/p>\n<\/td>\n<td style=\"width: 169.85pt; border-top: none; border-left: none; border-bottom: solidwindowtext1.0pt; border-right: solidwindowtext1.0pt;\" width=\"226\">\n<p style=\"margin-bottom: .0001pt; padding: 0cm5.4pt0cm5.4pt;\">\n<\/p><\/td>\n<\/tr>\n<tr>\n<td style=\"width: 42.3pt; border: solidwindowtext1.0pt; border-top: none;\" width=\"56\">\n<p style=\"margin-bottom: .0001pt; padding: 0cm5.4pt0cm5.4pt;\">\n<\/p><\/td>\n<td style=\"width: 4.0cm; border-top: none; border-left: none; border-bottom: solidwindowtext1.0pt; border-right: solidwindowtext1.0pt;\" width=\"151\">\n<p style=\"margin-bottom: .0001pt; padding: 0cm5.4pt0cm5.4pt;\"><span style=\"line-height: normal;\">meritint<\/span><\/p>\n<\/td>\n<td style=\"width: 127.55pt; border-top: none; border-left: none; border-bottom: solidwindowtext1.0pt; border-right: solidwindowtext1.0pt;\" width=\"170\">\n<p style=\"margin-bottom: .0001pt; padding: 0cm5.4pt0cm5.4pt;\"><span style=\"line-height: normal;\">salaka<\/span><\/p>\n<\/td>\n<td style=\"width: 169.85pt; border-top: none; border-left: none; border-bottom: solidwindowtext1.0pt; border-right: solidwindowtext1.0pt;\" width=\"226\">\n<p style=\"margin-bottom: .0001pt; padding: 0cm5.4pt0cm5.4pt;\">\n<\/p><\/td>\n<\/tr>\n<tr>\n<td style=\"width: 42.3pt; border: solidwindowtext1.0pt; border-top: none;\" width=\"56\">\n<p style=\"margin-bottom: .0001pt; padding: 0cm5.4pt0cm5.4pt;\">\n<\/p><\/td>\n<td style=\"width: 4.0cm; border-top: none; border-left: none; border-bottom: solidwindowtext1.0pt; border-right: solidwindowtext1.0pt;\" width=\"151\">\n<p style=\"margin-bottom: .0001pt; padding: 0cm5.4pt0cm5.4pt;\"><span style=\"line-height: normal;\">majakas<\/span><\/p>\n<\/td>\n<td style=\"width: 127.55pt; border-top: none; border-left: none; border-bottom: solidwindowtext1.0pt; border-right: solidwindowtext1.0pt;\" width=\"170\">\n<p style=\"margin-bottom: .0001pt; padding: 0cm5.4pt0cm5.4pt;\"><span style=\"line-height: normal;\">b\u0101ka<\/span><\/p>\n<\/td>\n<td style=\"width: 169.85pt; border-top: none; border-left: none; border-bottom: solidwindowtext1.0pt; border-right: solidwindowtext1.0pt;\" width=\"226\">\n<p style=\"margin-bottom: .0001pt; padding: 0cm5.4pt0cm5.4pt;\">\n<\/p><\/td>\n<\/tr>\n<tr>\n<td style=\"width: 42.3pt; border: solidwindowtext1.0pt; border-top: none;\" width=\"56\">\n<p style=\"margin-bottom: .0001pt; padding: 0cm5.4pt0cm5.4pt;\">\n<\/p><\/td>\n<td style=\"width: 4.0cm; border-top: none; border-left: none; border-bottom: solidwindowtext1.0pt; border-right: solidwindowtext1.0pt;\" width=\"151\">\n<p style=\"margin-bottom: .0001pt; padding: 0cm5.4pt0cm5.4pt;\"><span style=\"line-height: normal;\">k\u00f6is<\/span><\/p>\n<\/td>\n<td style=\"width: 127.55pt; border-top: none; border-left: none; border-bottom: solidwindowtext1.0pt; border-right: solidwindowtext1.0pt;\" width=\"170\">\n<p style=\"margin-bottom: .0001pt; padding: 0cm5.4pt0cm5.4pt;\"><span style=\"line-height: normal;\">virve<\/span><\/p>\n<\/td>\n<td style=\"width: 169.85pt; border-top: none; border-left: none; border-bottom: solidwindowtext1.0pt; border-right: solidwindowtext1.0pt;\" width=\"226\">\n<p style=\"margin-bottom: .0001pt; padding: 0cm5.4pt0cm5.4pt;\">\n<\/p><\/td>\n<\/tr>\n<tr>\n<td style=\"width: 42.3pt; border: solidwindowtext1.0pt; border-top: none;\" width=\"56\">\n<p style=\"margin-bottom: .0001pt; padding: 0cm5.4pt0cm5.4pt;\">\n<\/p><\/td>\n<td style=\"width: 4.0cm; border-top: none; border-left: none; border-bottom: solidwindowtext1.0pt; border-right: solidwindowtext1.0pt;\" width=\"151\">\n<p style=\"margin-bottom: .0001pt; padding: 0cm5.4pt0cm5.4pt;\"><span style=\"line-height: normal;\">meri<\/span><\/p>\n<\/td>\n<td style=\"width: 127.55pt; border-top: none; border-left: none; border-bottom: solidwindowtext1.0pt; border-right: solidwindowtext1.0pt;\" width=\"170\">\n<p style=\"margin-bottom: .0001pt; padding: 0cm5.4pt0cm5.4pt;\"><span style=\"line-height: normal;\">j\u016bra<\/span><\/p>\n<\/td>\n<td style=\"width: 169.85pt; border-top: none; border-left: none; border-bottom: solidwindowtext1.0pt; border-right: solidwindowtext1.0pt;\" width=\"226\">\n<p style=\"margin-bottom: .0001pt; padding: 0cm5.4pt0cm5.4pt;\">\n<\/p><\/td>\n<\/tr>\n<tr>\n<td style=\"width: 42.3pt; border: solidwindowtext1.0pt; border-top: none;\" width=\"56\">\n<p style=\"margin-bottom: .0001pt; padding: 0cm5.4pt0cm5.4pt;\">\n<\/p><\/td>\n<td style=\"width: 4.0cm; border-top: none; border-left: none; border-bottom: solidwindowtext1.0pt; border-right: solidwindowtext1.0pt;\" width=\"151\">\n<p style=\"margin-bottom: .0001pt; padding: 0cm5.4pt0cm5.4pt;\"><span style=\"line-height: normal;\">kammeljas<\/span><\/p>\n<\/td>\n<td style=\"width: 127.55pt; border-top: none; border-left: none; border-bottom: solidwindowtext1.0pt; border-right: solidwindowtext1.0pt;\" width=\"170\">\n<p style=\"margin-bottom: .0001pt; padding: 0cm5.4pt0cm5.4pt;\"><span style=\"line-height: normal;\">akme\u0146plekste<\/span><\/p>\n<\/td>\n<td style=\"width: 169.85pt; border-top: none; border-left: none; border-bottom: solidwindowtext1.0pt; border-right: solidwindowtext1.0pt;\" width=\"226\">\n<p style=\"margin-bottom: .0001pt; padding: 0cm5.4pt0cm5.4pt;\">\n<\/p><\/td>\n<\/tr>\n<tr>\n<td style=\"width: 42.3pt; border: solidwindowtext1.0pt; border-top: none;\" width=\"56\">\n<p style=\"margin-bottom: .0001pt; padding: 0cm5.4pt0cm5.4pt;\">\n<\/p><\/td>\n<td style=\"width: 4.0cm; border-top: none; border-left: none; border-bottom: solidwindowtext1.0pt; border-right: solidwindowtext1.0pt;\" width=\"151\">\n<p style=\"margin-bottom: .0001pt; padding: 0cm5.4pt0cm5.4pt;\"><span style=\"line-height: normal;\">noot<\/span><\/p>\n<\/td>\n<td style=\"width: 127.55pt; border-top: none; border-left: none; border-bottom: solidwindowtext1.0pt; border-right: solidwindowtext1.0pt;\" width=\"170\">\n<p style=\"margin-bottom: .0001pt; padding: 0cm5.4pt0cm5.4pt;\"><span style=\"line-height: normal;\">vads<\/span><\/p>\n<\/td>\n<td style=\"width: 169.85pt; border-top: none; border-left: none; border-bottom: solidwindowtext1.0pt; border-right: solidwindowtext1.0pt;\" width=\"226\">\n<p style=\"margin-bottom: .0001pt; padding: 0cm5.4pt0cm5.4pt;\">\n<\/p><\/td>\n<\/tr>\n<tr>\n<td style=\"width: 42.3pt; border: solidwindowtext1.0pt; border-top: none;\" width=\"56\">\n<p style=\"margin-bottom: .0001pt; padding: 0cm5.4pt0cm5.4pt;\">\n<\/p><\/td>\n<td style=\"width: 4.0cm; border-top: none; border-left: none; border-bottom: solidwindowtext1.0pt; border-right: solidwindowtext1.0pt;\" width=\"151\">\n<p style=\"margin-bottom: .0001pt; padding: 0cm5.4pt0cm5.4pt;\"><span style=\"line-height: normal;\">kalapaat<\/span><\/p>\n<\/td>\n<td style=\"width: 127.55pt; border-top: none; border-left: none; border-bottom: solidwindowtext1.0pt; border-right: solidwindowtext1.0pt;\" width=\"170\">\n<p style=\"margin-bottom: .0001pt; padding: 0cm5.4pt0cm5.4pt;\"><span style=\"line-height: normal;\">zvejas laiva<\/span><\/p>\n<\/td>\n<td style=\"width: 169.85pt; border-top: none; border-left: none; border-bottom: solidwindowtext1.0pt; border-right: solidwindowtext1.0pt;\" width=\"226\">\n<p style=\"margin-bottom: .0001pt; padding: 0cm5.4pt0cm5.4pt;\">\n<\/p><\/td>\n<\/tr>\n<tr>\n<td style=\"width: 42.3pt; border: solidwindowtext1.0pt; border-top: none;\" width=\"56\">\n<p style=\"margin-bottom: .0001pt; padding: 0cm5.4pt0cm5.4pt;\">\n<\/p><\/td>\n<td style=\"width: 4.0cm; border-top: none; border-left: none; border-bottom: solidwindowtext1.0pt; border-right: solidwindowtext1.0pt;\" width=\"151\">\n<p style=\"margin-bottom: .0001pt; padding: 0cm5.4pt0cm5.4pt;\"><span style=\"line-height: normal;\">kilu <\/span><\/p>\n<\/td>\n<td style=\"width: 127.55pt; border-top: none; border-left: none; border-bottom: solidwindowtext1.0pt; border-right: solidwindowtext1.0pt;\" width=\"170\">\n<p style=\"margin-bottom: .0001pt; padding: 0cm5.4pt0cm5.4pt;\"><span style=\"line-height: normal;\">br\u0113tli\u0146as<\/span><\/p>\n<\/td>\n<td style=\"width: 169.85pt; border-top: none; border-left: none; border-bottom: solidwindowtext1.0pt; border-right: solidwindowtext1.0pt;\" width=\"226\">\n<p style=\"margin-bottom: .0001pt; padding: 0cm5.4pt0cm5.4pt;\">\n<\/p><\/td>\n<\/tr>\n<tr>\n<td style=\"width: 42.3pt; border: solidwindowtext1.0pt; border-top: none;\" width=\"56\">\n<p style=\"margin-bottom: .0001pt; padding: 0cm5.4pt0cm5.4pt;\">\n<\/p><\/td>\n<td style=\"width: 4.0cm; border-top: none; border-left: none; border-bottom: solidwindowtext1.0pt; border-right: solidwindowtext1.0pt;\" width=\"151\">\n<p style=\"margin-bottom: .0001pt; padding: 0cm5.4pt0cm5.4pt;\"><span style=\"line-height: normal;\">angerjas<\/span><\/p>\n<\/td>\n<td style=\"width: 127.55pt; border-top: none; border-left: none; border-bottom: solidwindowtext1.0pt; border-right: solidwindowtext1.0pt;\" width=\"170\">\n<p style=\"margin-bottom: .0001pt; padding: 0cm5.4pt0cm5.4pt;\"><span style=\"line-height: normal;\">zutis<\/span><\/p>\n<\/td>\n<td style=\"width: 169.85pt; border-top: none; border-left: none; border-bottom: solidwindowtext1.0pt; border-right: solidwindowtext1.0pt;\" width=\"226\">\n<p style=\"margin-bottom: .0001pt; padding: 0cm5.4pt0cm5.4pt;\">\n<\/p><\/td>\n<\/tr>\n<tr>\n<td style=\"width: 42.3pt; border: solidwindowtext1.0pt; border-top: none;\" width=\"56\">\n<p style=\"margin-bottom: .0001pt; padding: 0cm5.4pt0cm5.4pt;\">\n<\/p><\/td>\n<td style=\"width: 4.0cm; border-top: none; border-left: none; border-bottom: solidwindowtext1.0pt; border-right: solidwindowtext1.0pt;\" width=\"151\">\n<p style=\"margin-bottom: .0001pt; padding: 0cm5.4pt0cm5.4pt;\"><span style=\"line-height: normal;\">tursk<\/span><\/p>\n<\/td>\n<td style=\"width: 127.55pt; border-top: none; border-left: none; border-bottom: solidwindowtext1.0pt; border-right: solidwindowtext1.0pt;\" width=\"170\">\n<p style=\"margin-bottom: .0001pt; padding: 0cm5.4pt0cm5.4pt;\"><span style=\"line-height: normal;\">menca<\/span><\/p>\n<\/td>\n<td style=\"width: 169.85pt; border-top: none; border-left: none; border-bottom: solidwindowtext1.0pt; border-right: solidwindowtext1.0pt;\" width=\"226\">\n<p style=\"margin-bottom: .0001pt; padding: 0cm5.4pt0cm5.4pt;\">\n<\/p><\/td>\n<\/tr>\n<\/tbody>\n<\/table>\n<p>2014<\/p>\n<p>vanem<\/p>\n<p>piirkonnavoor<\/p>\n<p><a href=\"https:\/\/sisu.ut.ee\/keeleylesanded\/kuramaa-liivlaste-sonad-vastus\/\">Vastus<\/a><\/p>\n","protected":false},"excerpt":{"rendered":"<p>Kuramaa liivlaste p\u00f5hiliseks asualaks L\u00e4tis on olnud Kuramaa p\u00f5hjatipp ehk liivi rand. Mere ja kalap\u00fc\u00fcgiga on seotud ka suur osa nende sonavarast. Eesti-l\u00e4ti-liivi s\u00f5naraamatu koostajal on liivi vasted segamini l\u00e4inud. Proovi teda aidata ning leida eesti ja l\u00e4ti keele abil &#8230;<\/p>\n","protected":false},"author":185,"featured_media":0,"parent":0,"menu_order":0,"comment_status":"closed","ping_status":"closed","template":"","meta":{"_acf_changed":false,"inline_featured_image":false,"footnotes":""},"class_list":["post-87","page","type-page","status-publish","hentry"],"acf":[],"_links":{"self":[{"href":"https:\/\/sisu.ut.ee\/keeleylesanded\/wp-json\/wp\/v2\/pages\/87","targetHints":{"allow":["GET"]}}],"collection":[{"href":"https:\/\/sisu.ut.ee\/keeleylesanded\/wp-json\/wp\/v2\/pages"}],"about":[{"href":"https:\/\/sisu.ut.ee\/keeleylesanded\/wp-json\/wp\/v2\/types\/page"}],"author":[{"embeddable":true,"href":"https:\/\/sisu.ut.ee\/keeleylesanded\/wp-json\/wp\/v2\/users\/185"}],"replies":[{"embeddable":true,"href":"https:\/\/sisu.ut.ee\/keeleylesanded\/wp-json\/wp\/v2\/comments?post=87"}],"version-history":[{"count":2,"href":"https:\/\/sisu.ut.ee\/keeleylesanded\/wp-json\/wp\/v2\/pages\/87\/revisions"}],"predecessor-version":[{"id":1876,"href":"https:\/\/sisu.ut.ee\/keeleylesanded\/wp-json\/wp\/v2\/pages\/87\/revisions\/1876"}],"wp:attachment":[{"href":"https:\/\/sisu.ut.ee\/keeleylesanded\/wp-json\/wp\/v2\/media?parent=87"}],"curies":[{"name":"wp","href":"https:\/\/api.w.org\/{rel}","templated":true}]}}