{"id":85,"date":"2024-04-04T05:03:28","date_gmt":"2024-04-04T02:03:28","guid":{"rendered":"https:\/\/sisu.ut.ee\/keeleylesanded\/taimenimetused-vanas-kirjaviisis\/"},"modified":"2024-11-29T12:59:05","modified_gmt":"2024-11-29T10:59:05","slug":"taimenimetused-vanas-kirjaviisis","status":"publish","type":"page","link":"https:\/\/sisu.ut.ee\/keeleylesanded\/taimenimetused-vanas-kirjaviisis\/","title":{"rendered":"Taimenimetused vanas kirjaviisis"},"content":{"rendered":"<p><b>A-osa. Kirjuta 18. sajandil kirja pandud taimenimetuse k\u00f5rvale selle taime t\u00e4nap\u00e4eval tuntuim nimetus ainsuse vormis<\/b><\/p>\n<ol>\n<li>paiso lehhed \u2026\u2026\u2026\u2026\u2026\u2026\u2026\u2026\u2026\u2026\u2026\u2026\u2026\u2026\u2026\u2026\u2026\u2026\u2026\u2026\u2026\u2026\u2026\u2026\u2026\u2026\u2026\u2026.<\/li>\n<li>hullu koera rohhud \u2026\u2026\u2026\u2026\u2026\u2026\u2026\u2026\u2026\u2026\u2026\u2026\u2026\u2026\u2026\u2026\u2026\u2026\u2026\u2026\u2026\u2026\u2026\u2026\u2026\u2026\u2026\u2026.<\/li>\n<li>j\u00e4nnekse oblik \u2026\u2026\u2026\u2026\u2026\u2026\u2026\u2026\u2026\u2026\u2026\u2026\u2026\u2026\u2026\u2026\u2026\u2026\u2026\u2026\u2026\u2026\u2026\u2026\u2026\u2026\u2026\u2026.<\/li>\n<li>wohho m\u00f6kad \u2026\u2026\u2026\u2026\u2026\u2026\u2026\u2026\u2026\u2026\u2026\u2026\u2026\u2026\u2026\u2026\u2026\u2026\u2026\u2026\u2026\u2026\u2026\u2026\u2026\u2026\u2026\u2026.<\/li>\n<li>nassinined \u2026\u2026\u2026\u2026\u2026\u2026\u2026\u2026\u2026\u2026\u2026\u2026\u2026\u2026\u2026\u2026\u2026\u2026\u2026\u2026\u2026\u2026\u2026\u2026\u2026\u2026\u2026\u2026.<\/li>\n<li>hunti kurrikad \u2026\u2026\u2026\u2026\u2026\u2026\u2026\u2026\u2026\u2026\u2026\u2026\u2026\u2026\u2026\u2026\u2026\u2026\u2026\u2026\u2026\u2026\u2026\u2026\u2026\u2026\u2026\u2026.<\/li>\n<li>naeste punnad \u2026\u2026\u2026\u2026\u2026\u2026\u2026\u2026\u2026\u2026\u2026\u2026\u2026\u2026\u2026\u2026\u2026\u2026\u2026\u2026\u2026\u2026\u2026\u2026\u2026\u2026\u2026\u2026.<\/li>\n<li>maggunad \u2026\u2026\u2026\u2026\u2026\u2026\u2026\u2026\u2026\u2026\u2026\u2026\u2026\u2026\u2026\u2026\u2026\u2026\u2026\u2026\u2026\u2026\u2026\u2026\u2026\u2026\u2026\u2026.<\/li>\n<\/ol>\n<p style=\"text-align: justify;\"><b>B-osa. Kuidas eristati 18. sajandi ortograafias esimese silbi pikki ja l\u00fchikesi t\u00e4ish\u00e4\u00e4likuid? Tee j\u00e4reldusi A-osas esitatud keelen\u00e4idete p\u00f5hjal. Too sealt ka kaks n\u00e4idet, \u00fcks pika, teine l\u00fchikese t\u00e4ish\u00e4\u00e4liku kohta.<\/b><\/p>\n<table class=\"table table-hover\" style=\"border-collapse: collapse; border: solidwindowtext1.0pt;\">\n<tbody>\n<tr>\n<td style=\"width: 151.0pt; border: solidwindowtext1.0pt;\" width=\"201\">\n<p style=\"margin-bottom: .0001pt; padding: 0cm5.4pt0cm5.4pt;\"><span style=\"line-height: normal;\"><b>Vastus<\/b><\/span><\/p>\n<\/td>\n<td style=\"width: 151.05pt; border: solidwindowtext1.0pt; border-left: none;\" width=\"201\">\n<p style=\"margin-bottom: .0001pt; padding: 0cm5.4pt0cm5.4pt;\"><span style=\"line-height: normal;\"><b>Pika t\u00e4ish\u00e4\u00e4liku n\u00e4ide<\/b><\/span><\/p>\n<\/td>\n<td style=\"width: 151.05pt; border: solidwindowtext1.0pt; border-left: none;\" width=\"201\">\n<p style=\"margin-bottom: .0001pt; padding: 0cm5.4pt0cm5.4pt;\"><span style=\"line-height: normal;\"><b>L\u00fchikese t\u00e4ish\u00e4\u00e4liku n\u00e4ide<\/b><\/span><\/p>\n<\/td>\n<\/tr>\n<tr>\n<td style=\"width: 151.0pt; border: solidwindowtext1.0pt; border-top: none;\" width=\"201\">\n<p style=\"margin-bottom: .0001pt; padding: 0cm5.4pt0cm5.4pt;\">\n<\/p><p style=\"margin-bottom: .0001pt; padding: 0cm5.4pt0cm5.4pt;\">\n<\/p><p style=\"margin-bottom: .0001pt; padding: 0cm5.4pt0cm5.4pt;\">\n<\/p><\/td>\n<td style=\"width: 151.05pt; border-top: none; border-left: none; border-bottom: solidwindowtext1.0pt; border-right: solidwindowtext1.0pt;\" width=\"201\">\n<p style=\"margin-bottom: .0001pt; padding: 0cm5.4pt0cm5.4pt;\">\n<\/p><\/td>\n<td style=\"width: 151.05pt; border-top: none; border-left: none; border-bottom: solidwindowtext1.0pt; border-right: solidwindowtext1.0pt;\" width=\"201\">\n<p style=\"margin-bottom: .0001pt; padding: 0cm5.4pt0cm5.4pt;\">\n<\/p><\/td>\n<\/tr>\n<\/tbody>\n<\/table>\n<p><a title=\"\" href=\"https:\/\/sisu.ut.ee\/keeleylesanded\/taimenimetused-vanas-kirjaviisis-vastus\" target=\"_blank\" rel=\"noopener\" data-url=\"https:\/\/sisu.ut.ee\/keeleylesanded\/taimenimetused-vanas-kirjaviisis-vastus\">2<\/a>014<\/p>\n<p>vanem<\/p>\n<p>piirkonnavoor<\/p>\n<p><a href=\"https:\/\/sisu.ut.ee\/keeleylesanded\/taimenimetused-vanas-kirjaviisis-vastus\/\">Vastus<\/a><\/p>\n","protected":false},"excerpt":{"rendered":"<p>A-osa. Kirjuta 18. sajandil kirja pandud taimenimetuse k\u00f5rvale selle taime t\u00e4nap\u00e4eval tuntuim nimetus ainsuse vormis paiso lehhed \u2026\u2026\u2026\u2026\u2026\u2026\u2026\u2026\u2026\u2026\u2026\u2026\u2026\u2026\u2026\u2026\u2026\u2026\u2026\u2026\u2026\u2026\u2026\u2026\u2026\u2026\u2026\u2026. hullu koera rohhud \u2026\u2026\u2026\u2026\u2026\u2026\u2026\u2026\u2026\u2026\u2026\u2026\u2026\u2026\u2026\u2026\u2026\u2026\u2026\u2026\u2026\u2026\u2026\u2026\u2026\u2026\u2026\u2026. j\u00e4nnekse oblik \u2026\u2026\u2026\u2026\u2026\u2026\u2026\u2026\u2026\u2026\u2026\u2026\u2026\u2026\u2026\u2026\u2026\u2026\u2026\u2026\u2026\u2026\u2026\u2026\u2026\u2026\u2026\u2026. wohho m\u00f6kad \u2026\u2026\u2026\u2026\u2026\u2026\u2026\u2026\u2026\u2026\u2026\u2026\u2026\u2026\u2026\u2026\u2026\u2026\u2026\u2026\u2026\u2026\u2026\u2026\u2026\u2026\u2026\u2026. nassinined \u2026\u2026\u2026\u2026\u2026\u2026\u2026\u2026\u2026\u2026\u2026\u2026\u2026\u2026\u2026\u2026\u2026\u2026\u2026\u2026\u2026\u2026\u2026\u2026\u2026\u2026\u2026\u2026. hunti kurrikad \u2026\u2026\u2026\u2026\u2026\u2026\u2026\u2026\u2026\u2026\u2026\u2026\u2026\u2026\u2026\u2026\u2026\u2026\u2026\u2026\u2026\u2026\u2026\u2026\u2026\u2026\u2026\u2026. naeste punnad \u2026\u2026\u2026\u2026\u2026\u2026\u2026\u2026\u2026\u2026\u2026\u2026\u2026\u2026\u2026\u2026\u2026\u2026\u2026\u2026\u2026\u2026\u2026\u2026\u2026\u2026\u2026\u2026. maggunad \u2026\u2026\u2026\u2026\u2026\u2026\u2026\u2026\u2026\u2026\u2026\u2026\u2026\u2026\u2026\u2026\u2026\u2026\u2026\u2026\u2026\u2026\u2026\u2026\u2026\u2026\u2026\u2026. B-osa. Kuidas &#8230;<\/p>\n","protected":false},"author":185,"featured_media":0,"parent":0,"menu_order":0,"comment_status":"closed","ping_status":"closed","template":"","meta":{"_acf_changed":false,"inline_featured_image":false,"footnotes":""},"class_list":["post-85","page","type-page","status-publish","hentry"],"acf":[],"_links":{"self":[{"href":"https:\/\/sisu.ut.ee\/keeleylesanded\/wp-json\/wp\/v2\/pages\/85","targetHints":{"allow":["GET"]}}],"collection":[{"href":"https:\/\/sisu.ut.ee\/keeleylesanded\/wp-json\/wp\/v2\/pages"}],"about":[{"href":"https:\/\/sisu.ut.ee\/keeleylesanded\/wp-json\/wp\/v2\/types\/page"}],"author":[{"embeddable":true,"href":"https:\/\/sisu.ut.ee\/keeleylesanded\/wp-json\/wp\/v2\/users\/185"}],"replies":[{"embeddable":true,"href":"https:\/\/sisu.ut.ee\/keeleylesanded\/wp-json\/wp\/v2\/comments?post=85"}],"version-history":[{"count":2,"href":"https:\/\/sisu.ut.ee\/keeleylesanded\/wp-json\/wp\/v2\/pages\/85\/revisions"}],"predecessor-version":[{"id":1996,"href":"https:\/\/sisu.ut.ee\/keeleylesanded\/wp-json\/wp\/v2\/pages\/85\/revisions\/1996"}],"wp:attachment":[{"href":"https:\/\/sisu.ut.ee\/keeleylesanded\/wp-json\/wp\/v2\/media?parent=85"}],"curies":[{"name":"wp","href":"https:\/\/api.w.org\/{rel}","templated":true}]}}