{"id":83,"date":"2024-04-04T05:03:28","date_gmt":"2024-04-04T02:03:28","guid":{"rendered":"https:\/\/sisu.ut.ee\/keeleylesanded\/osi-uued-sonad\/"},"modified":"2024-11-29T11:58:50","modified_gmt":"2024-11-29T09:58:50","slug":"osi-uued-sonad","status":"publish","type":"page","link":"https:\/\/sisu.ut.ee\/keeleylesanded\/osi-uued-sonad\/","title":{"rendered":"\u00d5Si uued s\u00f5nad (II)"},"content":{"rendered":"<p><b>Kaante vahele j\u00f5udnud s\u00f5naraamat vananeb kiiresti ja vahel j\u00e4\u00e4vad \u00d5Sist v\u00e4lja ka k\u00f5ige tavalisemad, sh argikeelsed s\u00f5nad. ET hoida \u00d5Si ajakohasena, peavad selle koostajad t\u00e4iendust loendit. Selle \u00fclesande s\u00f5nad on v\u00f5etud 2006. aasta \u00d5Si ilmumise j\u00e4rel loendisse lisatud s\u00f5nade hulgast, st 2006. aasta \u00d5Sis neid s\u00f5nu veel polnud ja nad on ilmunud 2013. aasta \u00d5Sis. K\u00f5ik s\u00f5nad saada moodustada j\u00e4rgnevatest silpidest. Iga silpi l\u00e4heb vaja \u00fcks kord. Kirjuta sobivad s\u00f5nad tabelisse.<\/b><\/p>\n<p><i>a, a, aal, ba, bot, doo, d\u00fcs, e, fekt, fo, gi, hu, ja, j\u00e4lg, ju, kiu, ko, ko, komm, koo, la, la, lek, li, li, loo, mi, mi, mu, ne, ne, no, no, \u00f6, ri, ro, ru, sa, se, si, to, va, va<\/i><\/p>\n<table class=\"table table-hover\" style=\"border-collapse: collapse;\" width=\"610\">\n<tbody>\n<tr>\n<td style=\"width: 42.3pt; border: solidwindowtext1.0pt;\" width=\"56\">\n<p style=\"margin-bottom: .0001pt; padding: 0cm5.4pt0cm5.4pt;\">\n<\/p><\/td>\n<td style=\"width: 127.55pt; border: solidwindowtext1.0pt; border-left: none;\" width=\"170\">\n<p style=\"margin-bottom: .0001pt; padding: 0cm5.4pt0cm5.4pt;\"><span style=\"line-height: normal;\">S\u00f5na<\/span><\/p>\n<\/td>\n<td style=\"width: 283.25pt; border: solidwindowtext1.0pt; border-left: none;\" width=\"378\">\n<p style=\"margin-bottom: .0001pt; padding: 0cm5.4pt0cm5.4pt;\"><span style=\"line-height: normal;\">T\u00e4hendus<\/span><\/p>\n<\/td>\n<\/tr>\n<tr>\n<td style=\"width: 42.3pt; border: solidwindowtext1.0pt; border-top: none;\" width=\"56\">\n<p style=\"margin-bottom: 0.0001pt;\">1)<\/p>\n<\/td>\n<td style=\"width: 127.55pt; border-top: none; border-left: none; border-bottom: solidwindowtext1.0pt; border-right: solidwindowtext1.0pt;\" width=\"170\">\n<p style=\"margin-bottom: .0001pt; padding: 0cm5.4pt0cm5.4pt;\">\n<\/p><\/td>\n<td style=\"width: 283.25pt; border-top: none; border-left: none; border-bottom: solidwindowtext1.0pt; border-right: solidwindowtext1.0pt;\" width=\"378\">\n<p style=\"margin-bottom: .0001pt; padding: 0cm5.4pt0cm5.4pt;\"><span style=\"line-height: normal;\">ahelreaktsioon, olukord, kus \u00fcks s\u00fcndmus vallandab ridamisi teised<\/span><\/p>\n<\/td>\n<\/tr>\n<tr>\n<td style=\"width: 42.3pt; border: solidwindowtext1.0pt; border-top: none;\" width=\"56\">\n<p style=\"margin-bottom: 0.0001pt;\">2)<\/p>\n<\/td>\n<td style=\"width: 127.55pt; border-top: none; border-left: none; border-bottom: solidwindowtext1.0pt; border-right: solidwindowtext1.0pt;\" width=\"170\">\n<p style=\"margin-bottom: .0001pt; padding: 0cm5.4pt0cm5.4pt;\">\n<\/p><\/td>\n<td style=\"width: 283.25pt; border-top: none; border-left: none; border-bottom: solidwindowtext1.0pt; border-right: solidwindowtext1.0pt;\" width=\"378\">\n<p style=\"margin-bottom: .0001pt; padding: 0cm5.4pt0cm5.4pt;\"><span style=\"line-height: normal;\"><i>argikeeles: <\/i>m\u00f5ttelage, rumal<\/span><\/p>\n<\/td>\n<\/tr>\n<tr>\n<td style=\"width: 42.3pt; border: solidwindowtext1.0pt; border-top: none;\" width=\"56\">\n<p style=\"margin-bottom: 0.0001pt;\">3)<\/p>\n<\/td>\n<td style=\"width: 127.55pt; border-top: none; border-left: none; border-bottom: solidwindowtext1.0pt; border-right: solidwindowtext1.0pt;\" width=\"170\">\n<p style=\"margin-bottom: .0001pt; padding: 0cm5.4pt0cm5.4pt;\">\n<\/p><\/td>\n<td style=\"width: 283.25pt; border-top: none; border-left: none; border-bottom: solidwindowtext1.0pt; border-right: solidwindowtext1.0pt;\" width=\"378\">\n<p style=\"margin-bottom: .0001pt; padding: 0cm5.4pt0cm5.4pt;\"><span style=\"line-height: normal;\">Arvestuslik maa-ala, mid on inimese kohta aastas vaja loodusvarade taastootmiseks ja j\u00e4\u00e4tmete k\u00f5rvaldamiseks<\/span><\/p>\n<\/td>\n<\/tr>\n<tr>\n<td style=\"width: 42.3pt; border: solidwindowtext1.0pt; border-top: none;\" width=\"56\">\n<p style=\"margin-bottom: 0.0001pt;\">4)<\/p>\n<\/td>\n<td style=\"width: 127.55pt; border-top: none; border-left: none; border-bottom: solidwindowtext1.0pt; border-right: solidwindowtext1.0pt;\" width=\"170\">\n<p style=\"margin-bottom: .0001pt; padding: 0cm5.4pt0cm5.4pt;\">\n<\/p><\/td>\n<td style=\"width: 283.25pt; border-top: none; border-left: none; border-bottom: solidwindowtext1.0pt; border-right: solidwindowtext1.0pt;\" width=\"378\">\n<p style=\"margin-bottom: .0001pt; padding: 0cm5.4pt0cm5.4pt;\"><span style=\"line-height: normal;\">kaas\u00f5pilas(t)e kiusamine<\/span><\/p>\n<\/td>\n<\/tr>\n<tr>\n<td style=\"width: 42.3pt; border: solidwindowtext1.0pt; border-top: none;\" width=\"56\">\n<p style=\"margin-bottom: 0.0001pt;\">5)<\/p>\n<\/td>\n<td style=\"width: 127.55pt; border-top: none; border-left: none; border-bottom: solidwindowtext1.0pt; border-right: solidwindowtext1.0pt;\" width=\"170\">\n<p style=\"margin-bottom: .0001pt; padding: 0cm5.4pt0cm5.4pt;\">\n<\/p><\/td>\n<td style=\"width: 283.25pt; border-top: none; border-left: none; border-bottom: solidwindowtext1.0pt; border-right: solidwindowtext1.0pt;\" width=\"378\">\n<p style=\"margin-bottom: .0001pt; padding: 0cm5.4pt0cm5.4pt;\"><span style=\"line-height: normal;\">kerge pehme suhkrukompvek<\/span><\/p>\n<\/td>\n<\/tr>\n<tr>\n<td style=\"width: 42.3pt; border: solidwindowtext1.0pt; border-top: none;\" width=\"56\">\n<p style=\"margin-bottom: 0.0001pt;\">6)<\/p>\n<\/td>\n<td style=\"width: 127.55pt; border-top: none; border-left: none; border-bottom: solidwindowtext1.0pt; border-right: solidwindowtext1.0pt;\" width=\"170\">\n<p style=\"margin-bottom: .0001pt; padding: 0cm5.4pt0cm5.4pt;\">\n<\/p><\/td>\n<td style=\"width: 283.25pt; border-top: none; border-left: none; border-bottom: solidwindowtext1.0pt; border-right: solidwindowtext1.0pt;\" width=\"378\">\n<p style=\"margin-bottom: .0001pt; padding: 0cm5.4pt0cm5.4pt;\"><span style=\"line-height: normal;\">kuivatatud merevetikas Jaapani k\u00f6\u00f6gis<\/span><\/p>\n<\/td>\n<\/tr>\n<tr>\n<td style=\"width: 42.3pt; border: solidwindowtext1.0pt; border-top: none;\" width=\"56\">\n<p style=\"margin-bottom: 0.0001pt;\">7)<\/p>\n<\/td>\n<td style=\"width: 127.55pt; border-top: none; border-left: none; border-bottom: solidwindowtext1.0pt; border-right: solidwindowtext1.0pt;\" width=\"170\">\n<p style=\"margin-bottom: .0001pt; padding: 0cm5.4pt0cm5.4pt;\">\n<\/p><\/td>\n<td style=\"width: 283.25pt; border-top: none; border-left: none; border-bottom: solidwindowtext1.0pt; border-right: solidwindowtext1.0pt;\" width=\"378\">\n<p style=\"margin-bottom: .0001pt; padding: 0cm5.4pt0cm5.4pt;\"><span style=\"line-height: normal;\">muuseumis hoiul olev ese<\/span><\/p>\n<\/td>\n<\/tr>\n<tr>\n<td style=\"width: 42.3pt; border: solidwindowtext1.0pt; border-top: none;\" width=\"56\">\n<p style=\"margin-bottom: 0.0001pt;\">8)<\/p>\n<\/td>\n<td style=\"width: 127.55pt; border-top: none; border-left: none; border-bottom: solidwindowtext1.0pt; border-right: solidwindowtext1.0pt;\" width=\"170\">\n<p style=\"margin-bottom: .0001pt; padding: 0cm5.4pt0cm5.4pt;\">\n<\/p><\/td>\n<td style=\"width: 283.25pt; border-top: none; border-left: none; border-bottom: solidwindowtext1.0pt; border-right: solidwindowtext1.0pt;\" width=\"378\">\n<p style=\"margin-bottom: .0001pt; padding: 0cm5.4pt0cm5.4pt;\"><span style=\"line-height: normal;\">n\u00e4okujutise elemente pakkuv arvutiprogramm<\/span><\/p>\n<\/td>\n<\/tr>\n<tr>\n<td style=\"width: 42.3pt; border: solidwindowtext1.0pt; border-top: none;\" width=\"56\">\n<p style=\"margin-bottom: 0.0001pt;\">9)<\/p>\n<\/td>\n<td style=\"width: 127.55pt; border-top: none; border-left: none; border-bottom: solidwindowtext1.0pt; border-right: solidwindowtext1.0pt;\" width=\"170\">\n<p style=\"margin-bottom: .0001pt; padding: 0cm5.4pt0cm5.4pt;\">\n<\/p><\/td>\n<td style=\"width: 283.25pt; border-top: none; border-left: none; border-bottom: solidwindowtext1.0pt; border-right: solidwindowtext1.0pt;\" width=\"378\">\n<p style=\"margin-bottom: .0001pt; padding: 0cm5.4pt0cm5.4pt;\"><span style=\"line-height: normal;\">p\u00f5ld-v\u00f5\u00f5rkapsas (s\u00f6\u00f6davate lehtedega rohttaim)<\/span><\/p>\n<\/td>\n<\/tr>\n<tr>\n<td style=\"width: 42.3pt; border: solidwindowtext1.0pt; border-top: none;\" width=\"56\">\n<p style=\"margin-bottom: 0.0001pt;\">10)<\/p>\n<\/td>\n<td style=\"width: 127.55pt; border-top: none; border-left: none; border-bottom: solidwindowtext1.0pt; border-right: solidwindowtext1.0pt;\" width=\"170\">\n<p style=\"margin-bottom: .0001pt; padding: 0cm5.4pt0cm5.4pt;\">\n<\/p><\/td>\n<td style=\"width: 283.25pt; border-top: none; border-left: none; border-bottom: solidwindowtext1.0pt; border-right: solidwindowtext1.0pt;\" width=\"378\">\n<p style=\"margin-bottom: .0001pt; padding: 0cm5.4pt0cm5.4pt;\"><span style=\"line-height: normal;\">vaeglugemine<\/span><\/p>\n<\/td>\n<\/tr>\n<\/tbody>\n<\/table>\n<p>2014<\/p>\n<p>vanem<\/p>\n<p>piirkonnavoor<\/p>\n<p><a href=\"https:\/\/sisu.ut.ee\/keeleylesanded\/osi-uued-sonad-vastus\/\">Vastus<\/a><\/p>\n","protected":false},"excerpt":{"rendered":"<p>Kaante vahele j\u00f5udnud s\u00f5naraamat vananeb kiiresti ja vahel j\u00e4\u00e4vad \u00d5Sist v\u00e4lja ka k\u00f5ige tavalisemad, sh argikeelsed s\u00f5nad. ET hoida \u00d5Si ajakohasena, peavad selle koostajad t\u00e4iendust loendit. Selle \u00fclesande s\u00f5nad on v\u00f5etud 2006. aasta \u00d5Si ilmumise j\u00e4rel loendisse lisatud s\u00f5nade hulgast, &#8230;<\/p>\n","protected":false},"author":185,"featured_media":0,"parent":0,"menu_order":0,"comment_status":"closed","ping_status":"closed","template":"","meta":{"_acf_changed":false,"inline_featured_image":false,"footnotes":""},"class_list":["post-83","page","type-page","status-publish","hentry"],"acf":[],"_links":{"self":[{"href":"https:\/\/sisu.ut.ee\/keeleylesanded\/wp-json\/wp\/v2\/pages\/83","targetHints":{"allow":["GET"]}}],"collection":[{"href":"https:\/\/sisu.ut.ee\/keeleylesanded\/wp-json\/wp\/v2\/pages"}],"about":[{"href":"https:\/\/sisu.ut.ee\/keeleylesanded\/wp-json\/wp\/v2\/types\/page"}],"author":[{"embeddable":true,"href":"https:\/\/sisu.ut.ee\/keeleylesanded\/wp-json\/wp\/v2\/users\/185"}],"replies":[{"embeddable":true,"href":"https:\/\/sisu.ut.ee\/keeleylesanded\/wp-json\/wp\/v2\/comments?post=83"}],"version-history":[{"count":2,"href":"https:\/\/sisu.ut.ee\/keeleylesanded\/wp-json\/wp\/v2\/pages\/83\/revisions"}],"predecessor-version":[{"id":1926,"href":"https:\/\/sisu.ut.ee\/keeleylesanded\/wp-json\/wp\/v2\/pages\/83\/revisions\/1926"}],"wp:attachment":[{"href":"https:\/\/sisu.ut.ee\/keeleylesanded\/wp-json\/wp\/v2\/media?parent=83"}],"curies":[{"name":"wp","href":"https:\/\/api.w.org\/{rel}","templated":true}]}}