{"id":81,"date":"2024-04-04T05:03:28","date_gmt":"2024-04-04T02:03:28","guid":{"rendered":"https:\/\/sisu.ut.ee\/keeleylesanded\/johannes-aavik-ja-keeleuuendus\/"},"modified":"2024-11-28T23:35:55","modified_gmt":"2024-11-28T21:35:55","slug":"johannes-aavik-ja-keeleuuendus","status":"publish","type":"page","link":"https:\/\/sisu.ut.ee\/keeleylesanded\/johannes-aavik-ja-keeleuuendus\/","title":{"rendered":"Johannes Aavik ja keeleuuendus"},"content":{"rendered":"<ol>\n<li>T\u00e4nap\u00e4eval teame, et s\u00f5na <em>luger <\/em>t\u00e4hendab automaatseadet info sisestamiseks andmekandjalt v\u00f5i seadet digiraamatute lugemiseks. 20. sajandi alguses tegutsenud keelemees Johannes Aavik soovitas s\u00f5na <em>luger <\/em>kasutusele v\u00f5tta hoopis teises t\u00e4henduses. Millises t\u00e4henduses?<\/li>\n<li>Johannes Aavik soovitas lisaks eesti keeles olemasolevale <em>des<\/em>-gerundiivile v\u00f5tta kasutusele ka mineviku gerundiiv asendamaks pikka ja kohmakat v\u00e4ljendust <em>kui ta oli.<\/em> Kuidas k\u00f5lab Aaviku soovitatud mineviku gerundiivi vorm s\u00f5nast lugema, nt lauses \u2026\u2026\u2026\u2026\u2026\u2026\u2026\u2026\u2026. <em>kirja, hakkas ta s\u00f6\u00f6ma<\/em>?<\/li>\n<\/ol>\n<p><a href=\"https:\/\/sisu.ut.ee\/keeleylesanded\/johannes-aavik-ja-keeleuuendus-vastus\/\">Vastus<\/a><\/p>\n","protected":false},"excerpt":{"rendered":"<p>T\u00e4nap\u00e4eval teame, et s\u00f5na luger t\u00e4hendab automaatseadet info sisestamiseks andmekandjalt v\u00f5i seadet digiraamatute lugemiseks. 20. sajandi alguses tegutsenud keelemees Johannes Aavik soovitas s\u00f5na luger kasutusele v\u00f5tta hoopis teises t\u00e4henduses. Millises t\u00e4henduses? Johannes Aavik soovitas lisaks eesti keeles olemasolevale des-gerundiivile v\u00f5tta &#8230;<\/p>\n","protected":false},"author":185,"featured_media":0,"parent":0,"menu_order":0,"comment_status":"closed","ping_status":"closed","template":"","meta":{"_acf_changed":false,"inline_featured_image":false,"footnotes":""},"class_list":["post-81","page","type-page","status-publish","hentry"],"acf":[],"_links":{"self":[{"href":"https:\/\/sisu.ut.ee\/keeleylesanded\/wp-json\/wp\/v2\/pages\/81","targetHints":{"allow":["GET"]}}],"collection":[{"href":"https:\/\/sisu.ut.ee\/keeleylesanded\/wp-json\/wp\/v2\/pages"}],"about":[{"href":"https:\/\/sisu.ut.ee\/keeleylesanded\/wp-json\/wp\/v2\/types\/page"}],"author":[{"embeddable":true,"href":"https:\/\/sisu.ut.ee\/keeleylesanded\/wp-json\/wp\/v2\/users\/185"}],"replies":[{"embeddable":true,"href":"https:\/\/sisu.ut.ee\/keeleylesanded\/wp-json\/wp\/v2\/comments?post=81"}],"version-history":[{"count":2,"href":"https:\/\/sisu.ut.ee\/keeleylesanded\/wp-json\/wp\/v2\/pages\/81\/revisions"}],"predecessor-version":[{"id":1841,"href":"https:\/\/sisu.ut.ee\/keeleylesanded\/wp-json\/wp\/v2\/pages\/81\/revisions\/1841"}],"wp:attachment":[{"href":"https:\/\/sisu.ut.ee\/keeleylesanded\/wp-json\/wp\/v2\/media?parent=81"}],"curies":[{"name":"wp","href":"https:\/\/api.w.org\/{rel}","templated":true}]}}