{"id":78,"date":"2024-04-04T05:03:28","date_gmt":"2024-04-04T02:03:28","guid":{"rendered":"https:\/\/sisu.ut.ee\/keeleylesanded\/eesti-keele-vigurid\/"},"modified":"2024-11-28T21:10:37","modified_gmt":"2024-11-28T19:10:37","slug":"eesti-keele-vigurid","status":"publish","type":"page","link":"https:\/\/sisu.ut.ee\/keeleylesanded\/eesti-keele-vigurid\/","title":{"rendered":"Eesti keele vigurid"},"content":{"rendered":"<ol>\n<li>Mille poolest on eesti keel unikaalne? Vastusevariandid:\u00a0 eesti keeles on a) t\u00e4hendust muutev kolmev\u00e4ltes\u00fcsteem, mis rakendub t\u00e4ish\u00e4\u00e4likutele ja kaash\u00e4\u00e4likutele, b) laadivaheldus, c) saav k\u00e4\u00e4ne (nt <em>selleks<\/em>), d) murded<\/li>\n<li>Mille poolest on eriline s\u00f5na <em>vintsklema<\/em>?<\/li>\n<li>Mille poolest on eriline s\u00f5na <em>kirstuv\u00f5ti?<\/em><\/li>\n<li>Mis on <em>nina taga-<\/em>k\u00e4\u00e4nded? Mille poolest erinevad need teistst k\u00e4\u00e4netest?<\/li>\n<li>Kirjuta v\u00e4hemalt \u00fcks s\u00f5na, kus on neli sama t\u00e4pit\u00e4hte k\u00f5rvuti.<\/li>\n<li>Mis on \u00fchist j\u00e4rgmistel s\u00f5nadel: <em>k\u00e4bi, s\u00e4de, kalju, armas<\/em>?<\/li>\n<\/ol>\n<p><a href=\"https:\/\/sisu.ut.ee\/keeleylesanded\/eesti-keele-vigurid-vastus\/\">Vastus<\/a><\/p>\n","protected":false},"excerpt":{"rendered":"<p>Mille poolest on eesti keel unikaalne? Vastusevariandid:\u00a0 eesti keeles on a) t\u00e4hendust muutev kolmev\u00e4ltes\u00fcsteem, mis rakendub t\u00e4ish\u00e4\u00e4likutele ja kaash\u00e4\u00e4likutele, b) laadivaheldus, c) saav k\u00e4\u00e4ne (nt selleks), d) murded Mille poolest on eriline s\u00f5na vintsklema? Mille poolest on eriline s\u00f5na kirstuv\u00f5ti? &#8230;<\/p>\n","protected":false},"author":185,"featured_media":0,"parent":0,"menu_order":0,"comment_status":"closed","ping_status":"closed","template":"","meta":{"_acf_changed":false,"inline_featured_image":false,"footnotes":""},"class_list":["post-78","page","type-page","status-publish","hentry"],"acf":[],"_links":{"self":[{"href":"https:\/\/sisu.ut.ee\/keeleylesanded\/wp-json\/wp\/v2\/pages\/78","targetHints":{"allow":["GET"]}}],"collection":[{"href":"https:\/\/sisu.ut.ee\/keeleylesanded\/wp-json\/wp\/v2\/pages"}],"about":[{"href":"https:\/\/sisu.ut.ee\/keeleylesanded\/wp-json\/wp\/v2\/types\/page"}],"author":[{"embeddable":true,"href":"https:\/\/sisu.ut.ee\/keeleylesanded\/wp-json\/wp\/v2\/users\/185"}],"replies":[{"embeddable":true,"href":"https:\/\/sisu.ut.ee\/keeleylesanded\/wp-json\/wp\/v2\/comments?post=78"}],"version-history":[{"count":2,"href":"https:\/\/sisu.ut.ee\/keeleylesanded\/wp-json\/wp\/v2\/pages\/78\/revisions"}],"predecessor-version":[{"id":1809,"href":"https:\/\/sisu.ut.ee\/keeleylesanded\/wp-json\/wp\/v2\/pages\/78\/revisions\/1809"}],"wp:attachment":[{"href":"https:\/\/sisu.ut.ee\/keeleylesanded\/wp-json\/wp\/v2\/media?parent=78"}],"curies":[{"name":"wp","href":"https:\/\/api.w.org\/{rel}","templated":true}]}}