{"id":74,"date":"2024-04-04T05:03:27","date_gmt":"2024-04-04T02:03:27","guid":{"rendered":"https:\/\/sisu.ut.ee\/keeleylesanded\/puuduv-taht-voorsonades-i\/"},"modified":"2024-11-29T12:09:49","modified_gmt":"2024-11-29T10:09:49","slug":"puuduv-taht-voorsonades-i","status":"publish","type":"page","link":"https:\/\/sisu.ut.ee\/keeleylesanded\/puuduv-taht-voorsonades-i\/","title":{"rendered":"Puuduv t\u00e4ht v\u00f5\u00f5rs\u00f5nades (I)"},"content":{"rendered":"<p style=\"text-align: justify;\"><strong>Kirjuta v\u00f5\u00f5rs\u00f5nadesse puuduv t\u00e4ht v\u00f5i puuduvad t\u00e4hed. Pane v\u00f5\u00f5rs\u00f5nade j\u00e4rjekorranumbrid vastavate t\u00e4hendusseletuste ette.<\/strong><\/p>\n<p style=\"text-align: justify;\">\n<\/p><table class=\"table table-hover\" style=\"width: 100%;\" border=\"0\" cellspacing=\"1\" cellpadding=\"1\">\n<tbody>\n<tr>\n<td>1. ko\u2026uptsioon<\/td>\n<td>\u00a0 \u00a0m\u00f5ju, tagaj\u00e4rg<\/td>\n<\/tr>\n<tr>\n<td>2. dik\u2026aat<\/td>\n<td>\u00a0 \u00a0kvaliteedi- jm n\u00f5uete kogum<\/td>\n<\/tr>\n<tr>\n<td>3. a\u2026imileerimine<\/td>\n<td>\u00a0 \u00a0juhtn\u00f6\u00f6r, juhend<\/td>\n<\/tr>\n<tr>\n<td>4. argumen\u2026atsioon<\/td>\n<td>\u00a0 \u00a0tagatis<\/td>\n<\/tr>\n<tr>\n<td>5. identi\u2026eet<\/td>\n<td>\u00a0 \u00a0ettekirjutus, sund<\/td>\n<\/tr>\n<tr>\n<td>6. \u2026irektiiv<\/td>\n<td>\u00a0 \u00a0p\u00f5hjendus<\/td>\n<\/tr>\n<tr>\n<td>7. standar\u2026<\/td>\n<td>\u00a0 \u00a0samastumus<\/td>\n<\/tr>\n<tr>\n<td>8. \u2026arantii<\/td>\n<td>\u00a0 \u00a0m\u00f5\u00f5t, ulatus<\/td>\n<\/tr>\n<tr>\n<td>10. mastaa\u2026<\/td>\n<td>\u00a0 \u00a0ametnike \u00e4raostetavus<\/td>\n<\/tr>\n<tr>\n<td><\/td>\n<td><\/td>\n<\/tr>\n<\/tbody>\n<\/table>\n<p>2004<\/p>\n<p>noorem, keskmine, vanem<\/p>\n<p>l\u00f5ppvoor<\/p>\n<p><a href=\"https:\/\/sisu.ut.ee\/keeleylesanded\/puuduv-taht-voorsonades-i-vastus\/\">Vastus<\/a><\/p>\n","protected":false},"excerpt":{"rendered":"<p>Kirjuta v\u00f5\u00f5rs\u00f5nadesse puuduv t\u00e4ht v\u00f5i puuduvad t\u00e4hed. Pane v\u00f5\u00f5rs\u00f5nade j\u00e4rjekorranumbrid vastavate t\u00e4hendusseletuste ette. 1. ko\u2026uptsioon \u00a0 \u00a0m\u00f5ju, tagaj\u00e4rg 2. dik\u2026aat \u00a0 \u00a0kvaliteedi- jm n\u00f5uete kogum 3. a\u2026imileerimine \u00a0 \u00a0juhtn\u00f6\u00f6r, juhend 4. argumen\u2026atsioon \u00a0 \u00a0tagatis 5. identi\u2026eet \u00a0 \u00a0ettekirjutus, sund 6. &#8230;<\/p>\n","protected":false},"author":185,"featured_media":0,"parent":0,"menu_order":0,"comment_status":"closed","ping_status":"closed","template":"","meta":{"_acf_changed":false,"inline_featured_image":false,"footnotes":""},"class_list":["post-74","page","type-page","status-publish","hentry"],"acf":[],"_links":{"self":[{"href":"https:\/\/sisu.ut.ee\/keeleylesanded\/wp-json\/wp\/v2\/pages\/74","targetHints":{"allow":["GET"]}}],"collection":[{"href":"https:\/\/sisu.ut.ee\/keeleylesanded\/wp-json\/wp\/v2\/pages"}],"about":[{"href":"https:\/\/sisu.ut.ee\/keeleylesanded\/wp-json\/wp\/v2\/types\/page"}],"author":[{"embeddable":true,"href":"https:\/\/sisu.ut.ee\/keeleylesanded\/wp-json\/wp\/v2\/users\/185"}],"replies":[{"embeddable":true,"href":"https:\/\/sisu.ut.ee\/keeleylesanded\/wp-json\/wp\/v2\/comments?post=74"}],"version-history":[{"count":2,"href":"https:\/\/sisu.ut.ee\/keeleylesanded\/wp-json\/wp\/v2\/pages\/74\/revisions"}],"predecessor-version":[{"id":1942,"href":"https:\/\/sisu.ut.ee\/keeleylesanded\/wp-json\/wp\/v2\/pages\/74\/revisions\/1942"}],"wp:attachment":[{"href":"https:\/\/sisu.ut.ee\/keeleylesanded\/wp-json\/wp\/v2\/media?parent=74"}],"curies":[{"name":"wp","href":"https:\/\/api.w.org\/{rel}","templated":true}]}}