{"id":73,"date":"2024-04-04T05:03:27","date_gmt":"2024-04-04T02:03:27","guid":{"rendered":"https:\/\/sisu.ut.ee\/keeleylesanded\/ununenud-sonad\/"},"modified":"2024-11-29T13:17:13","modified_gmt":"2024-11-29T11:17:13","slug":"ununenud-sonad","status":"publish","type":"page","link":"https:\/\/sisu.ut.ee\/keeleylesanded\/ununenud-sonad\/","title":{"rendered":"Ununenud s\u00f5nad"},"content":{"rendered":"<ol class=\"wp-block-list\">\n<li>G\u00f6sekeni 1660. aasta grammatikas ja s\u00f5nastikus on s\u00f5na <em>junkar<\/em>, mida see s\u00f5na t\u00e4hendab?<\/li>\n\n\n\n<li>1781. aastal ilmus Johann Lithander t\u00f5lkes esimene eestikeelne kokaraamat pealkirjaga \u201cK\u00f6ki ja Kokka Ramat\u201d, kus on kirjeldatud nii paljude t\u00e4nap\u00e4evani tuntud kui ka n\u00fc\u00fcdseks unustusse vajunud roogade valmistamist. Millist praegugi tuntud magusrooga on selles raamatus nimetatud <em>lumemoosiks<\/em>?<\/li>\n\n\n\n<li>Oskar Lutsu \u201cKevades\u201d on stseen, kus Joosep Toots proovib vana p\u00fcstoliga pauku teha ja l\u00f5hub kogemata saunaakna. Ise kahetseb, et oleks p\u00fcstolil Tamasseri rauad, siis \u2026 Mis on Tamasseri raud?<\/li>\n\n\n\n<li>Betti Alveri luuletuses \u201eL\u00e4hen m\u00fc\u00fcjaks\u201d on read: \u201eEks vaadake siia ja sinna! Siin on puldan, siin pupenett. Las kaubal joosta ja minna, nii et laksub Leihbergi lett!\u201d Mis on <em>pupenett<\/em>?<\/li>\n\n\n\n<li>Paljud eestikeelsed grammatikaterminid on k\u00e4ibel Karl August Hermanni koostatud esimesest t\u00e4ielikust eestikeelsest grammatikast (1884) peale. K\u00f5ik tema loodud lingvistika oskuss\u00f5nad pole j\u00e4\u00e4nud siiski kasutusse. Millisele t\u00e4nap\u00e4evasest eesti keele kirjeldusest tuttavale k\u00f5neviisile vastab (enamjaolt) Hermanni <em>ebakohene <\/em>k\u00f5neviis?<\/li>\n\n\n\n<li>19. sajandi II poole ja 20. sajandi algusk\u00fcmnendi viljakamaid eesti keele uudiss\u00f5navar loojaid oli Karl August Hermann. Mis erialvaldkonna sonavara hulka kuulusid ning mida t\u00e4hendasid tema loodud termineid: 1) <em>v\u00e4ike r\u00f5\u00f5mu-lauleldus<\/em>, 2) <em>kargav hallikas<\/em>, 3) <em>k\u00f5ma-\u00f5petus<\/em>?<\/li>\n\n\n\n<li>\u00a0Riigimees Jaan T\u00f5nisson on j\u00e4tnud meile s\u00f5na <em>k\u00f5lber\u00fc\u00fcste<\/em>, mille asemel kasutatakse t\u00e4nap\u00e4eval \u00fcht v\u00f5\u00f5rs\u00f5na. Millist?<\/li>\n<\/ol>\n\n\n\n<p><a href=\"https:\/\/sisu.ut.ee\/keeleylesanded\/sonad-vanas-kirjakeeles-vastus\/\" data-type=\"page\" data-id=\"76\">Vastus<\/a><\/p>\n","protected":false},"excerpt":{"rendered":"<p>Vastus<\/p>\n","protected":false},"author":185,"featured_media":0,"parent":0,"menu_order":0,"comment_status":"closed","ping_status":"closed","template":"","meta":{"_acf_changed":false,"inline_featured_image":false,"footnotes":""},"class_list":["post-73","page","type-page","status-publish","hentry"],"acf":[],"_links":{"self":[{"href":"https:\/\/sisu.ut.ee\/keeleylesanded\/wp-json\/wp\/v2\/pages\/73","targetHints":{"allow":["GET"]}}],"collection":[{"href":"https:\/\/sisu.ut.ee\/keeleylesanded\/wp-json\/wp\/v2\/pages"}],"about":[{"href":"https:\/\/sisu.ut.ee\/keeleylesanded\/wp-json\/wp\/v2\/types\/page"}],"author":[{"embeddable":true,"href":"https:\/\/sisu.ut.ee\/keeleylesanded\/wp-json\/wp\/v2\/users\/185"}],"replies":[{"embeddable":true,"href":"https:\/\/sisu.ut.ee\/keeleylesanded\/wp-json\/wp\/v2\/comments?post=73"}],"version-history":[{"count":3,"href":"https:\/\/sisu.ut.ee\/keeleylesanded\/wp-json\/wp\/v2\/pages\/73\/revisions"}],"predecessor-version":[{"id":2021,"href":"https:\/\/sisu.ut.ee\/keeleylesanded\/wp-json\/wp\/v2\/pages\/73\/revisions\/2021"}],"wp:attachment":[{"href":"https:\/\/sisu.ut.ee\/keeleylesanded\/wp-json\/wp\/v2\/media?parent=73"}],"curies":[{"name":"wp","href":"https:\/\/api.w.org\/{rel}","templated":true}]}}