{"id":7,"date":"2024-04-04T05:03:21","date_gmt":"2024-04-04T02:03:21","guid":{"rendered":"https:\/\/sisu.ut.ee\/keeleylesanded\/valesti-kirjutatud\/"},"modified":"2024-11-29T13:33:09","modified_gmt":"2024-11-29T11:33:09","slug":"valesti-kirjutatud","status":"publish","type":"page","link":"https:\/\/sisu.ut.ee\/keeleylesanded\/valesti-kirjutatud\/","title":{"rendered":"Valesti kirjutatud"},"content":{"rendered":"<div style=\"text-align: justify;\"><strong>Leidke tekstist 10 nime, nimetust v\u00f5i pealkirja, kus on eksitud \u00f5igekirjareeglite vastu,\u00a0ja kirjutage need korrektselt. Kui m\u00f5ne nime v\u00f5i nimetuse puhul on v\u00f5imalikud mitu\u00a0varianti, siis \u00e4rge asendage tekstis olevat korrektset s\u00f5nakuju teisega!<\/strong><\/div>\n<div style=\"text-align: justify;\"><\/div>\n<div style=\"text-align: justify;\">\n<div>Eesti \u00e4rkamisaja k\u00f5rgpunkt oli esimene \u00fcldlaulupidu. Eilses Aktuaalses Kaameras tehti\u00a0teatavaks selleaastase Friedebert Tuglase Novelliauhinna laureaat, s\u00f5na sai ka saarte murdes\u00a0k\u00f5nelev kultuuriministeeriumi esindaja. Bussit\u00e4is P\u00f5hja-Eestlasi tutvus L\u00f5una-Eesti\u00a0vaatamisv\u00e4\u00e4rsustega \u2013 eriti vaimustuti Taevaskoja Emal\u00e4ttest ja Suurest-Munam\u00e4est.\u00a0V\u00e4sitava p\u00e4eva l\u00f5puks s\u00f6\u00f6di napooleonikooki ja joodi kokakoolat. Anton Hansen Tammsaare\u00a0\u201eT\u00f5e ja \u00d5iguse\u201c esimese osa peategelased on Vargam\u00e4e Andres ja Oru Pearu. Hiinas tahan\u00a0kindlasti n\u00e4ha Taevase Rahu v\u00e4ljakut, Hiina m\u00fc\u00fcri ja m\u00f5nd budistlikku templit. Kas teadsid,\u00a0et p\u00f5hjanael on n\u00e4htav ainult Maa P\u00f5hjapoolkeral? 1773. aasta Bostoni Teejoomine\u00a0planeeriti Rohelise draakoni kohvikus. Igal aastal t\u00e4histatakse Mardip\u00e4eva 10. novembril,\u00a0kuid isadep\u00e4ev on liikuv p\u00fcha, mida peetakse novembri teisel p\u00fchap\u00e4eval. Valge Daami\u00a0k\u00e4sit\u00f6\u00f6laada ajal on Karja t\u00e4nav k\u00e4sit\u00f6\u00f6t\u00e4nav, mida iseloomustavad folk, rahvuslik k\u00e4sit\u00f6\u00f6\u00a0ning rahvakultuur.<\/div>\n<div><\/div>\n<div>\n<table class=\"table table-hover\" style=\"width: 500px;\" border=\"0\" cellspacing=\"1\" cellpadding=\"1\">\n<thead>\n<tr>\n<th scope=\"col\"><\/th>\n<th scope=\"col\">Nimi, nimetus v\u00f5i pealkiri tekstis<\/th>\n<th scope=\"col\">Nimi, nimetus v\u00f5i pealkiri \u00f5igekirjareeglitele vastavalt<\/th>\n<\/tr>\n<\/thead>\n<tbody>\n<tr>\n<td>1.<\/td>\n<td><\/td>\n<td><\/td>\n<\/tr>\n<tr>\n<td>2.<\/td>\n<td><\/td>\n<td><\/td>\n<\/tr>\n<tr>\n<td>3.<\/td>\n<td><\/td>\n<td><\/td>\n<\/tr>\n<tr>\n<td>4.<\/td>\n<td><\/td>\n<td><\/td>\n<\/tr>\n<tr>\n<td>5.<\/td>\n<td><\/td>\n<td><\/td>\n<\/tr>\n<tr>\n<td>6.<\/td>\n<td><\/td>\n<td><\/td>\n<\/tr>\n<tr>\n<td>7.<\/td>\n<td><\/td>\n<td><\/td>\n<\/tr>\n<tr>\n<td>8.<\/td>\n<td><\/td>\n<td><\/td>\n<\/tr>\n<tr>\n<td>9.<\/td>\n<td><\/td>\n<td><\/td>\n<\/tr>\n<tr>\n<td>10.<\/td>\n<td><\/td>\n<td><\/td>\n<\/tr>\n<\/tbody>\n<\/table>\n<p>2016<\/p>\n<p>vanem<\/p>\n<p>piirkonnavoor<\/p>\n<p><a href=\"https:\/\/sisu.ut.ee\/keeleylesanded\/valesti-kirjutatud-vastus\/\">Vastus<\/a><\/p>\n<\/div>\n<div><\/div>\n<\/div>\n","protected":false},"excerpt":{"rendered":"<p>Leidke tekstist 10 nime, nimetust v\u00f5i pealkirja, kus on eksitud \u00f5igekirjareeglite vastu,\u00a0ja kirjutage need korrektselt. Kui m\u00f5ne nime v\u00f5i nimetuse puhul on v\u00f5imalikud mitu\u00a0varianti, siis \u00e4rge asendage tekstis olevat korrektset s\u00f5nakuju teisega! Eesti \u00e4rkamisaja k\u00f5rgpunkt oli esimene \u00fcldlaulupidu. Eilses Aktuaalses &#8230;<\/p>\n","protected":false},"author":185,"featured_media":0,"parent":0,"menu_order":0,"comment_status":"closed","ping_status":"closed","template":"","meta":{"_acf_changed":false,"inline_featured_image":false,"footnotes":""},"class_list":["post-7","page","type-page","status-publish","hentry"],"acf":[],"_links":{"self":[{"href":"https:\/\/sisu.ut.ee\/keeleylesanded\/wp-json\/wp\/v2\/pages\/7","targetHints":{"allow":["GET"]}}],"collection":[{"href":"https:\/\/sisu.ut.ee\/keeleylesanded\/wp-json\/wp\/v2\/pages"}],"about":[{"href":"https:\/\/sisu.ut.ee\/keeleylesanded\/wp-json\/wp\/v2\/types\/page"}],"author":[{"embeddable":true,"href":"https:\/\/sisu.ut.ee\/keeleylesanded\/wp-json\/wp\/v2\/users\/185"}],"replies":[{"embeddable":true,"href":"https:\/\/sisu.ut.ee\/keeleylesanded\/wp-json\/wp\/v2\/comments?post=7"}],"version-history":[{"count":2,"href":"https:\/\/sisu.ut.ee\/keeleylesanded\/wp-json\/wp\/v2\/pages\/7\/revisions"}],"predecessor-version":[{"id":2043,"href":"https:\/\/sisu.ut.ee\/keeleylesanded\/wp-json\/wp\/v2\/pages\/7\/revisions\/2043"}],"wp:attachment":[{"href":"https:\/\/sisu.ut.ee\/keeleylesanded\/wp-json\/wp\/v2\/media?parent=7"}],"curies":[{"name":"wp","href":"https:\/\/api.w.org\/{rel}","templated":true}]}}