{"id":69,"date":"2024-04-04T05:03:27","date_gmt":"2024-04-04T02:03:27","guid":{"rendered":"https:\/\/sisu.ut.ee\/keeleylesanded\/peenutseva-reisilise-voorsonad-0\/"},"modified":"2024-11-29T12:04:43","modified_gmt":"2024-11-29T10:04:43","slug":"peenutseva-reisilise-voorsonad-0","status":"publish","type":"page","link":"https:\/\/sisu.ut.ee\/keeleylesanded\/peenutseva-reisilise-voorsonad-0\/","title":{"rendered":"Peenutseva reisilise v\u00f5\u00f5rs\u00f5nad"},"content":{"rendered":"<p style=\"margin: 0cm 0cm 8pt; text-align: justify;\"><b><span style=\"color: black;\">Peenutseva reisilise tekstis on mitu valet v\u00f5\u00f5rs\u00f5na, mis siiski meenutavad neid, mida tegelikult kasutada on tahetud. Kirjuta teksti j\u00e4rele vale vorm ja \u00f5ige vorm. M\u00f5nel s\u00f5nal on hea omas\u00f5naline vaste, lisa see ka. <\/span><\/b><\/p>\n<p style=\"margin: 0cm 0cm 8pt; text-align: justify;\"><span style=\"color: black;\">K\u00e4isime hiljuti Istanbulis ja t\u00e4ielik retsept korraldajale! Ega kunagi ei ole ju karantiini, et satud m\u00f5istliku giidi peale, kes sind oma pikkade memoriaalidega t\u00fc\u00fctama ei hakka. Meie oma sai kohe aru, et seda audientsi juba vanade fiaskodega ja tundmatute inimeste portjeedega kusagil muuseumis t\u00fclitada pole m\u00f5tet. Bussis repeteeris ta l\u00fchidalt Osmanite empooriumi ajalugu ja siis saimegi m\u00f5nusasti kebabe konsulteerima minna.<\/span><\/p>\n<p style=\"margin: 0cm 0cm 8.0pt 0cm;\">\n<\/p><table class=\"table table-hover\" style=\"width: 500px;\" border=\"1\" cellspacing=\"1\" cellpadding=\"1\">\n<thead>\n<tr>\n<th style=\"text-align: center;\" scope=\"col\"><strong>Vale vorm<\/strong><\/th>\n<th style=\"text-align: center;\" scope=\"col\"><strong>\u00d5ige vorm<\/strong><\/th>\n<th style=\"text-align: center;\" scope=\"col\"><strong>Omas\u00f5naline vaste<\/strong><\/th>\n<\/tr>\n<\/thead>\n<tbody>\n<tr>\n<td><\/td>\n<td><\/td>\n<td><\/td>\n<\/tr>\n<tr>\n<td><\/td>\n<td><\/td>\n<td><\/td>\n<\/tr>\n<tr>\n<td><\/td>\n<td><\/td>\n<td><\/td>\n<\/tr>\n<tr>\n<td><\/td>\n<td><\/td>\n<td><\/td>\n<\/tr>\n<tr>\n<td><\/td>\n<td><\/td>\n<td><\/td>\n<\/tr>\n<tr>\n<td><\/td>\n<td><\/td>\n<td><\/td>\n<\/tr>\n<tr>\n<td><\/td>\n<td><\/td>\n<td><\/td>\n<\/tr>\n<tr>\n<td><\/td>\n<td><\/td>\n<td><\/td>\n<\/tr>\n<tr>\n<td><\/td>\n<td><\/td>\n<td><\/td>\n<\/tr>\n<tr>\n<td><\/td>\n<td><\/td>\n<td><\/td>\n<\/tr>\n<tr>\n<td><\/td>\n<td><\/td>\n<td><\/td>\n<\/tr>\n<\/tbody>\n<\/table>\n<p>2018<\/p>\n<p>noorem<\/p>\n<p>piirkonnavoor<\/p>\n<p><a href=\"https:\/\/sisu.ut.ee\/keeleylesanded\/peenutseva-reisilise-voorsonad-vastus\/\">Vastus<\/a><\/p>\n","protected":false},"excerpt":{"rendered":"<p>Peenutseva reisilise tekstis on mitu valet v\u00f5\u00f5rs\u00f5na, mis siiski meenutavad neid, mida tegelikult kasutada on tahetud. Kirjuta teksti j\u00e4rele vale vorm ja \u00f5ige vorm. M\u00f5nel s\u00f5nal on hea omas\u00f5naline vaste, lisa see ka. K\u00e4isime hiljuti Istanbulis ja t\u00e4ielik retsept korraldajale! &#8230;<\/p>\n","protected":false},"author":185,"featured_media":0,"parent":0,"menu_order":0,"comment_status":"closed","ping_status":"closed","template":"","meta":{"_acf_changed":false,"inline_featured_image":false,"footnotes":""},"class_list":["post-69","page","type-page","status-publish","hentry"],"acf":[],"_links":{"self":[{"href":"https:\/\/sisu.ut.ee\/keeleylesanded\/wp-json\/wp\/v2\/pages\/69","targetHints":{"allow":["GET"]}}],"collection":[{"href":"https:\/\/sisu.ut.ee\/keeleylesanded\/wp-json\/wp\/v2\/pages"}],"about":[{"href":"https:\/\/sisu.ut.ee\/keeleylesanded\/wp-json\/wp\/v2\/types\/page"}],"author":[{"embeddable":true,"href":"https:\/\/sisu.ut.ee\/keeleylesanded\/wp-json\/wp\/v2\/users\/185"}],"replies":[{"embeddable":true,"href":"https:\/\/sisu.ut.ee\/keeleylesanded\/wp-json\/wp\/v2\/comments?post=69"}],"version-history":[{"count":2,"href":"https:\/\/sisu.ut.ee\/keeleylesanded\/wp-json\/wp\/v2\/pages\/69\/revisions"}],"predecessor-version":[{"id":1933,"href":"https:\/\/sisu.ut.ee\/keeleylesanded\/wp-json\/wp\/v2\/pages\/69\/revisions\/1933"}],"wp:attachment":[{"href":"https:\/\/sisu.ut.ee\/keeleylesanded\/wp-json\/wp\/v2\/media?parent=69"}],"curies":[{"name":"wp","href":"https:\/\/api.w.org\/{rel}","templated":true}]}}