{"id":66,"date":"2024-04-04T05:03:27","date_gmt":"2024-04-04T02:03:27","guid":{"rendered":"https:\/\/sisu.ut.ee\/keeleylesanded\/viisakas-tuletab-sonu\/"},"modified":"2024-11-29T13:47:59","modified_gmt":"2024-11-29T11:47:59","slug":"viisakas-tuletab-sonu","status":"publish","type":"page","link":"https:\/\/sisu.ut.ee\/keeleylesanded\/viisakas-tuletab-sonu\/","title":{"rendered":"VIISAKAS tuletab s\u00f5nu"},"content":{"rendered":"<p style=\"margin-bottom: 10.0pt; text-align: justify;\"><span style=\"line-height: normal;\"><b><span style=\"background: white;\"><span style=\"color: black;\">Moodusta s\u00f5nast \u201eVIISAKAS\u201c t\u00e4hti \u00fcmber paigutades s\u00f5nu ja s\u00f5navorme. Kirjuta 5\u20136 t\u00e4hest koosnevate s\u00f5nade r\u00fchma m\u00f5lemasse 5 vormi:\u00a0 2 tegus\u00f5na, 2 nimis\u00f5na ja 1 omaduss\u00f5na<\/span><\/span><\/b><b><span style=\"color: black;\">. 7-t\u00e4heliste s\u00f5nade r\u00fchma kirjuta 1 tegus\u00f5na, 1 nimis\u00f5na ja 1 omaduss\u00f5na. Kirjuta iga s\u00f5navormi juurde ka algvorm (algvormid v\u00f5ivad eri r\u00fchmades korduda). <\/span><\/b><\/span><\/p>\n<p style=\"margin-bottom: 10.0pt;\"><span style=\"line-height: normal;\"><span style=\"color: black;\">N\u00e4ide <\/span><\/span><\/p>\n<p style=\"margin-bottom: 10pt; margin-left: 200px;\"><strong>5-t\u00e4helised<\/strong><\/p>\n<table class=\"table table-hover\" style=\"width: 500px;\" border=\"1\" cellspacing=\"1\" cellpadding=\"1\">\n<tbody>\n<tr>\n<td><\/td>\n<td style=\"text-align: center;\"><strong>S\u00f5navorm s\u00f5nast \u201cviisakas\u201d<\/strong><\/td>\n<td style=\"text-align: center;\"><strong>S\u00f5na algvorm<\/strong><\/td>\n<\/tr>\n<tr>\n<td><strong>Nimis\u00f5na<\/strong><\/td>\n<td style=\"text-align: center;\">kassi<\/td>\n<td style=\"text-align: center;\">kass<\/td>\n<\/tr>\n<tr>\n<td><strong>Tegus\u00f5na<\/strong><\/td>\n<td style=\"text-align: center;\">sasiv<\/td>\n<td style=\"text-align: center;\">sasima<\/td>\n<\/tr>\n<\/tbody>\n<\/table>\n<p style=\"margin-left: 80px;\">\u00a0\u00a0\u00a0<strong>\u00a0 \u00a0 \u00a0 \u00a0 \u00a0 \u00a0\u00a0\u00a0<\/strong><\/p>\n<table class=\"table table-hover\" style=\"width: 500px;\" border=\"1\" cellspacing=\"1\" cellpadding=\"1\">\n<tbody>\n<tr>\n<td><\/td>\n<td style=\"text-align: center;\" colspan=\"2\" rowspan=\"1\"><strong>5-t\u00e4helised\u00a0\u00a0<\/strong><\/td>\n<td style=\"text-align: center;\" colspan=\"2\" rowspan=\"1\"><strong>6-t\u00e4helised\u00a0\u00a0<\/strong><\/td>\n<td style=\"text-align: center;\" colspan=\"2\" rowspan=\"1\"><strong>\u00a0\u00a0 7-t\u00e4helised<\/strong><\/td>\n<\/tr>\n<tr>\n<td><\/td>\n<td style=\"text-align: center;\"><strong>S\u00f5navorm s\u00f5nast \u201cviisakas\u201d<\/strong><\/td>\n<td style=\"text-align: center;\"><strong>S\u00f5na algvorm<\/strong><\/td>\n<td style=\"text-align: center;\"><strong>S\u00f5navorm s\u00f5nast \u201cviisakas\u201d<\/strong><\/td>\n<td style=\"text-align: center;\"><strong>S\u00f5na algvorm<\/strong><\/td>\n<td style=\"text-align: center;\"><strong>S\u00f5navorm s\u00f5nast \u201cviisakas\u201d<\/strong><\/td>\n<td style=\"text-align: center;\"><strong>S\u00f5na algvorm<\/strong><\/td>\n<\/tr>\n<tr>\n<td><strong>Nimis\u00f5nad<\/strong><\/td>\n<td style=\"text-align: center;\"><\/td>\n<td style=\"text-align: center;\"><\/td>\n<td style=\"text-align: center;\"><\/td>\n<td style=\"text-align: center;\"><\/td>\n<td style=\"text-align: center;\"><\/td>\n<td style=\"text-align: center;\"><\/td>\n<\/tr>\n<tr>\n<td><\/td>\n<td style=\"text-align: center;\"><\/td>\n<td style=\"text-align: center;\"><\/td>\n<td style=\"text-align: center;\"><\/td>\n<td style=\"text-align: center;\"><\/td>\n<td style=\"text-align: center;\"><\/td>\n<td style=\"text-align: center;\"><\/td>\n<\/tr>\n<tr>\n<td><strong>Tegus\u00f5nad<\/strong><\/td>\n<td style=\"text-align: center;\"><\/td>\n<td style=\"text-align: center;\"><\/td>\n<td style=\"text-align: center;\"><\/td>\n<td style=\"text-align: center;\"><\/td>\n<td style=\"text-align: center;\"><\/td>\n<td style=\"text-align: center;\"><\/td>\n<\/tr>\n<tr>\n<td><\/td>\n<td style=\"text-align: center;\"><\/td>\n<td style=\"text-align: center;\"><\/td>\n<td style=\"text-align: center;\"><\/td>\n<td style=\"text-align: center;\"><\/td>\n<td style=\"text-align: center;\"><\/td>\n<td style=\"text-align: center;\"><\/td>\n<\/tr>\n<tr>\n<td><strong>Omaduss\u00f5na<\/strong><\/td>\n<td style=\"text-align: center;\"><\/td>\n<td style=\"text-align: center;\"><\/td>\n<td style=\"text-align: center;\"><\/td>\n<td style=\"text-align: center;\"><\/td>\n<td style=\"text-align: center;\"><\/td>\n<td style=\"text-align: center;\"><\/td>\n<\/tr>\n<\/tbody>\n<\/table>\n<p>2018<\/p>\n<p>noorem<\/p>\n<p>piirkonnavoor<\/p>\n<p><a href=\"https:\/\/sisu.ut.ee\/keeleylesanded\/viisakas-tuletab-sonu-vastus\/\">Vastus<\/a><\/p>\n","protected":false},"excerpt":{"rendered":"<p>Moodusta s\u00f5nast \u201eVIISAKAS\u201c t\u00e4hti \u00fcmber paigutades s\u00f5nu ja s\u00f5navorme. Kirjuta 5\u20136 t\u00e4hest koosnevate s\u00f5nade r\u00fchma m\u00f5lemasse 5 vormi:\u00a0 2 tegus\u00f5na, 2 nimis\u00f5na ja 1 omaduss\u00f5na. 7-t\u00e4heliste s\u00f5nade r\u00fchma kirjuta 1 tegus\u00f5na, 1 nimis\u00f5na ja 1 omaduss\u00f5na. Kirjuta iga s\u00f5navormi juurde &#8230;<\/p>\n","protected":false},"author":185,"featured_media":0,"parent":0,"menu_order":0,"comment_status":"closed","ping_status":"closed","template":"","meta":{"_acf_changed":false,"inline_featured_image":false,"footnotes":""},"class_list":["post-66","page","type-page","status-publish","hentry"],"acf":[],"_links":{"self":[{"href":"https:\/\/sisu.ut.ee\/keeleylesanded\/wp-json\/wp\/v2\/pages\/66","targetHints":{"allow":["GET"]}}],"collection":[{"href":"https:\/\/sisu.ut.ee\/keeleylesanded\/wp-json\/wp\/v2\/pages"}],"about":[{"href":"https:\/\/sisu.ut.ee\/keeleylesanded\/wp-json\/wp\/v2\/types\/page"}],"author":[{"embeddable":true,"href":"https:\/\/sisu.ut.ee\/keeleylesanded\/wp-json\/wp\/v2\/users\/185"}],"replies":[{"embeddable":true,"href":"https:\/\/sisu.ut.ee\/keeleylesanded\/wp-json\/wp\/v2\/comments?post=66"}],"version-history":[{"count":2,"href":"https:\/\/sisu.ut.ee\/keeleylesanded\/wp-json\/wp\/v2\/pages\/66\/revisions"}],"predecessor-version":[{"id":2066,"href":"https:\/\/sisu.ut.ee\/keeleylesanded\/wp-json\/wp\/v2\/pages\/66\/revisions\/2066"}],"wp:attachment":[{"href":"https:\/\/sisu.ut.ee\/keeleylesanded\/wp-json\/wp\/v2\/media?parent=66"}],"curies":[{"name":"wp","href":"https:\/\/api.w.org\/{rel}","templated":true}]}}