{"id":64,"date":"2024-04-04T05:03:26","date_gmt":"2024-04-04T02:03:26","guid":{"rendered":"https:\/\/sisu.ut.ee\/keeleylesanded\/sonad-riiginimedest\/"},"modified":"2024-11-29T12:40:17","modified_gmt":"2024-11-29T10:40:17","slug":"sonad-riiginimedest","status":"publish","type":"page","link":"https:\/\/sisu.ut.ee\/keeleylesanded\/sonad-riiginimedest\/","title":{"rendered":"S\u00f5nad riiginimedest"},"content":{"rendered":"<p style=\"text-align: justify;\"><strong>Moodusta j\u00e4rgmiste Euroopa Liidu liikmes- ja kandidaatriikide nimedest s\u00f5nu v\u00f5i s\u00f5na\u00fchendeid ja kasuta neid l\u00fchilausetes.<\/strong><\/p>\n<p style=\"text-align: justify;\">\n<\/p><p style=\"text-align: justify;\">Austria<\/p>\n<p style=\"text-align: justify;\">Itaalia<\/p>\n<p style=\"text-align: justify;\">Kreeka<\/p>\n<p style=\"text-align: justify;\">Ungari<\/p>\n<p style=\"text-align: justify;\">Hispaania<\/p>\n<p style=\"text-align: justify;\">Leedu<\/p>\n<p style=\"text-align: justify;\">Inglismaa<\/p>\n<p style=\"text-align: justify;\">Eesti<\/p>\n<p style=\"text-align: justify;\">\n<\/p><p style=\"text-align: justify;\">\n<\/p><p style=\"text-align: justify;\">2004<\/p>\n<p style=\"text-align: justify;\">noorem<\/p>\n<p style=\"text-align: justify;\">l\u00f5ppvoor<\/p>\n<p><a href=\"https:\/\/sisu.ut.ee\/keeleylesanded\/sonad-riiginimedest-vastus\/\">Vastus<\/a><\/p>\n","protected":false},"excerpt":{"rendered":"<p>Moodusta j\u00e4rgmiste Euroopa Liidu liikmes- ja kandidaatriikide nimedest s\u00f5nu v\u00f5i s\u00f5na\u00fchendeid ja kasuta neid l\u00fchilausetes. Austria Itaalia Kreeka Ungari Hispaania Leedu Inglismaa Eesti 2004 noorem l\u00f5ppvoor Vastus<\/p>\n","protected":false},"author":185,"featured_media":0,"parent":0,"menu_order":0,"comment_status":"closed","ping_status":"closed","template":"","meta":{"_acf_changed":false,"inline_featured_image":false,"footnotes":""},"class_list":["post-64","page","type-page","status-publish","hentry"],"acf":[],"_links":{"self":[{"href":"https:\/\/sisu.ut.ee\/keeleylesanded\/wp-json\/wp\/v2\/pages\/64","targetHints":{"allow":["GET"]}}],"collection":[{"href":"https:\/\/sisu.ut.ee\/keeleylesanded\/wp-json\/wp\/v2\/pages"}],"about":[{"href":"https:\/\/sisu.ut.ee\/keeleylesanded\/wp-json\/wp\/v2\/types\/page"}],"author":[{"embeddable":true,"href":"https:\/\/sisu.ut.ee\/keeleylesanded\/wp-json\/wp\/v2\/users\/185"}],"replies":[{"embeddable":true,"href":"https:\/\/sisu.ut.ee\/keeleylesanded\/wp-json\/wp\/v2\/comments?post=64"}],"version-history":[{"count":2,"href":"https:\/\/sisu.ut.ee\/keeleylesanded\/wp-json\/wp\/v2\/pages\/64\/revisions"}],"predecessor-version":[{"id":1973,"href":"https:\/\/sisu.ut.ee\/keeleylesanded\/wp-json\/wp\/v2\/pages\/64\/revisions\/1973"}],"wp:attachment":[{"href":"https:\/\/sisu.ut.ee\/keeleylesanded\/wp-json\/wp\/v2\/media?parent=64"}],"curies":[{"name":"wp","href":"https:\/\/api.w.org\/{rel}","templated":true}]}}