{"id":60,"date":"2024-04-04T05:03:26","date_gmt":"2024-04-04T02:03:26","guid":{"rendered":"https:\/\/sisu.ut.ee\/keeleylesanded\/valed-voorsonad-0\/"},"modified":"2024-11-29T13:30:42","modified_gmt":"2024-11-29T11:30:42","slug":"valed-voorsonad-0","status":"publish","type":"page","link":"https:\/\/sisu.ut.ee\/keeleylesanded\/valed-voorsonad-0\/","title":{"rendered":"Valed v\u00f5\u00f5rs\u00f5nad"},"content":{"rendered":"<p><strong>Asenda valed v\u00f5\u00f5rs\u00f5nad sobivate h\u00e4\u00e4likuliselt l\u00e4hedaste \u00f5igete v\u00f5\u00f5rs\u00f5nadega.<\/strong><\/p>\n<p>Taimeteadust nimetatakse ka zooloogiaks. S\u00fcnkroonia esitati sel hooajal esimest korda. Raamatu tiraad oli 2000. Maaniaga tegelevaid inimesi usutakse viimasel ajal \u00fcha enam. \u00d5igekirjutust nimetatakse ontoloogiaks. P\u00e4rast treeningut oli soe tu\u0161\u0161 m\u00f5nus.<\/p>\n<p>2002<\/p>\n<p>noorem<\/p>\n<p>piirkonnavoor\u2019<\/p>\n<p><a href=\"https:\/\/sisu.ut.ee\/keeleylesanded\/valed-voorsonad-vastus\/\">Vastus<\/a><\/p>\n","protected":false},"excerpt":{"rendered":"<p>Asenda valed v\u00f5\u00f5rs\u00f5nad sobivate h\u00e4\u00e4likuliselt l\u00e4hedaste \u00f5igete v\u00f5\u00f5rs\u00f5nadega. Taimeteadust nimetatakse ka zooloogiaks. S\u00fcnkroonia esitati sel hooajal esimest korda. Raamatu tiraad oli 2000. Maaniaga tegelevaid inimesi usutakse viimasel ajal \u00fcha enam. \u00d5igekirjutust nimetatakse ontoloogiaks. P\u00e4rast treeningut oli soe tu\u0161\u0161 m\u00f5nus. 2002 &#8230;<\/p>\n","protected":false},"author":185,"featured_media":0,"parent":0,"menu_order":0,"comment_status":"closed","ping_status":"closed","template":"","meta":{"_acf_changed":false,"inline_featured_image":false,"footnotes":""},"class_list":["post-60","page","type-page","status-publish","hentry"],"acf":[],"_links":{"self":[{"href":"https:\/\/sisu.ut.ee\/keeleylesanded\/wp-json\/wp\/v2\/pages\/60","targetHints":{"allow":["GET"]}}],"collection":[{"href":"https:\/\/sisu.ut.ee\/keeleylesanded\/wp-json\/wp\/v2\/pages"}],"about":[{"href":"https:\/\/sisu.ut.ee\/keeleylesanded\/wp-json\/wp\/v2\/types\/page"}],"author":[{"embeddable":true,"href":"https:\/\/sisu.ut.ee\/keeleylesanded\/wp-json\/wp\/v2\/users\/185"}],"replies":[{"embeddable":true,"href":"https:\/\/sisu.ut.ee\/keeleylesanded\/wp-json\/wp\/v2\/comments?post=60"}],"version-history":[{"count":2,"href":"https:\/\/sisu.ut.ee\/keeleylesanded\/wp-json\/wp\/v2\/pages\/60\/revisions"}],"predecessor-version":[{"id":2038,"href":"https:\/\/sisu.ut.ee\/keeleylesanded\/wp-json\/wp\/v2\/pages\/60\/revisions\/2038"}],"wp:attachment":[{"href":"https:\/\/sisu.ut.ee\/keeleylesanded\/wp-json\/wp\/v2\/media?parent=60"}],"curies":[{"name":"wp","href":"https:\/\/api.w.org\/{rel}","templated":true}]}}