{"id":58,"date":"2024-04-04T05:03:26","date_gmt":"2024-04-04T02:03:26","guid":{"rendered":"https:\/\/sisu.ut.ee\/keeleylesanded\/valjendi-tahendus\/"},"modified":"2024-11-29T13:36:52","modified_gmt":"2024-11-29T11:36:52","slug":"valjendi-tahendus","status":"publish","type":"page","link":"https:\/\/sisu.ut.ee\/keeleylesanded\/valjendi-tahendus\/","title":{"rendered":"V\u00e4ljendi t\u00e4hendus"},"content":{"rendered":"<p><strong>Selgita esile t\u00f5stetud v\u00e4ljendite t\u00e4hendust.<\/strong><\/p>\n<ol>\n<li>Kui r\u00e4\u00e4gitakse\u00a0<strong>teisest Eestist<\/strong>, siis mida selle all m\u00f5eldakse?<\/li>\n<li>Kui minister\u00a0<strong>astus \u00e4mbrisse,<\/strong>\u00a0siis mida minister tegi?<\/li>\n<li>Kui presidendivalimistel ilmub v\u00e4lja\u00a0<strong>must hobune,\u00a0<\/strong>siis mis on juhtunud?<\/li>\n<li>Kui r\u00e4\u00e4gitakse, et Eesti ootab Euroopa Liitu nagu\u00a0<strong>valget laeva<\/strong>, siis mida Euroopa Liidult oodatakse?<\/li>\n<li>Kui teile on tehtud\u00a0<strong>ajupesu<\/strong>, siis mis on tegelikult juhtunud?<\/li>\n<li>Kui t\u00f6\u00f6tajad jaotatakse\u00a0<strong>valgekraedeks\u00a0<\/strong>ja\u00a0<strong>sinikraedeks<\/strong>, siis mille poolest need r\u00fchmad erinevad?<\/li>\n<\/ol>\n<p>2004<\/p>\n<p>keskmine<\/p>\n<p>l\u00f5ppvoor<\/p>\n<p><a href=\"https:\/\/sisu.ut.ee\/keeleylesanded\/valjendi-tahendus-vastus\/\">Vastus<\/a><\/p>\n","protected":false},"excerpt":{"rendered":"<p>Selgita esile t\u00f5stetud v\u00e4ljendite t\u00e4hendust. Kui r\u00e4\u00e4gitakse\u00a0teisest Eestist, siis mida selle all m\u00f5eldakse? Kui minister\u00a0astus \u00e4mbrisse,\u00a0siis mida minister tegi? Kui presidendivalimistel ilmub v\u00e4lja\u00a0must hobune,\u00a0siis mis on juhtunud? Kui r\u00e4\u00e4gitakse, et Eesti ootab Euroopa Liitu nagu\u00a0valget laeva, siis mida Euroopa Liidult &#8230;<\/p>\n","protected":false},"author":185,"featured_media":0,"parent":0,"menu_order":0,"comment_status":"closed","ping_status":"closed","template":"","meta":{"_acf_changed":false,"inline_featured_image":false,"footnotes":""},"class_list":["post-58","page","type-page","status-publish","hentry"],"acf":[],"_links":{"self":[{"href":"https:\/\/sisu.ut.ee\/keeleylesanded\/wp-json\/wp\/v2\/pages\/58","targetHints":{"allow":["GET"]}}],"collection":[{"href":"https:\/\/sisu.ut.ee\/keeleylesanded\/wp-json\/wp\/v2\/pages"}],"about":[{"href":"https:\/\/sisu.ut.ee\/keeleylesanded\/wp-json\/wp\/v2\/types\/page"}],"author":[{"embeddable":true,"href":"https:\/\/sisu.ut.ee\/keeleylesanded\/wp-json\/wp\/v2\/users\/185"}],"replies":[{"embeddable":true,"href":"https:\/\/sisu.ut.ee\/keeleylesanded\/wp-json\/wp\/v2\/comments?post=58"}],"version-history":[{"count":2,"href":"https:\/\/sisu.ut.ee\/keeleylesanded\/wp-json\/wp\/v2\/pages\/58\/revisions"}],"predecessor-version":[{"id":2049,"href":"https:\/\/sisu.ut.ee\/keeleylesanded\/wp-json\/wp\/v2\/pages\/58\/revisions\/2049"}],"wp:attachment":[{"href":"https:\/\/sisu.ut.ee\/keeleylesanded\/wp-json\/wp\/v2\/media?parent=58"}],"curies":[{"name":"wp","href":"https:\/\/api.w.org\/{rel}","templated":true}]}}