{"id":55,"date":"2024-04-04T05:03:26","date_gmt":"2024-04-04T02:03:26","guid":{"rendered":"https:\/\/sisu.ut.ee\/keeleylesanded\/valed-vormid-ii\/"},"modified":"2024-11-29T13:32:27","modified_gmt":"2024-11-29T11:32:27","slug":"valed-vormid-ii","status":"publish","type":"page","link":"https:\/\/sisu.ut.ee\/keeleylesanded\/valed-vormid-ii\/","title":{"rendered":"Valed vormid (II)"},"content":{"rendered":"<p style=\"margin-bottom: .0001pt; text-align: justify;\"><span style=\"line-height: normal;\"><b><span style=\"color: black;\">Leia tekstist k\u00fcmme s\u00f5na, mille k\u00e4\u00e4namisel v\u00f5i p\u00f6\u00f6ramisel on eksitud \u00f5igekeelsusreeglite vastu, ja kirjuta need korrektselt. Kui m\u00f5ne s\u00f5na k\u00e4\u00e4namisel v\u00f5i p\u00f6\u00f6ramisel on v\u00f5imalikud mitu varianti, siis \u00e4ra muuda tekstis juba korrektset varianti teiseks korrektseks variandiks! (10 punkti)<\/span><\/b><\/span><\/p>\n<p style=\"margin-bottom: .0001pt;\">\n<\/p><p style=\"margin-bottom: .0001pt; text-align: justify;\"><span style=\"line-height: normal;\"><span style=\"color: black;\">N\u00e4gin eile kohvikus oma armast t\u00e4dit. Ta pidi minema Hispaaniasse akusi laadima. T\u00e4dist ei kiiranud tavap\u00e4rast r\u00f5\u00f5mu, olin harjunud n\u00e4gema teda \u00f5nnelikku ja reipana. Ta paistis \u00fcle t\u00f6\u00f6danud ning seet\u00f5ttu oligi t\u00f6\u00f6lt puhkust taodelnud. Oma telefonist otsis ta v\u00e4lja Google\u2019i kaartid ja n\u00e4itas kuurordit, kuhu puhkama l\u00e4heb. Lubasin koos t\u00e4dit\u00fctardega ta eksootiliste \u00e4mblike akvaariumit puhastada ning pikakarvaliseid kurje koeri jalutada. Soovitasin t\u00e4dil oma rannapuhkusest pilte ja videoid teha, l\u00f5\u00f5gastuda, kontserdeid kuulata, vaatamisv\u00e4\u00e4rsusi vaadata ning mitte niipea koju naaseda. <\/span><\/span><\/p>\n<p style=\"margin-bottom: .0001pt;\">\n<\/p><p style=\"margin-bottom: 10.0pt;\"><b>S\u00f5na tekstis\u00a0\u00a0\u00a0\u00a0\u00a0\u00a0\u00a0\u00a0\u00a0\u00a0\u00a0\u00a0\u00a0\u00a0\u00a0\u00a0\u00a0\u00a0\u00a0\u00a0\u00a0\u00a0\u00a0\u00a0\u00a0\u00a0\u00a0\u00a0\u00a0\u00a0\u00a0\u00a0\u00a0\u00a0\u00a0\u00a0 <\/b><strong>S\u00f5na \u00f5igekeelsusreeglitele vastavalt<\/strong><\/p>\n<p style=\"margin-bottom: .0001pt;\"><span style=\"line-height: normal;\"><span style=\"vertical-align: baseline;\"><span style=\"color: black;\">1. ________________________________\u00a0\u00a0 ______________________________<\/span><\/span><\/span><\/p>\n<p style=\"margin-bottom: .0001pt;\">\n<\/p><p style=\"margin-bottom: .0001pt;\"><span style=\"line-height: normal;\"><span style=\"vertical-align: baseline;\"><span style=\"color: black;\">2. ________________________________\u00a0\u00a0 ______________________________<\/span><\/span><\/span><\/p>\n<p style=\"margin-bottom: .0001pt;\">\n<\/p><p style=\"margin-bottom: .0001pt;\"><span style=\"line-height: normal;\"><span style=\"vertical-align: baseline;\"><span style=\"color: black;\">3. ________________________________\u00a0\u00a0 ______________________________<\/span><\/span><\/span><\/p>\n<p style=\"margin-bottom: .0001pt;\">\n<\/p><p style=\"margin-bottom: .0001pt;\"><span style=\"line-height: normal;\"><span style=\"vertical-align: baseline;\"><span style=\"color: black;\">4. ________________________________\u00a0\u00a0 ______________________________<\/span><\/span><\/span><\/p>\n<p style=\"margin-bottom: .0001pt;\">\n<\/p><p style=\"margin-bottom: .0001pt;\"><span style=\"line-height: normal;\"><span style=\"vertical-align: baseline;\"><span style=\"color: black;\">5. ________________________________\u00a0\u00a0 ______________________________<\/span><\/span><\/span><\/p>\n<p style=\"margin-bottom: .0001pt;\">\n<\/p><p style=\"margin-bottom: .0001pt;\"><span style=\"line-height: normal;\"><span style=\"vertical-align: baseline;\"><span style=\"color: black;\">6. ________________________________\u00a0\u00a0 ______________________________<\/span><\/span><\/span><\/p>\n<p style=\"margin-bottom: .0001pt;\">\n<\/p><p style=\"margin-bottom: .0001pt;\"><span style=\"line-height: normal;\"><span style=\"vertical-align: baseline;\"><span style=\"color: black;\">7. ________________________________\u00a0\u00a0 ______________________________<\/span><\/span><\/span><\/p>\n<p style=\"margin-bottom: .0001pt;\">\n<\/p><p style=\"margin-bottom: .0001pt;\"><span style=\"line-height: normal;\"><span style=\"vertical-align: baseline;\"><span style=\"color: black;\">8. ________________________________\u00a0\u00a0 ______________________________<\/span><\/span><\/span><\/p>\n<p style=\"margin-bottom: .0001pt;\">\n<\/p><p style=\"margin-bottom: .0001pt;\"><span style=\"line-height: normal;\"><span style=\"vertical-align: baseline;\"><span style=\"color: black;\">9. ________________________________\u00a0\u00a0 ______________________________<\/span><\/span><\/span><\/p>\n<p style=\"margin-bottom: .0001pt;\">\n<\/p><p style=\"margin-bottom: 10.0pt;\"><span style=\"line-height: normal;\"><span style=\"vertical-align: baseline;\"><span style=\"color: black;\">10. ________________________________\u00a0\u00a0 ______________________________<\/span><\/span><\/span><\/p>\n<p style=\"margin-bottom: 10.0pt;\">\n<\/p><p style=\"margin-bottom: 10.0pt;\">\n<\/p><p style=\"margin-bottom: 10.0pt;\"><span style=\"line-height: normal;\"><span style=\"vertical-align: baseline;\"><span style=\"color: black;\">2018<\/span><\/span><\/span><\/p>\n<p style=\"margin-bottom: 10.0pt;\"><span style=\"line-height: normal;\"><span style=\"vertical-align: baseline;\"><span style=\"color: black;\">noorem<\/span><\/span><\/span><\/p>\n<p style=\"margin-bottom: 10.0pt;\"><span style=\"line-height: normal;\"><span style=\"vertical-align: baseline;\"><span style=\"color: black;\">piirkonnavoor<\/span><\/span><\/span><\/p>\n<p><a href=\"https:\/\/sisu.ut.ee\/keeleylesanded\/valed-vormid-ii-0\/\">Vastus<\/a><\/p>\n","protected":false},"excerpt":{"rendered":"<p>Leia tekstist k\u00fcmme s\u00f5na, mille k\u00e4\u00e4namisel v\u00f5i p\u00f6\u00f6ramisel on eksitud \u00f5igekeelsusreeglite vastu, ja kirjuta need korrektselt. Kui m\u00f5ne s\u00f5na k\u00e4\u00e4namisel v\u00f5i p\u00f6\u00f6ramisel on v\u00f5imalikud mitu varianti, siis \u00e4ra muuda tekstis juba korrektset varianti teiseks korrektseks variandiks! (10 punkti) N\u00e4gin eile &#8230;<\/p>\n","protected":false},"author":185,"featured_media":0,"parent":0,"menu_order":0,"comment_status":"closed","ping_status":"closed","template":"","meta":{"_acf_changed":false,"inline_featured_image":false,"footnotes":""},"class_list":["post-55","page","type-page","status-publish","hentry"],"acf":[],"_links":{"self":[{"href":"https:\/\/sisu.ut.ee\/keeleylesanded\/wp-json\/wp\/v2\/pages\/55","targetHints":{"allow":["GET"]}}],"collection":[{"href":"https:\/\/sisu.ut.ee\/keeleylesanded\/wp-json\/wp\/v2\/pages"}],"about":[{"href":"https:\/\/sisu.ut.ee\/keeleylesanded\/wp-json\/wp\/v2\/types\/page"}],"author":[{"embeddable":true,"href":"https:\/\/sisu.ut.ee\/keeleylesanded\/wp-json\/wp\/v2\/users\/185"}],"replies":[{"embeddable":true,"href":"https:\/\/sisu.ut.ee\/keeleylesanded\/wp-json\/wp\/v2\/comments?post=55"}],"version-history":[{"count":2,"href":"https:\/\/sisu.ut.ee\/keeleylesanded\/wp-json\/wp\/v2\/pages\/55\/revisions"}],"predecessor-version":[{"id":2042,"href":"https:\/\/sisu.ut.ee\/keeleylesanded\/wp-json\/wp\/v2\/pages\/55\/revisions\/2042"}],"wp:attachment":[{"href":"https:\/\/sisu.ut.ee\/keeleylesanded\/wp-json\/wp\/v2\/media?parent=55"}],"curies":[{"name":"wp","href":"https:\/\/api.w.org\/{rel}","templated":true}]}}