{"id":527,"date":"2024-04-04T05:04:09","date_gmt":"2024-04-04T02:04:09","guid":{"rendered":"https:\/\/sisu.ut.ee\/keeleylesanded\/kohanimi-sonapaarist\/"},"modified":"2024-11-29T10:20:32","modified_gmt":"2024-11-29T08:20:32","slug":"kohanimi-sonapaarist","status":"publish","type":"page","link":"https:\/\/sisu.ut.ee\/keeleylesanded\/kohanimi-sonapaarist\/","title":{"rendered":"Kohanimi s\u00f5napaarist"},"content":{"rendered":"<div><strong>Moodusta j\u00e4rgmistest s\u00f5napaaridest Eesti tuntud kohanimed. S\u00f5napaaride sees v\u00f5ib\u00a0s\u00f5nade j\u00e4rjekorda muuta.\u00a0<\/strong><\/div>\n<div><\/div>\n<div>hea mees<\/div>\n<div>linn vastne<\/div>\n<div>saar kurg<\/div>\n<div>mets valge<\/div>\n<div>sild m\u00e4gi<\/div>\n<div>sinine m\u00e4gi<\/div>\n<div>salu haab<\/div>\n<div>vesi must<\/div>\n<div>m\u00e4rg maa<\/div>\n<div>kant j\u00e4rv<\/div>\n<div>maa kuld<\/div>\n<div>mees koorem<\/div>\n<div>pere kaar<\/div>\n<div>salu tamm<\/div>\n<div><\/div>\n<div><\/div>\n<div>2016<\/div>\n<div>noorem<\/div>\n<div>piirkonnavoor<\/div>\n<div><\/div>\n<div><a href=\"https:\/\/sisu.ut.ee\/keeleylesanded\/kohanimi-sonapaarist-vastus\/\">Vastus<\/a><\/div>\n","protected":false},"excerpt":{"rendered":"<p>Moodusta j\u00e4rgmistest s\u00f5napaaridest Eesti tuntud kohanimed. S\u00f5napaaride sees v\u00f5ib\u00a0s\u00f5nade j\u00e4rjekorda muuta.\u00a0 hea mees linn vastne saar kurg mets valge sild m\u00e4gi sinine m\u00e4gi salu haab vesi must m\u00e4rg maa kant j\u00e4rv maa kuld mees koorem pere kaar salu tamm 2016 &#8230;<\/p>\n","protected":false},"author":185,"featured_media":0,"parent":0,"menu_order":0,"comment_status":"closed","ping_status":"closed","template":"","meta":{"_acf_changed":false,"inline_featured_image":false,"footnotes":""},"class_list":["post-527","page","type-page","status-publish","hentry"],"acf":[],"_links":{"self":[{"href":"https:\/\/sisu.ut.ee\/keeleylesanded\/wp-json\/wp\/v2\/pages\/527","targetHints":{"allow":["GET"]}}],"collection":[{"href":"https:\/\/sisu.ut.ee\/keeleylesanded\/wp-json\/wp\/v2\/pages"}],"about":[{"href":"https:\/\/sisu.ut.ee\/keeleylesanded\/wp-json\/wp\/v2\/types\/page"}],"author":[{"embeddable":true,"href":"https:\/\/sisu.ut.ee\/keeleylesanded\/wp-json\/wp\/v2\/users\/185"}],"replies":[{"embeddable":true,"href":"https:\/\/sisu.ut.ee\/keeleylesanded\/wp-json\/wp\/v2\/comments?post=527"}],"version-history":[{"count":2,"href":"https:\/\/sisu.ut.ee\/keeleylesanded\/wp-json\/wp\/v2\/pages\/527\/revisions"}],"predecessor-version":[{"id":1863,"href":"https:\/\/sisu.ut.ee\/keeleylesanded\/wp-json\/wp\/v2\/pages\/527\/revisions\/1863"}],"wp:attachment":[{"href":"https:\/\/sisu.ut.ee\/keeleylesanded\/wp-json\/wp\/v2\/media?parent=527"}],"curies":[{"name":"wp","href":"https:\/\/api.w.org\/{rel}","templated":true}]}}