{"id":525,"date":"2024-04-04T05:04:09","date_gmt":"2024-04-04T02:04:09","guid":{"rendered":"https:\/\/sisu.ut.ee\/keeleylesanded\/euroopa-liit-ja-kujundid-i\/"},"modified":"2024-11-28T23:16:42","modified_gmt":"2024-11-28T21:16:42","slug":"euroopa-liit-ja-kujundid-i","status":"publish","type":"page","link":"https:\/\/sisu.ut.ee\/keeleylesanded\/euroopa-liit-ja-kujundid-i\/","title":{"rendered":"Euroopa Liit ja kujundid (I)"},"content":{"rendered":"<p style=\"text-align: justify;\"><strong>J\u00e4rgnevad laused on Eesti ajakirjanduse Euroopa Liidu teemalistest artiklitest. Usutavast saad aru, mida artiklite autorid kasutatud kujundlike v\u00e4ljenditega m\u00f5elnud on.<\/strong><\/p>\n<p style=\"text-align: justify;\"><strong>Asenda esilet\u00f5stetud v\u00e4ljendid, nii et lause t\u00e4hendus ei muutuks, vaid tulemuseks oleks samat\u00e4henduslik korrektne lause.<\/strong><\/p>\n<p style=\"text-align: justify;\">N\u00c4IDE: Minister\u00a0<strong>astus \u00e4mbrisse.<\/strong>\u00a0&gt;\u00a0 Minister k\u00e4itus m\u00f5tlematult.<\/p>\n<p style=\"text-align: justify;\">\n<\/p><ol>\n<li style=\"text-align: justify;\">K\u00fcmneaastane Euroopa Liit\u00a0<strong>\u00a0t\u00fc\u00fcrib uue sadama suunas.<\/strong><\/li>\n<li style=\"text-align: justify;\">Referendumil otsustatakse, kas Eestis saabub\u00a0<strong>pika \u00f6\u00f6 j\u00e4rel l\u00f5puks ometi p\u00e4ev<\/strong>\u00a0v\u00f5i mitte.<\/li>\n<li style=\"text-align: justify;\">Rahvah\u00e4\u00e4letuse tulemus t\u00e4hendab meile\u00a0<strong>tulevikuv\u00e4rava avamist.<\/strong><\/li>\n<li style=\"text-align: justify;\">Paljud kardavad, et Euroopa Liit on\u00a0<strong>rahvaste sulatusahi.<\/strong><\/li>\n<li style=\"text-align: justify;\">Tundub, et suurem osa meist on siiani kui\u00a0<strong>siilid euroudus.<\/strong><\/li>\n<li style=\"text-align: justify;\">On asjatu loota, et Euroopa Liit hakkaks meile\u00a0<strong>taevast kuud ja t\u00e4hti alla tooma.<\/strong><\/li>\n<li style=\"text-align: justify;\">Euroopa Liidul tundub\u00a0<strong>Venemaaga tiivaripsutamine\u00a0<\/strong>hoopis olulisem olevat kui Balti riikide huvid.<\/li>\n<li style=\"text-align: justify;\">Meie soovid on Europpa Liidu otsustajatele\u00a0<strong>nagu s\u00e4\u00e4sepirin elevandi k\u00f5rvus.<\/strong><\/li>\n<\/ol>\n<p style=\"text-align: justify;\">\n<\/p><p style=\"text-align: justify;\">2004<\/p>\n<p style=\"text-align: justify;\">vanem<\/p>\n<p style=\"text-align: justify;\">l\u00f5ppvoor<\/p>\n<p style=\"text-align: justify;\"><a href=\"https:\/\/sisu.ut.ee\/keeleylesanded\/euroopa-liit-ja-kujundid-i-vastus\/\">Vastus<\/a><\/p>\n<p style=\"text-align: justify;\">\n<\/p>","protected":false},"excerpt":{"rendered":"<p>J\u00e4rgnevad laused on Eesti ajakirjanduse Euroopa Liidu teemalistest artiklitest. Usutavast saad aru, mida artiklite autorid kasutatud kujundlike v\u00e4ljenditega m\u00f5elnud on. Asenda esilet\u00f5stetud v\u00e4ljendid, nii et lause t\u00e4hendus ei muutuks, vaid tulemuseks oleks samat\u00e4henduslik korrektne lause. N\u00c4IDE: Minister\u00a0astus \u00e4mbrisse.\u00a0&gt;\u00a0 Minister k\u00e4itus &#8230;<\/p>\n","protected":false},"author":185,"featured_media":0,"parent":0,"menu_order":0,"comment_status":"closed","ping_status":"closed","template":"","meta":{"_acf_changed":false,"inline_featured_image":false,"footnotes":""},"class_list":["post-525","page","type-page","status-publish","hentry"],"acf":[],"_links":{"self":[{"href":"https:\/\/sisu.ut.ee\/keeleylesanded\/wp-json\/wp\/v2\/pages\/525","targetHints":{"allow":["GET"]}}],"collection":[{"href":"https:\/\/sisu.ut.ee\/keeleylesanded\/wp-json\/wp\/v2\/pages"}],"about":[{"href":"https:\/\/sisu.ut.ee\/keeleylesanded\/wp-json\/wp\/v2\/types\/page"}],"author":[{"embeddable":true,"href":"https:\/\/sisu.ut.ee\/keeleylesanded\/wp-json\/wp\/v2\/users\/185"}],"replies":[{"embeddable":true,"href":"https:\/\/sisu.ut.ee\/keeleylesanded\/wp-json\/wp\/v2\/comments?post=525"}],"version-history":[{"count":2,"href":"https:\/\/sisu.ut.ee\/keeleylesanded\/wp-json\/wp\/v2\/pages\/525\/revisions"}],"predecessor-version":[{"id":1824,"href":"https:\/\/sisu.ut.ee\/keeleylesanded\/wp-json\/wp\/v2\/pages\/525\/revisions\/1824"}],"wp:attachment":[{"href":"https:\/\/sisu.ut.ee\/keeleylesanded\/wp-json\/wp\/v2\/media?parent=525"}],"curies":[{"name":"wp","href":"https:\/\/api.w.org\/{rel}","templated":true}]}}