{"id":522,"date":"2024-04-04T05:04:09","date_gmt":"2024-04-04T02:04:09","guid":{"rendered":"https:\/\/sisu.ut.ee\/keeleylesanded\/mis-neid-uhendab\/"},"modified":"2024-11-29T10:46:21","modified_gmt":"2024-11-29T08:46:21","slug":"mis-neid-uhendab","status":"publish","type":"page","link":"https:\/\/sisu.ut.ee\/keeleylesanded\/mis-neid-uhendab\/","title":{"rendered":"Mis neid \u00fchendab?"},"content":{"rendered":"<p><strong>J\u00e4rgnevates lausetes on iga s\u00f5na taha sulgudesse m\u00e4rgitud number, millel on oma t\u00e4hendus.<\/strong><\/p>\n<ul>\n<li>Kirjuta l\u00fchidalt iga numbri t\u00e4hendus.<\/li>\n<li>Lisa nende t\u00e4henduste alusel numbrid nelja numbriteta lause s\u00f5nadele.<\/li>\n<\/ul>\n<p>P\u00f5genik (1) viskas (2) kivi (3) kaljult (4) alla (5).<\/p>\n<p>Lennuk (1) maandus (6) lennuv\u00e4ljale (7).<\/p>\n<p>Toas (8) loeti (2) raamatut (3).<\/p>\n<p>Poisid (1) s\u00f5itsid (6) Tartust (4) Tallinnasse (7).<\/p>\n<p>Raamatud (9) lebasid (10) laual (8).<\/p>\n<table class=\"table table-hover\" style=\"width: 100%;\" border=\"0\" cellspacing=\"1\" cellpadding=\"1\">\n<tbody>\n<tr>\n<td>(1)<\/td>\n<td>(6)<\/td>\n<\/tr>\n<tr>\n<td>(2)<\/td>\n<td>(7)<\/td>\n<\/tr>\n<tr>\n<td>(3)<\/td>\n<td>(8)<\/td>\n<\/tr>\n<tr>\n<td>(4)<\/td>\n<td>(9)<\/td>\n<\/tr>\n<tr>\n<td>(5)<\/td>\n<td>(10)<\/td>\n<\/tr>\n<\/tbody>\n<\/table>\n<p>Daamid (\u00a0 ) lahkusid (\u00a0 ) ballilt (\u00a0 ).<\/p>\n<p>Mari (\u00a0 ) h\u00fcppas (\u00a0 ) toolilt (\u00a0 ) \u00fcles (\u00a0 \u00a0).<\/p>\n<p>Kool (\u00a0 ) asub (\u00a0 ) kesklinnas (\u00a0 ).<\/p>\n<p>Raha (\u00a0 ) koguti (\u00a0 ) sukas\u00e4\u00e4rde (\u00a0 ).<\/p>\n<p>2004<\/p>\n<p>keskmine, vanem<\/p>\n<p>l\u00f5ppvoor<\/p>\n<p><a href=\"https:\/\/sisu.ut.ee\/keeleylesanded\/mis-neid-uhendab-vastus\/\">Vastus<\/a><\/p>\n","protected":false},"excerpt":{"rendered":"<p>J\u00e4rgnevates lausetes on iga s\u00f5na taha sulgudesse m\u00e4rgitud number, millel on oma t\u00e4hendus. Kirjuta l\u00fchidalt iga numbri t\u00e4hendus. Lisa nende t\u00e4henduste alusel numbrid nelja numbriteta lause s\u00f5nadele. P\u00f5genik (1) viskas (2) kivi (3) kaljult (4) alla (5). Lennuk (1) maandus &#8230;<\/p>\n","protected":false},"author":185,"featured_media":0,"parent":0,"menu_order":0,"comment_status":"closed","ping_status":"closed","template":"","meta":{"_acf_changed":false,"inline_featured_image":false,"footnotes":""},"class_list":["post-522","page","type-page","status-publish","hentry"],"acf":[],"_links":{"self":[{"href":"https:\/\/sisu.ut.ee\/keeleylesanded\/wp-json\/wp\/v2\/pages\/522","targetHints":{"allow":["GET"]}}],"collection":[{"href":"https:\/\/sisu.ut.ee\/keeleylesanded\/wp-json\/wp\/v2\/pages"}],"about":[{"href":"https:\/\/sisu.ut.ee\/keeleylesanded\/wp-json\/wp\/v2\/types\/page"}],"author":[{"embeddable":true,"href":"https:\/\/sisu.ut.ee\/keeleylesanded\/wp-json\/wp\/v2\/users\/185"}],"replies":[{"embeddable":true,"href":"https:\/\/sisu.ut.ee\/keeleylesanded\/wp-json\/wp\/v2\/comments?post=522"}],"version-history":[{"count":2,"href":"https:\/\/sisu.ut.ee\/keeleylesanded\/wp-json\/wp\/v2\/pages\/522\/revisions"}],"predecessor-version":[{"id":1895,"href":"https:\/\/sisu.ut.ee\/keeleylesanded\/wp-json\/wp\/v2\/pages\/522\/revisions\/1895"}],"wp:attachment":[{"href":"https:\/\/sisu.ut.ee\/keeleylesanded\/wp-json\/wp\/v2\/media?parent=522"}],"curies":[{"name":"wp","href":"https:\/\/api.w.org\/{rel}","templated":true}]}}