{"id":521,"date":"2024-04-04T05:04:08","date_gmt":"2024-04-04T02:04:08","guid":{"rendered":"https:\/\/sisu.ut.ee\/keeleylesanded\/vanad-nimekujud\/"},"modified":"2024-11-29T13:39:12","modified_gmt":"2024-11-29T11:39:12","slug":"vanad-nimekujud","status":"publish","type":"page","link":"https:\/\/sisu.ut.ee\/keeleylesanded\/vanad-nimekujud\/","title":{"rendered":"Vanad nimekujud"},"content":{"rendered":"<p style=\"text-align: justify;\"><strong>\u00dchenda vanas eesti kirjas\u00f5nas kasutatud nimed samade kohtade t\u00e4nap\u00e4evaste nimekujudega, kirjutades vasakus tulbas oleva numbri paremasse tulpas sama koha t\u00e4nap\u00e4evase nimekuju ette.<\/strong><\/p>\n<table class=\"table table-hover\" style=\"width: 100%;\" border=\"0\" cellspacing=\"1\" cellpadding=\"1\">\n<tbody>\n<tr>\n<td>1. Jenw<\/td>\n<td>\u00a0 Nordkapp<\/td>\n<\/tr>\n<tr>\n<td>2. T\u00e4nnemargi riik<\/td>\n<td>\u00a0 Punane meri<\/td>\n<\/tr>\n<tr>\n<td>3. \u00d6\u00f6strigi ma<\/td>\n<td>\u00a0 Klaipeda<\/td>\n<\/tr>\n<tr>\n<td>4. werrew Merri<\/td>\n<td>\u00a0 \u0160veits<\/td>\n<\/tr>\n<tr>\n<td>5. Pohja-ninna<\/td>\n<td>\u00a0 Taani<\/td>\n<\/tr>\n<tr>\n<td>6. ue-leitud-ma saar<\/td>\n<td>\u00a0 Pol\u00fcneesia<\/td>\n<\/tr>\n<tr>\n<td>7. Neapli linn<\/td>\n<td>\u00a0 Genf<\/td>\n<\/tr>\n<tr>\n<td>8. Wiitsima<\/td>\n<td>\u00a0 Austria<\/td>\n<\/tr>\n<tr>\n<td>9. Meemla linn<\/td>\n<td>\u00a0 Napoli<\/td>\n<\/tr>\n<tr>\n<td>10. Palju-saarestik<\/td>\n<td>\u00a0 Newfoundland<\/td>\n<\/tr>\n<\/tbody>\n<\/table>\n<p>2016<\/p>\n<p>noorem<\/p>\n<p>piirkonnavoor<\/p>\n<p><a href=\"https:\/\/sisu.ut.ee\/keeleylesanded\/vanad-nimekujud-vastus\/\">Vastus<\/a><\/p>\n","protected":false},"excerpt":{"rendered":"<p>\u00dchenda vanas eesti kirjas\u00f5nas kasutatud nimed samade kohtade t\u00e4nap\u00e4evaste nimekujudega, kirjutades vasakus tulbas oleva numbri paremasse tulpas sama koha t\u00e4nap\u00e4evase nimekuju ette. 1. Jenw \u00a0 Nordkapp 2. T\u00e4nnemargi riik \u00a0 Punane meri 3. \u00d6\u00f6strigi ma \u00a0 Klaipeda 4. werrew Merri &#8230;<\/p>\n","protected":false},"author":185,"featured_media":0,"parent":0,"menu_order":0,"comment_status":"closed","ping_status":"closed","template":"","meta":{"_acf_changed":false,"inline_featured_image":false,"footnotes":""},"class_list":["post-521","page","type-page","status-publish","hentry"],"acf":[],"_links":{"self":[{"href":"https:\/\/sisu.ut.ee\/keeleylesanded\/wp-json\/wp\/v2\/pages\/521","targetHints":{"allow":["GET"]}}],"collection":[{"href":"https:\/\/sisu.ut.ee\/keeleylesanded\/wp-json\/wp\/v2\/pages"}],"about":[{"href":"https:\/\/sisu.ut.ee\/keeleylesanded\/wp-json\/wp\/v2\/types\/page"}],"author":[{"embeddable":true,"href":"https:\/\/sisu.ut.ee\/keeleylesanded\/wp-json\/wp\/v2\/users\/185"}],"replies":[{"embeddable":true,"href":"https:\/\/sisu.ut.ee\/keeleylesanded\/wp-json\/wp\/v2\/comments?post=521"}],"version-history":[{"count":2,"href":"https:\/\/sisu.ut.ee\/keeleylesanded\/wp-json\/wp\/v2\/pages\/521\/revisions"}],"predecessor-version":[{"id":2052,"href":"https:\/\/sisu.ut.ee\/keeleylesanded\/wp-json\/wp\/v2\/pages\/521\/revisions\/2052"}],"wp:attachment":[{"href":"https:\/\/sisu.ut.ee\/keeleylesanded\/wp-json\/wp\/v2\/media?parent=521"}],"curies":[{"name":"wp","href":"https:\/\/api.w.org\/{rel}","templated":true}]}}