{"id":519,"date":"2024-04-04T05:04:08","date_gmt":"2024-04-04T02:04:08","guid":{"rendered":"https:\/\/sisu.ut.ee\/keeleylesanded\/perekonnanime-sonaliik-i\/"},"modified":"2024-11-29T12:06:38","modified_gmt":"2024-11-29T10:06:38","slug":"perekonnanime-sonaliik-i","status":"publish","type":"page","link":"https:\/\/sisu.ut.ee\/keeleylesanded\/perekonnanime-sonaliik-i\/","title":{"rendered":"Perekonnanime s\u00f5naliik (I)"},"content":{"rendered":"<p style=\"text-align: justify;\"><b>19. sajandil on eesti perekonnanimedeks pandud eri s\u00f5naliikidesse kuuluvaid s\u00f5nu. R\u00fchmita allolevad nimed selle j\u00e4rgi, mis s\u00f5naliikidesse need kuuluvad. R\u00fchmad peavad olema v\u00f5rdsed (juhul kui \u00fcks nimi v\u00f5ib kuuluda mitmesse r\u00fchma, paiguta see nii, et r\u00fchmad oleksid v\u00f5rdsed). Kolm nime ei sobi \u00fchtei r\u00fchma. Nimed on antud kujul, nagu need pand, st ei pruugi vastata t\u00e4nap\u00e4evastele \u00f5igekirjareeglitele.\u00a0<\/b><\/p>\n<p style=\"text-align: justify;\">\n<\/p><p style=\"text-align: justify;\"><em>Aga, Alt, Endine, Hawik, Juchtund, Kaks, Kawwal, Linnas, Minu, M\u00f6tlep, Nul, Olnud, Sind, Teine, Terras, Tihhti, Tru, \u00dcksi<\/em><\/p>\n<p style=\"text-align: justify;\">\n<\/p><table class=\"table table-hover\" style=\"width: 100%;\" border=\"1\" cellspacing=\"1\" cellpadding=\"1\">\n<thead>\n<tr>\n<th scope=\"col\">Nimis\u00f5nad<\/th>\n<th scope=\"col\">Omaduss\u00f5nad<\/th>\n<th scope=\"col\">Arvs\u00f5nad<\/th>\n<th scope=\"col\">Tegus\u00f5nad<\/th>\n<th scope=\"col\">M\u00e4\u00e4rs\u00f5nad<\/th>\n<\/tr>\n<\/thead>\n<tbody>\n<tr>\n<td><\/td>\n<td><\/td>\n<td><\/td>\n<td><\/td>\n<td><\/td>\n<\/tr>\n<tr>\n<td><\/td>\n<td><\/td>\n<td><\/td>\n<td><\/td>\n<td><\/td>\n<\/tr>\n<tr>\n<td><\/td>\n<td><\/td>\n<td><\/td>\n<td><\/td>\n<td><\/td>\n<\/tr>\n<\/tbody>\n<\/table>\n<p>\u00dchtegi r\u00fchma ei sobi \u2026\u2026\u2026\u2026\u2026\u2026\u2026\u2026\u2026., mis on \u2026\u2026\u2026\u2026\u2026..s\u00f5na ja \u2026\u2026\u2026\u2026\u2026\u2026\u2026 ning \u2026\u2026\u2026\u2026\u2026\u2026\u2026\u2026\u2026, mis on \u2026\u2026\u2026\u2026\u2026\u2026\u2026.s\u00f5nad.<\/p>\n<p>2016<\/p>\n<p>noorem<\/p>\n<p>piirkonnavoor<\/p>\n<p><a href=\"https:\/\/sisu.ut.ee\/keeleylesanded\/perekonnanime-sonaliik-i-0\/\">Vastus<\/a><\/p>\n","protected":false},"excerpt":{"rendered":"<p>19. sajandil on eesti perekonnanimedeks pandud eri s\u00f5naliikidesse kuuluvaid s\u00f5nu. R\u00fchmita allolevad nimed selle j\u00e4rgi, mis s\u00f5naliikidesse need kuuluvad. R\u00fchmad peavad olema v\u00f5rdsed (juhul kui \u00fcks nimi v\u00f5ib kuuluda mitmesse r\u00fchma, paiguta see nii, et r\u00fchmad oleksid v\u00f5rdsed). Kolm nime &#8230;<\/p>\n","protected":false},"author":185,"featured_media":0,"parent":0,"menu_order":0,"comment_status":"closed","ping_status":"closed","template":"","meta":{"_acf_changed":false,"inline_featured_image":false,"footnotes":""},"class_list":["post-519","page","type-page","status-publish","hentry"],"acf":[],"_links":{"self":[{"href":"https:\/\/sisu.ut.ee\/keeleylesanded\/wp-json\/wp\/v2\/pages\/519","targetHints":{"allow":["GET"]}}],"collection":[{"href":"https:\/\/sisu.ut.ee\/keeleylesanded\/wp-json\/wp\/v2\/pages"}],"about":[{"href":"https:\/\/sisu.ut.ee\/keeleylesanded\/wp-json\/wp\/v2\/types\/page"}],"author":[{"embeddable":true,"href":"https:\/\/sisu.ut.ee\/keeleylesanded\/wp-json\/wp\/v2\/users\/185"}],"replies":[{"embeddable":true,"href":"https:\/\/sisu.ut.ee\/keeleylesanded\/wp-json\/wp\/v2\/comments?post=519"}],"version-history":[{"count":2,"href":"https:\/\/sisu.ut.ee\/keeleylesanded\/wp-json\/wp\/v2\/pages\/519\/revisions"}],"predecessor-version":[{"id":1937,"href":"https:\/\/sisu.ut.ee\/keeleylesanded\/wp-json\/wp\/v2\/pages\/519\/revisions\/1937"}],"wp:attachment":[{"href":"https:\/\/sisu.ut.ee\/keeleylesanded\/wp-json\/wp\/v2\/media?parent=519"}],"curies":[{"name":"wp","href":"https:\/\/api.w.org\/{rel}","templated":true}]}}