{"id":517,"date":"2024-04-04T05:04:08","date_gmt":"2024-04-04T02:04:08","guid":{"rendered":"https:\/\/sisu.ut.ee\/keeleylesanded\/sona-tahendus\/"},"modified":"2024-11-29T12:38:02","modified_gmt":"2024-11-29T10:38:02","slug":"sona-tahendus","status":"publish","type":"page","link":"https:\/\/sisu.ut.ee\/keeleylesanded\/sona-tahendus\/","title":{"rendered":"S\u00f5na t\u00e4hendus"},"content":{"rendered":"<p><b>Vali j\u00e4rgnevast loetelust 15 s\u00f5na. Seleta valitud s\u00f5nade t\u00e4hendust ja koosta nendega m\u00f5ttekad laused., millest selguks s\u00f5na t\u00e4hendus.<\/b><\/p>\n<p><i>sotsiaalne, draama, demokraatia, idee, s\u00fcmbol, diskrimineerima, identiteet, eetiline, integreeruma, moraalne, vabariik, globaalne, inflatsioon, meedia, refereerima, siirduma, intress, kompetentne, legaalne, terror, b\u00fcrokraatia, etikette, fenomen, kommentaar, konkreetne, l\u00f5imuma, ressurss, stereot\u00fc\u00fcp, tolerantsus, variant<\/i><\/p>\n<p>N\u00e4ide: <i>raal<\/i><\/p>\n<p>Seletus: <i>arvuti<\/i><\/p>\n<p>Lause: <i>Raaliga saab teksti t\u00f6\u00f6delda ja m\u00e4ngida arvutim\u00e4nge. <\/i><\/p>\n<p>2014<\/p>\n<p>L\u00f5ppvoor<\/p>\n<p>Vanem<\/p>\n<p><a href=\"_wp_link_placeholder\" data-wplink-edit=\"true\">Vastus<\/a><\/p>\n","protected":false},"excerpt":{"rendered":"<p>Vali j\u00e4rgnevast loetelust 15 s\u00f5na. Seleta valitud s\u00f5nade t\u00e4hendust ja koosta nendega m\u00f5ttekad laused., millest selguks s\u00f5na t\u00e4hendus. sotsiaalne, draama, demokraatia, idee, s\u00fcmbol, diskrimineerima, identiteet, eetiline, integreeruma, moraalne, vabariik, globaalne, inflatsioon, meedia, refereerima, siirduma, intress, kompetentne, legaalne, terror, b\u00fcrokraatia, etikette, &#8230;<\/p>\n","protected":false},"author":185,"featured_media":0,"parent":0,"menu_order":0,"comment_status":"closed","ping_status":"closed","template":"","meta":{"_acf_changed":false,"inline_featured_image":false,"footnotes":""},"class_list":["post-517","page","type-page","status-publish","hentry"],"acf":[],"_links":{"self":[{"href":"https:\/\/sisu.ut.ee\/keeleylesanded\/wp-json\/wp\/v2\/pages\/517","targetHints":{"allow":["GET"]}}],"collection":[{"href":"https:\/\/sisu.ut.ee\/keeleylesanded\/wp-json\/wp\/v2\/pages"}],"about":[{"href":"https:\/\/sisu.ut.ee\/keeleylesanded\/wp-json\/wp\/v2\/types\/page"}],"author":[{"embeddable":true,"href":"https:\/\/sisu.ut.ee\/keeleylesanded\/wp-json\/wp\/v2\/users\/185"}],"replies":[{"embeddable":true,"href":"https:\/\/sisu.ut.ee\/keeleylesanded\/wp-json\/wp\/v2\/comments?post=517"}],"version-history":[{"count":2,"href":"https:\/\/sisu.ut.ee\/keeleylesanded\/wp-json\/wp\/v2\/pages\/517\/revisions"}],"predecessor-version":[{"id":1970,"href":"https:\/\/sisu.ut.ee\/keeleylesanded\/wp-json\/wp\/v2\/pages\/517\/revisions\/1970"}],"wp:attachment":[{"href":"https:\/\/sisu.ut.ee\/keeleylesanded\/wp-json\/wp\/v2\/media?parent=517"}],"curies":[{"name":"wp","href":"https:\/\/api.w.org\/{rel}","templated":true}]}}