{"id":516,"date":"2024-04-04T05:04:08","date_gmt":"2024-04-04T02:04:08","guid":{"rendered":"https:\/\/sisu.ut.ee\/keeleylesanded\/vanemad-voorsonad\/"},"modified":"2024-11-29T13:43:46","modified_gmt":"2024-11-29T11:43:46","slug":"vanemad-voorsonad","status":"publish","type":"page","link":"https:\/\/sisu.ut.ee\/keeleylesanded\/vanemad-voorsonad\/","title":{"rendered":"Vanemad v\u00f5\u00f5rs\u00f5nad"},"content":{"rendered":"<p><b><span style=\"line-height: 107%;\">Paljud eesti keele vanemad v\u00f5\u00f5rs\u00f5nad, mis on p\u00e4rit saksa, prantsuse, vene v\u00f5i m\u00f5nest muust keelest, on asendunud samat\u00e4henduslik anglitsismidega, see t\u00e4hendab\u00a0 inglise keelest tulnud s\u00f5nadega. (Sama toimub teisteski keeltes.) Asenda lausetes vanemad v\u00f5\u00f5rs\u00f5nad samat\u00e4henduslike uute laens\u00f5nadega, mille leiad j\u00e4rgnevast loendist. T\u00f5mba algne s\u00f5na maha ja selle kohale kirjuta uus s\u00f5na sobivas vormis. Iga s\u00f5na l\u00e4heb tarvis ainult \u00fche korra. M\u00f5ni s\u00f5na j\u00e4\u00e4b \u00fcle.<\/span><\/b><\/p>\n<ul>\n<li><span style=\"line-height: 107%;\">b\u00e4nd, br\u00e4nd, <i>cool<\/i>, font, <i>halloween<\/i>, kreatiivne, k\u00e4nd, plate, poster, sprei, sviit, tuur<\/span><\/li>\n<\/ul>\n<p><span style=\"line-height: 107%;\">\u00c4sja turneelt naasnud Juku, kellest on saanud populaarne muusik, kleepis oma apartemendi seinale gigantse plakati. Sellel ilutses kauni \u0161riftiga kirjutatult \u201eParim automark on Porsche\u201c. Juku ansamblit kutsutakse igal n\u00e4dalavahetusel ja k\u00f5igi p\u00fchade ajal kuskile esinema. Juku unistab, et j\u00e4rgmist kontserti andma s\u00f5idab ta oma uue kihvti Porschega, mille kapotile on aerosoolv\u00e4rvidega tema portree joonistatud. Aga mardilaup\u00e4eval tahab Juku kodus olla ja naabrilastele kompvekke jagada. <\/span><\/p>\n<p><span style=\"line-height: 107%;\">2014<\/span><\/p>\n<p><span style=\"line-height: 107%;\">keskmine, noorem<\/span><\/p>\n<p><span style=\"line-height: 107%;\">piirkonnavoor<\/span><\/p>\n<p><a href=\"https:\/\/sisu.ut.ee\/keeleylesanded\/vanemad-voorsonad-vastus\/\">Vastus<\/a><\/p>\n","protected":false},"excerpt":{"rendered":"<p>Paljud eesti keele vanemad v\u00f5\u00f5rs\u00f5nad, mis on p\u00e4rit saksa, prantsuse, vene v\u00f5i m\u00f5nest muust keelest, on asendunud samat\u00e4henduslik anglitsismidega, see t\u00e4hendab\u00a0 inglise keelest tulnud s\u00f5nadega. (Sama toimub teisteski keeltes.) Asenda lausetes vanemad v\u00f5\u00f5rs\u00f5nad samat\u00e4henduslike uute laens\u00f5nadega, mille leiad j\u00e4rgnevast loendist. &#8230;<\/p>\n","protected":false},"author":185,"featured_media":0,"parent":0,"menu_order":0,"comment_status":"closed","ping_status":"closed","template":"","meta":{"_acf_changed":false,"inline_featured_image":false,"footnotes":""},"class_list":["post-516","page","type-page","status-publish","hentry"],"acf":[],"_links":{"self":[{"href":"https:\/\/sisu.ut.ee\/keeleylesanded\/wp-json\/wp\/v2\/pages\/516","targetHints":{"allow":["GET"]}}],"collection":[{"href":"https:\/\/sisu.ut.ee\/keeleylesanded\/wp-json\/wp\/v2\/pages"}],"about":[{"href":"https:\/\/sisu.ut.ee\/keeleylesanded\/wp-json\/wp\/v2\/types\/page"}],"author":[{"embeddable":true,"href":"https:\/\/sisu.ut.ee\/keeleylesanded\/wp-json\/wp\/v2\/users\/185"}],"replies":[{"embeddable":true,"href":"https:\/\/sisu.ut.ee\/keeleylesanded\/wp-json\/wp\/v2\/comments?post=516"}],"version-history":[{"count":2,"href":"https:\/\/sisu.ut.ee\/keeleylesanded\/wp-json\/wp\/v2\/pages\/516\/revisions"}],"predecessor-version":[{"id":2059,"href":"https:\/\/sisu.ut.ee\/keeleylesanded\/wp-json\/wp\/v2\/pages\/516\/revisions\/2059"}],"wp:attachment":[{"href":"https:\/\/sisu.ut.ee\/keeleylesanded\/wp-json\/wp\/v2\/media?parent=516"}],"curies":[{"name":"wp","href":"https:\/\/api.w.org\/{rel}","templated":true}]}}