{"id":513,"date":"2024-04-04T05:04:08","date_gmt":"2024-04-04T02:04:08","guid":{"rendered":"https:\/\/sisu.ut.ee\/keeleylesanded\/kohanimed-ja-sonavormid-i\/"},"modified":"2024-11-29T10:03:14","modified_gmt":"2024-11-29T08:03:14","slug":"kohanimed-ja-sonavormid-i","status":"publish","type":"page","link":"https:\/\/sisu.ut.ee\/keeleylesanded\/kohanimed-ja-sonavormid-i\/","title":{"rendered":"Kohanimed ja s\u00f5navormid (I)"},"content":{"rendered":"<div style=\"text-align: justify;\"><strong>Allpool olevas nimeloendis on esitatud m\u00f5ned Eesti kohanimed. Iga nime kirjapilt\u00a0langeb kokku v\u00e4hemalt \u00fche normingup\u00e4rase grammatilise vormi kirjapildiga, v.a kaks\u00a0nime, mis j\u00e4\u00e4vad \u00fcle. Vastus esita n\u00e4ite eeskujul, st kirjuta, mis vormiga on tegemist ja\u00a0mis s\u00f5nast see vorm on moodustatud. Kahe \u00fcle j\u00e4\u00e4nud s\u00f5na j\u00e4rele \u00e4ra kirjuta midagi.<\/strong><\/div>\n<div style=\"text-align: justify;\">\n<div style=\"margin-left: 40px;\"><strong>N\u00e4ide<\/strong>: Loodi \u2013 1) umbisikulise tegumoe minevik <em>looma<\/em>; 2) ainsuse omastav <em>lood<\/em>;\u00a03) ainsuse osastav <em>lood<\/em><\/div>\n<div><\/div>\n<div>\n<div>Ammuta ___________________________________________________________________<\/div>\n<div>__________________________________________________________________________<\/div>\n<div>Haki ______________________________________________________________________<\/div>\n<div>__________________________________________________________________________<\/div>\n<div>Mahu _____________________________________________________________________<\/div>\n<div>__________________________________________________________________________<\/div>\n<div>Ninasi _____________________________________________________________________<\/div>\n<div>__________________________________________________________________________<\/div>\n<div>Passi ______________________________________________________________________<\/div>\n<div>__________________________________________________________________________<\/div>\n<div>R\u00f6a ______________________________________________________________________<\/div>\n<div>__________________________________________________________________________<\/div>\n<div>S\u00f6\u00f6di _____________________________________________________________________<\/div>\n<div>__________________________________________________________________________<\/div>\n<div>Vea ______________________________________________________________________<\/div>\n<div>__________________________________________________________________________<\/div>\n<div><\/div>\n<div>2016<\/div>\n<div>noorem<\/div>\n<div>piirkonnavoor<\/div>\n<\/div>\n<div><a href=\"https:\/\/sisu.ut.ee\/keeleylesanded\/kohanimed-ja-sonavormid-i-0\/\">Vastus<\/a><\/div>\n<\/div>\n","protected":false},"excerpt":{"rendered":"<p>Allpool olevas nimeloendis on esitatud m\u00f5ned Eesti kohanimed. Iga nime kirjapilt\u00a0langeb kokku v\u00e4hemalt \u00fche normingup\u00e4rase grammatilise vormi kirjapildiga, v.a kaks\u00a0nime, mis j\u00e4\u00e4vad \u00fcle. Vastus esita n\u00e4ite eeskujul, st kirjuta, mis vormiga on tegemist ja\u00a0mis s\u00f5nast see vorm on moodustatud. Kahe &#8230;<\/p>\n","protected":false},"author":185,"featured_media":0,"parent":0,"menu_order":0,"comment_status":"closed","ping_status":"closed","template":"","meta":{"_acf_changed":false,"inline_featured_image":false,"footnotes":""},"class_list":["post-513","page","type-page","status-publish","hentry"],"acf":[],"_links":{"self":[{"href":"https:\/\/sisu.ut.ee\/keeleylesanded\/wp-json\/wp\/v2\/pages\/513","targetHints":{"allow":["GET"]}}],"collection":[{"href":"https:\/\/sisu.ut.ee\/keeleylesanded\/wp-json\/wp\/v2\/pages"}],"about":[{"href":"https:\/\/sisu.ut.ee\/keeleylesanded\/wp-json\/wp\/v2\/types\/page"}],"author":[{"embeddable":true,"href":"https:\/\/sisu.ut.ee\/keeleylesanded\/wp-json\/wp\/v2\/users\/185"}],"replies":[{"embeddable":true,"href":"https:\/\/sisu.ut.ee\/keeleylesanded\/wp-json\/wp\/v2\/comments?post=513"}],"version-history":[{"count":2,"href":"https:\/\/sisu.ut.ee\/keeleylesanded\/wp-json\/wp\/v2\/pages\/513\/revisions"}],"predecessor-version":[{"id":1854,"href":"https:\/\/sisu.ut.ee\/keeleylesanded\/wp-json\/wp\/v2\/pages\/513\/revisions\/1854"}],"wp:attachment":[{"href":"https:\/\/sisu.ut.ee\/keeleylesanded\/wp-json\/wp\/v2\/media?parent=513"}],"curies":[{"name":"wp","href":"https:\/\/api.w.org\/{rel}","templated":true}]}}