{"id":512,"date":"2024-04-04T05:04:08","date_gmt":"2024-04-04T02:04:08","guid":{"rendered":"https:\/\/sisu.ut.ee\/keeleylesanded\/ulmejutt\/"},"modified":"2024-11-29T13:14:41","modified_gmt":"2024-11-29T11:14:41","slug":"ulmejutt","status":"publish","type":"page","link":"https:\/\/sisu.ut.ee\/keeleylesanded\/ulmejutt\/","title":{"rendered":"Ulmejutt"},"content":{"rendered":"<p><b><span style=\"line-height: 107%;\">Loe t\u00e4helepanelikult seda \u00fche 7. klassi \u00f5pilase kirjutatud ulmejutustuse algust. Seej\u00e4rel otsusta ainult jutustuse tekstist l\u00e4htudes, millised j\u00e4rgmistest v\u00e4idetest on kindlasti \u00f5iged. M\u00e4rgi nende ette kastikesse plussm\u00e4rk.<\/span><\/b><\/p>\n<p><span style=\"line-height: 107%;\">Planeet Matomato asub Maast 2,5 miljoni valgusaasta kaugusel. Matomato ilmus l\u00f5unapoolkera taevas n\u00e4htavale justkui \u00fcle\u00f6\u00f6. Esimesena m\u00e4rkasid seda kolm Uus-Meremaa astronoomi, kes panid planeedile ka sobiva oma emakeelse nime: <i>matomato <\/i>t\u00e4histab maoori keeles k\u00f5ike rohelist, aga ka n\u00e4iteks kasvamist ja t\u00e4rkamist. <\/span><\/p>\n<p><span style=\"line-height: 107%;\">Maoorid j\u00e4lgisid Matomatot vahet pidamata kahe aasta jooksul ja panid t\u00e4hele, et alati, kui Matomato kaob oma p\u00e4ikese varju, hakkavad Uus-Meremaal kalanhoed \u00f5itsema ja tuul p\u00f6\u00f6rdub itta. Sel ajal on ka suurem t\u00f5en\u00e4osus n\u00e4ha kiivisid \u2013 pisikesi arglikke lennuv\u00f5imetuid linde.<\/span><\/p>\n<p><span style=\"line-height: 107%;\">Matomatol on neli aastaaega nagu Maalgi. Matomatot j\u00e4lgide on avastatud seadusp\u00e4ra, et kui seal on soe kevad, tuleb seal ka s\u00fcgis soe. Samuti avastati, et Matomatol on v\u00e4hemalt kaksteist kuud.<\/span><\/p>\n<p><span style=\"line-height: 107%;\">Need kolm teadlast, kes esimesena m\u00e4rkasid Matomatot, on hiljem teinud olulisel trohkem huvitavaid teaduslikke avastusi kui nende kolleegid, kes pole \u00fchtegi uut planeeti leidnud.<\/span><\/p>\n<p>\u2751 1. <span style=\"line-height: 107%;\">K\u00f5ik linnud oskavad lennata.<\/span><\/p>\n<p>\u2751 2. <span style=\"line-height: 107%;\">Kui Matomatol on soe s\u00fcgis, oli seal ka kevadel soe.<\/span><\/p>\n<p>\u2751 3. <span style=\"line-height: 107%;\">Maoorid avastasid, et Matomatol on v\u00e4hemalt kaksteist kuud.<\/span><\/p>\n<p>\u2751 4. <span style=\"line-height: 107%;\">Maoorid j\u00e4lgisid Matomatot vahet pidamata v\u00e4hemalt kahe aasta jooksul<\/span><\/p>\n<p>\u2751 5. <span style=\"line-height: 107%;\">Uus-Meremaa astronoomid panid planeedile nimeks Matomato, sest tegemist on rohelise planeediga.<\/span><\/p>\n<p>\u2751 6. <span style=\"line-height: 107%;\">Matomato aastaajad kestavad 3 kuud nagu Maalgi.<\/span><\/p>\n<p>\u27517. <span style=\"line-height: 107%;\">Matomato asub Maale l\u00e4hemal kui 2 mld valgusaastat.<\/span><\/p>\n<p>\u2751 8. <span style=\"line-height: 107%;\">Kui Uus-Meremaal puhub tuul idast, pole teada, kas Matomato on samal ajal oma p\u00e4ikese varjus v\u00f5i mitte.<\/span><\/p>\n<p>\u2751 9. <span style=\"line-height: 107%;\">Matomato avastajad r\u00e4\u00e4givad maoori keelt<\/span><\/p>\n<p>\u2751 10. <span style=\"line-height: 107%;\">K\u00f5ik planeedid tiirlevad oma t\u00e4he \u00fcmber.<\/span><\/p>\n<p>\u2751 11. <span style=\"line-height: 107%;\">Teadlased, kes on leidnud m\u00f5ne uue planeedi, teevad rohkem t\u00e4htsaid avastusi kui need teadlased, kes pole uusi planeete\u00a0 leidnud.<\/span><\/p>\n<p>\u2751 12, <span style=\"line-height: 107%;\">Uus-Meremaal hakkavad kalanhoed \u00f5itsema, sest Matomato kaob oma p\u00e4ikese varju.<\/span><\/p>\n<p><a href=\"https:\/\/sisu.ut.ee\/keeleylesanded\/ulmejutt-vastus\/\">Vastus<\/a><\/p>\n","protected":false},"excerpt":{"rendered":"<p>Loe t\u00e4helepanelikult seda \u00fche 7. klassi \u00f5pilase kirjutatud ulmejutustuse algust. Seej\u00e4rel otsusta ainult jutustuse tekstist l\u00e4htudes, millised j\u00e4rgmistest v\u00e4idetest on kindlasti \u00f5iged. M\u00e4rgi nende ette kastikesse plussm\u00e4rk. Planeet Matomato asub Maast 2,5 miljoni valgusaasta kaugusel. Matomato ilmus l\u00f5unapoolkera taevas n\u00e4htavale &#8230;<\/p>\n","protected":false},"author":185,"featured_media":0,"parent":0,"menu_order":0,"comment_status":"closed","ping_status":"closed","template":"","meta":{"_acf_changed":false,"inline_featured_image":false,"footnotes":""},"class_list":["post-512","page","type-page","status-publish","hentry"],"acf":[],"_links":{"self":[{"href":"https:\/\/sisu.ut.ee\/keeleylesanded\/wp-json\/wp\/v2\/pages\/512","targetHints":{"allow":["GET"]}}],"collection":[{"href":"https:\/\/sisu.ut.ee\/keeleylesanded\/wp-json\/wp\/v2\/pages"}],"about":[{"href":"https:\/\/sisu.ut.ee\/keeleylesanded\/wp-json\/wp\/v2\/types\/page"}],"author":[{"embeddable":true,"href":"https:\/\/sisu.ut.ee\/keeleylesanded\/wp-json\/wp\/v2\/users\/185"}],"replies":[{"embeddable":true,"href":"https:\/\/sisu.ut.ee\/keeleylesanded\/wp-json\/wp\/v2\/comments?post=512"}],"version-history":[{"count":3,"href":"https:\/\/sisu.ut.ee\/keeleylesanded\/wp-json\/wp\/v2\/pages\/512\/revisions"}],"predecessor-version":[{"id":2018,"href":"https:\/\/sisu.ut.ee\/keeleylesanded\/wp-json\/wp\/v2\/pages\/512\/revisions\/2018"}],"wp:attachment":[{"href":"https:\/\/sisu.ut.ee\/keeleylesanded\/wp-json\/wp\/v2\/media?parent=512"}],"curies":[{"name":"wp","href":"https:\/\/api.w.org\/{rel}","templated":true}]}}