{"id":509,"date":"2024-04-04T05:04:07","date_gmt":"2024-04-04T02:04:07","guid":{"rendered":"https:\/\/sisu.ut.ee\/keeleylesanded\/nimi-valjendis-i\/"},"modified":"2024-11-29T11:46:15","modified_gmt":"2024-11-29T09:46:15","slug":"nimi-valjendis-i","status":"publish","type":"page","link":"https:\/\/sisu.ut.ee\/keeleylesanded\/nimi-valjendis-i\/","title":{"rendered":"Nimi v\u00e4ljendis (I)"},"content":{"rendered":"<p><b>a. Kirjuta vastuseks nimest saadud \u00fcldnimetus v\u00f5i nime sisaldav fraas.<\/b><\/p>\n<p style=\"margin-left: 40px;\"><b>N\u00e4ide:\u00a0<\/b>inkvisitsiooni piinariist\u00a0\u2013\u00a0<em>Hispaania saabas<\/em><\/p>\n<p>vanglatrellid<\/p>\n<p>selvelaud,\u00a0<em>buffet<\/em><\/p>\n<p>pikkade jalastega t\u00f5ukekelk<\/p>\n<p>alastiolek mehe puhul<\/p>\n<p>rahvusvaheline kood teadete edastamiseks<\/p>\n<p>k\u00f5igi \u00f5nnetuste ja murede allikas<\/p>\n<p><strong>b. L\u00f5peta v\u00e4ljend sobiva nimega.<\/strong><\/p>\n<p>K\u00f5ik on korras nagu \u2026\u2026\u2026\u2026\u2026\u2026\u2026\u2026\u2026\u2026\u2026\u2026\u2026..<\/p>\n<p>Kukkus vette ja vajus p\u00f5hja nagu \u2026\u2026\u2026\u2026\u2026\u2026\u2026\u2026\u2026\u2026\u2026\u2026\u2026. kirves.<\/p>\n<p>L\u00e4bi nagu \u2026\u2026\u2026\u2026\u2026\u2026\u2026\u2026\u2026\u2026\u2026\u2026\u2026.. raha<\/p>\n<p>Tuleb nagu \u2026\u2026\u2026\u2026\u2026\u2026\u2026\u2026\u2026\u2026. saelaudu.<\/p>\n<p>2016<\/p>\n<p>noorem<\/p>\n<p>piirkonnavoor<\/p>\n<p><a href=\"https:\/\/sisu.ut.ee\/keeleylesanded\/nimi-valjendis-i-vastus\/\">Vastus<\/a><\/p>\n","protected":false},"excerpt":{"rendered":"<p>a. Kirjuta vastuseks nimest saadud \u00fcldnimetus v\u00f5i nime sisaldav fraas. N\u00e4ide:\u00a0inkvisitsiooni piinariist\u00a0\u2013\u00a0Hispaania saabas vanglatrellid selvelaud,\u00a0buffet pikkade jalastega t\u00f5ukekelk alastiolek mehe puhul rahvusvaheline kood teadete edastamiseks k\u00f5igi \u00f5nnetuste ja murede allikas b. L\u00f5peta v\u00e4ljend sobiva nimega. K\u00f5ik on korras nagu \u2026\u2026\u2026\u2026\u2026\u2026\u2026\u2026\u2026\u2026\u2026\u2026\u2026.. &#8230;<\/p>\n","protected":false},"author":185,"featured_media":0,"parent":0,"menu_order":0,"comment_status":"closed","ping_status":"closed","template":"","meta":{"_acf_changed":false,"inline_featured_image":false,"footnotes":""},"class_list":["post-509","page","type-page","status-publish","hentry"],"acf":[],"_links":{"self":[{"href":"https:\/\/sisu.ut.ee\/keeleylesanded\/wp-json\/wp\/v2\/pages\/509","targetHints":{"allow":["GET"]}}],"collection":[{"href":"https:\/\/sisu.ut.ee\/keeleylesanded\/wp-json\/wp\/v2\/pages"}],"about":[{"href":"https:\/\/sisu.ut.ee\/keeleylesanded\/wp-json\/wp\/v2\/types\/page"}],"author":[{"embeddable":true,"href":"https:\/\/sisu.ut.ee\/keeleylesanded\/wp-json\/wp\/v2\/users\/185"}],"replies":[{"embeddable":true,"href":"https:\/\/sisu.ut.ee\/keeleylesanded\/wp-json\/wp\/v2\/comments?post=509"}],"version-history":[{"count":2,"href":"https:\/\/sisu.ut.ee\/keeleylesanded\/wp-json\/wp\/v2\/pages\/509\/revisions"}],"predecessor-version":[{"id":1910,"href":"https:\/\/sisu.ut.ee\/keeleylesanded\/wp-json\/wp\/v2\/pages\/509\/revisions\/1910"}],"wp:attachment":[{"href":"https:\/\/sisu.ut.ee\/keeleylesanded\/wp-json\/wp\/v2\/media?parent=509"}],"curies":[{"name":"wp","href":"https:\/\/api.w.org\/{rel}","templated":true}]}}