{"id":504,"date":"2024-04-04T05:04:07","date_gmt":"2024-04-04T02:04:07","guid":{"rendered":"https:\/\/sisu.ut.ee\/keeleylesanded\/seto-nimed\/"},"modified":"2024-11-29T12:23:56","modified_gmt":"2024-11-29T10:23:56","slug":"seto-nimed","status":"publish","type":"page","link":"https:\/\/sisu.ut.ee\/keeleylesanded\/seto-nimed\/","title":{"rendered":"Seto nimed"},"content":{"rendered":"<div style=\"text-align: justify;\"><strong>Eestlaste naabrid setod on juba mitusada aastat olnud \u00f5igeusklikud ning saanud\u00a0eesnime \u00f5igeusukalendrist vastavalt sellele, millise p\u00fchaku austamise p\u00e4eval nad on\u00a0s\u00fcndinud. Venep\u00e4rased eesnimed on seto keeles mugavama h\u00e4\u00e4lduse huvides suup\u00e4rasemaks\u00a0mugandatud. Leia igale kalendrinimele loetelust seto rahvakeelne nimeteisend.Kolm nime on loetelus \u00fclearused.\u00a0 \u0301 abil on m\u00e4rgitud pehmendus.<\/strong><\/div>\n<div style=\"text-align: justify;\"><\/div>\n<div style=\"text-align: justify;\">\n<div><em>Johorka, Juhkim, Hob\u0155o, Ko\u0144\u0144u, Kul\u00b4l\u00b4u, Obrask, Oude, Palaga, Taa\u0155ka, Tepo, Pindo,\u00a0Pirgo, Varu<\/em><\/div>\n<div><\/div>\n<div>Abram<\/div>\n<div>Akulina<\/div>\n<div>Varvara<\/div>\n<div>Darja<\/div>\n<div>Jevdokim<\/div>\n<div>Jefim<\/div>\n<div>Pelageja<\/div>\n<div>Spiridon<\/div>\n<div>Stepan<\/div>\n<div>Fevronia<\/div>\n<div><\/div>\n<div>2016<\/div>\n<div>keskmine<\/div>\n<div>piirkonnavoor<\/div>\n<\/div>\n<div><a href=\"https:\/\/sisu.ut.ee\/keeleylesanded\/seto-nimed-vastus\/\">Vastus<\/a><\/div>\n","protected":false},"excerpt":{"rendered":"<p>Eestlaste naabrid setod on juba mitusada aastat olnud \u00f5igeusklikud ning saanud\u00a0eesnime \u00f5igeusukalendrist vastavalt sellele, millise p\u00fchaku austamise p\u00e4eval nad on\u00a0s\u00fcndinud. Venep\u00e4rased eesnimed on seto keeles mugavama h\u00e4\u00e4lduse huvides suup\u00e4rasemaks\u00a0mugandatud. Leia igale kalendrinimele loetelust seto rahvakeelne nimeteisend.Kolm nime on loetelus \u00fclearused.\u00a0 &#8230;<\/p>\n","protected":false},"author":185,"featured_media":0,"parent":0,"menu_order":0,"comment_status":"closed","ping_status":"closed","template":"","meta":{"_acf_changed":false,"inline_featured_image":false,"footnotes":""},"class_list":["post-504","page","type-page","status-publish","hentry"],"acf":[],"_links":{"self":[{"href":"https:\/\/sisu.ut.ee\/keeleylesanded\/wp-json\/wp\/v2\/pages\/504","targetHints":{"allow":["GET"]}}],"collection":[{"href":"https:\/\/sisu.ut.ee\/keeleylesanded\/wp-json\/wp\/v2\/pages"}],"about":[{"href":"https:\/\/sisu.ut.ee\/keeleylesanded\/wp-json\/wp\/v2\/types\/page"}],"author":[{"embeddable":true,"href":"https:\/\/sisu.ut.ee\/keeleylesanded\/wp-json\/wp\/v2\/users\/185"}],"replies":[{"embeddable":true,"href":"https:\/\/sisu.ut.ee\/keeleylesanded\/wp-json\/wp\/v2\/comments?post=504"}],"version-history":[{"count":2,"href":"https:\/\/sisu.ut.ee\/keeleylesanded\/wp-json\/wp\/v2\/pages\/504\/revisions"}],"predecessor-version":[{"id":1956,"href":"https:\/\/sisu.ut.ee\/keeleylesanded\/wp-json\/wp\/v2\/pages\/504\/revisions\/1956"}],"wp:attachment":[{"href":"https:\/\/sisu.ut.ee\/keeleylesanded\/wp-json\/wp\/v2\/media?parent=504"}],"curies":[{"name":"wp","href":"https:\/\/api.w.org\/{rel}","templated":true}]}}