{"id":501,"date":"2024-04-04T05:04:07","date_gmt":"2024-04-04T02:04:07","guid":{"rendered":"https:\/\/sisu.ut.ee\/keeleylesanded\/kaana-ja-vaana\/"},"modified":"2024-11-28T23:36:54","modified_gmt":"2024-11-28T21:36:54","slug":"kaana-ja-vaana","status":"publish","type":"page","link":"https:\/\/sisu.ut.ee\/keeleylesanded\/kaana-ja-vaana\/","title":{"rendered":"K\u00e4\u00e4na ja v\u00e4\u00e4na"},"content":{"rendered":"<ol>\n<li>Millise eestikeelse nimis\u00f5na ainsuse nimetava ja omastava k\u00e4\u00e4nde vormis pole ainsatki \u00fchist t\u00e4hte?<\/li>\n<li>Leia neli s\u00f5navormi, millega saab samal ajal v\u00e4ljendada nii ainsust kui ka mitmust.<\/li>\n<li>Nimeta s\u00f5na, mis on nimetavas k\u00e4\u00e4ndes sama nii ainsuses kui ka mitmuses.<\/li>\n<li>Milline on ainsuse vorm s\u00f5nast <em>andmed<\/em>?<\/li>\n<li>Milline on mitmuse omastava vorm s\u00f5nast <em>mesi<\/em>?<\/li>\n<\/ol>\n<p><a href=\"https:\/\/sisu.ut.ee\/keeleylesanded\/kaana-ja-vaana-vastus\/\">Vastus<\/a><\/p>\n","protected":false},"excerpt":{"rendered":"<p>Millise eestikeelse nimis\u00f5na ainsuse nimetava ja omastava k\u00e4\u00e4nde vormis pole ainsatki \u00fchist t\u00e4hte? Leia neli s\u00f5navormi, millega saab samal ajal v\u00e4ljendada nii ainsust kui ka mitmust. Nimeta s\u00f5na, mis on nimetavas k\u00e4\u00e4ndes sama nii ainsuses kui ka mitmuses. Milline on &#8230;<\/p>\n","protected":false},"author":185,"featured_media":0,"parent":0,"menu_order":0,"comment_status":"closed","ping_status":"closed","template":"","meta":{"_acf_changed":false,"inline_featured_image":false,"footnotes":""},"class_list":["post-501","page","type-page","status-publish","hentry"],"acf":[],"_links":{"self":[{"href":"https:\/\/sisu.ut.ee\/keeleylesanded\/wp-json\/wp\/v2\/pages\/501","targetHints":{"allow":["GET"]}}],"collection":[{"href":"https:\/\/sisu.ut.ee\/keeleylesanded\/wp-json\/wp\/v2\/pages"}],"about":[{"href":"https:\/\/sisu.ut.ee\/keeleylesanded\/wp-json\/wp\/v2\/types\/page"}],"author":[{"embeddable":true,"href":"https:\/\/sisu.ut.ee\/keeleylesanded\/wp-json\/wp\/v2\/users\/185"}],"replies":[{"embeddable":true,"href":"https:\/\/sisu.ut.ee\/keeleylesanded\/wp-json\/wp\/v2\/comments?post=501"}],"version-history":[{"count":2,"href":"https:\/\/sisu.ut.ee\/keeleylesanded\/wp-json\/wp\/v2\/pages\/501\/revisions"}],"predecessor-version":[{"id":1842,"href":"https:\/\/sisu.ut.ee\/keeleylesanded\/wp-json\/wp\/v2\/pages\/501\/revisions\/1842"}],"wp:attachment":[{"href":"https:\/\/sisu.ut.ee\/keeleylesanded\/wp-json\/wp\/v2\/media?parent=501"}],"curies":[{"name":"wp","href":"https:\/\/api.w.org\/{rel}","templated":true}]}}