{"id":500,"date":"2024-04-04T05:04:07","date_gmt":"2024-04-04T02:04:07","guid":{"rendered":"https:\/\/sisu.ut.ee\/keeleylesanded\/nimed-vanas-kirjaviisis-i\/"},"modified":"2024-11-29T11:26:44","modified_gmt":"2024-11-29T09:26:44","slug":"nimed-vanas-kirjaviisis-i","status":"publish","type":"page","link":"https:\/\/sisu.ut.ee\/keeleylesanded\/nimed-vanas-kirjaviisis-i\/","title":{"rendered":"Nimed vanas kirjaviisis (I)"},"content":{"rendered":"<div><strong>17. sajandi l\u00f5pul tuli kasutusele B. G. Forseliuse ja J. Hornungi loodud vana kirjaviis,\u00a0mis on m\u00f5jutatud saksa keele kirjutusviisist. Vana kirjaviisi peamised reeglid olid\u00a0j\u00e4rgmised:<\/strong><\/div>\n<div><strong>1) kinnise silbi pikad t\u00e4ish\u00e4\u00e4likud kirjutatakse kahe t\u00e4hega, nt <em>h\u00fc\u00fcdwad<\/em>;<\/strong><\/div>\n<div><strong>2) lahtises silbis ja s\u00f5na l\u00f5pus kirjutatakse pikad t\u00e4ish\u00e4\u00e4likud \u00fche t\u00e4hega, nt <em>se<\/em>,\u00a0<em>\u00f6sel<\/em>;<\/strong><\/div>\n<div><strong>3) l\u00fchikese silbi j\u00e4rel kirjutatakse l\u00fchike kaash\u00e4\u00e4lik kahe t\u00e4hega, nt <em>temma<\/em>;\u00a0<\/strong><\/div>\n<div><strong>4) pika silbi j\u00e4rel ja s\u00f5na l\u00f5pus kirjutatakse kaash\u00e4\u00e4lik \u00fche t\u00e4hega, nt <em>s\u00f6wad<\/em>, <em>n\u00e4p<\/em>.\u00a0<\/strong><\/div>\n<div><strong>T\u00e4nap\u00e4evasest kirjaviisist erines vana kirjaviis veel selle poolest, et <em>v <\/em>asemel kirjutati <em>w\u00a0<\/em>ning j\u00e4rgsilpides esines <em>u <\/em>asemel sageli <em>o<\/em>. T\u00e4hed <em>\u00e4<\/em>, <em>\u00f6<\/em> ja <em>\u00fc<\/em> olid olemas, kui<em> \u00f5<\/em> asemel\u00a0kirjutati <em>\u00f6<\/em> v\u00f5i <em>o<\/em>.<\/strong><\/div>\n<div><\/div>\n<div><strong>Kirjuta allolevad isikunimed vanas kirjaviisis.<\/strong><\/div>\n<div><\/div>\n<div>Aadu J\u00fcri<\/div>\n<div>Leeni Riinu<\/div>\n<div>Mari Kraak<\/div>\n<div>Kaarel Tiidumaa<\/div>\n<div>Hans Kikas<\/div>\n<div>Liisu Noorkukk<\/div>\n<div>Niglas Metsaots<\/div>\n<div>T\u00f5nn Madissoo<\/div>\n<div><\/div>\n<div>2016<\/div>\n<div>keskmine<\/div>\n<div>piirkonnavoor<\/div>\n<div><\/div>\n<div><a href=\"_wp_link_placeholder\" data-wplink-edit=\"true\">Vastus<\/a><\/div>\n","protected":false},"excerpt":{"rendered":"<p>17. sajandi l\u00f5pul tuli kasutusele B. G. Forseliuse ja J. Hornungi loodud vana kirjaviis,\u00a0mis on m\u00f5jutatud saksa keele kirjutusviisist. Vana kirjaviisi peamised reeglid olid\u00a0j\u00e4rgmised: 1) kinnise silbi pikad t\u00e4ish\u00e4\u00e4likud kirjutatakse kahe t\u00e4hega, nt h\u00fc\u00fcdwad; 2) lahtises silbis ja s\u00f5na l\u00f5pus &#8230;<\/p>\n","protected":false},"author":185,"featured_media":0,"parent":0,"menu_order":0,"comment_status":"closed","ping_status":"closed","template":"","meta":{"_acf_changed":false,"inline_featured_image":false,"footnotes":""},"class_list":["post-500","page","type-page","status-publish","hentry"],"acf":[],"_links":{"self":[{"href":"https:\/\/sisu.ut.ee\/keeleylesanded\/wp-json\/wp\/v2\/pages\/500","targetHints":{"allow":["GET"]}}],"collection":[{"href":"https:\/\/sisu.ut.ee\/keeleylesanded\/wp-json\/wp\/v2\/pages"}],"about":[{"href":"https:\/\/sisu.ut.ee\/keeleylesanded\/wp-json\/wp\/v2\/types\/page"}],"author":[{"embeddable":true,"href":"https:\/\/sisu.ut.ee\/keeleylesanded\/wp-json\/wp\/v2\/users\/185"}],"replies":[{"embeddable":true,"href":"https:\/\/sisu.ut.ee\/keeleylesanded\/wp-json\/wp\/v2\/comments?post=500"}],"version-history":[{"count":2,"href":"https:\/\/sisu.ut.ee\/keeleylesanded\/wp-json\/wp\/v2\/pages\/500\/revisions"}],"predecessor-version":[{"id":1904,"href":"https:\/\/sisu.ut.ee\/keeleylesanded\/wp-json\/wp\/v2\/pages\/500\/revisions\/1904"}],"wp:attachment":[{"href":"https:\/\/sisu.ut.ee\/keeleylesanded\/wp-json\/wp\/v2\/media?parent=500"}],"curies":[{"name":"wp","href":"https:\/\/api.w.org\/{rel}","templated":true}]}}