{"id":497,"date":"2024-04-04T05:04:06","date_gmt":"2024-04-04T02:04:06","guid":{"rendered":"https:\/\/sisu.ut.ee\/keeleylesanded\/voorsonade-tahendus\/"},"modified":"2024-11-29T13:54:44","modified_gmt":"2024-11-29T11:54:44","slug":"voorsonade-tahendus","status":"publish","type":"page","link":"https:\/\/sisu.ut.ee\/keeleylesanded\/voorsonade-tahendus\/","title":{"rendered":"V\u00f5\u00f5rs\u00f5nade t\u00e4hendus"},"content":{"rendered":"<ol>\n<li>Mis ala spetsialist on enoloog?<\/li>\n<li>Mida kardab n\u00fcktofoobia all kannatav inimene?<\/li>\n<li>Kes v\u00f5i mis on neljajalaline trohheus?<\/li>\n<li>Mis m\u00e4rk on apostroof? Vihjeks: seda kasutatakse v\u00f5\u00f5rnimede ja tsitaats\u00f5nade kirjutamisel.<\/li>\n<li>See v\u00f5\u00f5rs\u00f5na t\u00e4hendab eesti keeles v\u00f5istlust, taani keeles aga hoopis pankrotti. Mis s\u00f5na see on?<\/li>\n<\/ol>\n<p><a href=\"https:\/\/sisu.ut.ee\/keeleylesanded\/voorsonade-tahendus-vastus\/\">Vastus<\/a><\/p>\n","protected":false},"excerpt":{"rendered":"<p>Mis ala spetsialist on enoloog? Mida kardab n\u00fcktofoobia all kannatav inimene? Kes v\u00f5i mis on neljajalaline trohheus? Mis m\u00e4rk on apostroof? Vihjeks: seda kasutatakse v\u00f5\u00f5rnimede ja tsitaats\u00f5nade kirjutamisel. See v\u00f5\u00f5rs\u00f5na t\u00e4hendab eesti keeles v\u00f5istlust, taani keeles aga hoopis pankrotti. Mis &#8230;<\/p>\n","protected":false},"author":185,"featured_media":0,"parent":0,"menu_order":0,"comment_status":"closed","ping_status":"closed","template":"","meta":{"_acf_changed":false,"inline_featured_image":false,"footnotes":""},"class_list":["post-497","page","type-page","status-publish","hentry"],"acf":[],"_links":{"self":[{"href":"https:\/\/sisu.ut.ee\/keeleylesanded\/wp-json\/wp\/v2\/pages\/497","targetHints":{"allow":["GET"]}}],"collection":[{"href":"https:\/\/sisu.ut.ee\/keeleylesanded\/wp-json\/wp\/v2\/pages"}],"about":[{"href":"https:\/\/sisu.ut.ee\/keeleylesanded\/wp-json\/wp\/v2\/types\/page"}],"author":[{"embeddable":true,"href":"https:\/\/sisu.ut.ee\/keeleylesanded\/wp-json\/wp\/v2\/users\/185"}],"replies":[{"embeddable":true,"href":"https:\/\/sisu.ut.ee\/keeleylesanded\/wp-json\/wp\/v2\/comments?post=497"}],"version-history":[{"count":2,"href":"https:\/\/sisu.ut.ee\/keeleylesanded\/wp-json\/wp\/v2\/pages\/497\/revisions"}],"predecessor-version":[{"id":2077,"href":"https:\/\/sisu.ut.ee\/keeleylesanded\/wp-json\/wp\/v2\/pages\/497\/revisions\/2077"}],"wp:attachment":[{"href":"https:\/\/sisu.ut.ee\/keeleylesanded\/wp-json\/wp\/v2\/media?parent=497"}],"curies":[{"name":"wp","href":"https:\/\/api.w.org\/{rel}","templated":true}]}}