{"id":494,"date":"2024-04-04T05:04:06","date_gmt":"2024-04-04T02:04:06","guid":{"rendered":"https:\/\/sisu.ut.ee\/keeleylesanded\/sunonuumipaarid-2014\/"},"modified":"2024-11-29T12:57:30","modified_gmt":"2024-11-29T10:57:30","slug":"sunonuumipaarid-2014","status":"publish","type":"page","link":"https:\/\/sisu.ut.ee\/keeleylesanded\/sunonuumipaarid-2014\/","title":{"rendered":"S\u00fcnon\u00fc\u00fcmipaarid"},"content":{"rendered":"<p><b><span style=\"line-height: 107%;\">Moodusta antud s\u00f5nadest kaheksa s\u00fcnon\u00fc\u00fcmipaari. Osa s\u00f5nu j\u00e4\u00e4b \u00fcle.<\/span><\/b><\/p>\n<p><i><span style=\"line-height: 107%;\">Aitama, asjalik, asjatu, avitama, j\u00f5ukas, j\u00f5uline, helpima, julge, k\u00e4itama, k\u00e4sitsema, k\u00e4sutama, m\u00f5istma, m\u00f5tisklema, suureline, suuremeelne, suursugune, s\u00f6akas, tugev, v\u00e4\u00e4rikas, v\u00e4\u00e4riline, v\u00e4\u00e4rtuslik, uppis, upsakas, \u00f5ieti, \u00f5igupoolest, \u00f5ilis<\/span><\/i><\/p>\n<p><i><span style=\"line-height: 107%;\">2014<\/span><\/i><\/p>\n<p>keskmine<\/p>\n<p>piirkonnavoor<\/p>\n<p><a href=\"https:\/\/sisu.ut.ee\/keeleylesanded\/sunonuumipaarid-vastus\/\">Vastus<\/a><\/p>\n","protected":false},"excerpt":{"rendered":"<p>Moodusta antud s\u00f5nadest kaheksa s\u00fcnon\u00fc\u00fcmipaari. Osa s\u00f5nu j\u00e4\u00e4b \u00fcle. Aitama, asjalik, asjatu, avitama, j\u00f5ukas, j\u00f5uline, helpima, julge, k\u00e4itama, k\u00e4sitsema, k\u00e4sutama, m\u00f5istma, m\u00f5tisklema, suureline, suuremeelne, suursugune, s\u00f6akas, tugev, v\u00e4\u00e4rikas, v\u00e4\u00e4riline, v\u00e4\u00e4rtuslik, uppis, upsakas, \u00f5ieti, \u00f5igupoolest, \u00f5ilis 2014 keskmine piirkonnavoor Vastus<\/p>\n","protected":false},"author":185,"featured_media":0,"parent":0,"menu_order":0,"comment_status":"closed","ping_status":"closed","template":"","meta":{"_acf_changed":false,"inline_featured_image":false,"footnotes":""},"class_list":["post-494","page","type-page","status-publish","hentry"],"acf":[],"_links":{"self":[{"href":"https:\/\/sisu.ut.ee\/keeleylesanded\/wp-json\/wp\/v2\/pages\/494","targetHints":{"allow":["GET"]}}],"collection":[{"href":"https:\/\/sisu.ut.ee\/keeleylesanded\/wp-json\/wp\/v2\/pages"}],"about":[{"href":"https:\/\/sisu.ut.ee\/keeleylesanded\/wp-json\/wp\/v2\/types\/page"}],"author":[{"embeddable":true,"href":"https:\/\/sisu.ut.ee\/keeleylesanded\/wp-json\/wp\/v2\/users\/185"}],"replies":[{"embeddable":true,"href":"https:\/\/sisu.ut.ee\/keeleylesanded\/wp-json\/wp\/v2\/comments?post=494"}],"version-history":[{"count":2,"href":"https:\/\/sisu.ut.ee\/keeleylesanded\/wp-json\/wp\/v2\/pages\/494\/revisions"}],"predecessor-version":[{"id":1994,"href":"https:\/\/sisu.ut.ee\/keeleylesanded\/wp-json\/wp\/v2\/pages\/494\/revisions\/1994"}],"wp:attachment":[{"href":"https:\/\/sisu.ut.ee\/keeleylesanded\/wp-json\/wp\/v2\/media?parent=494"}],"curies":[{"name":"wp","href":"https:\/\/api.w.org\/{rel}","templated":true}]}}