{"id":49,"date":"2024-04-04T05:03:25","date_gmt":"2024-04-04T02:03:25","guid":{"rendered":"https:\/\/sisu.ut.ee\/keeleylesanded\/liit-sonades\/"},"modified":"2024-11-28T14:28:57","modified_gmt":"2024-11-28T12:28:57","slug":"liit-sonades","status":"publish","type":"page","link":"https:\/\/sisu.ut.ee\/keeleylesanded\/liit-sonades\/","title":{"rendered":"&#8216;liit&#8217; s\u00f5nades"},"content":{"rendered":"<p><strong>S\u00f5nast\u00a0<em>liit<\/em>\u00a0on moodustatud eesti keelde hulk s\u00f5nu nii s\u00f5nade liitmise kui ka tuletamise abil<\/strong><\/p>\n<p>Kirjuta tulpadesse eesti keele s\u00f5nu, kus liits\u00f5na osana esineb s\u00f5na\u00a0<em>liit<\/em>\u00a0v\u00f5i kus\u00a0<em>liit<\/em>\u00a0on tuletusaluse ehk t\u00fcvi.<\/p>\n<table class=\"table table-hover\" style=\"width: 100%;\" border=\"0\" cellspacing=\"1\" cellpadding=\"1\">\n<thead>\n<tr>\n<th scope=\"col\">Liits\u00f5nad<\/th>\n<th scope=\"col\">Tuletised<\/th>\n<\/tr>\n<\/thead>\n<tbody>\n<tr>\n<td><\/td>\n<td><\/td>\n<\/tr>\n<tr>\n<td><\/td>\n<td><\/td>\n<\/tr>\n<tr>\n<td><\/td>\n<td><\/td>\n<\/tr>\n<tr>\n<td><\/td>\n<td><\/td>\n<\/tr>\n<tr>\n<td><\/td>\n<td><\/td>\n<\/tr>\n<\/tbody>\n<\/table>\n<p>2004<\/p>\n<p>l\u00f5ppvoor<\/p>\n<p>keskmine<\/p>\n<p><a href=\"https:\/\/sisu.ut.ee\/keeleylesanded\/liit-sonades-vastus\/\">Vastus<\/a><\/p>\n","protected":false},"excerpt":{"rendered":"<p>S\u00f5nast\u00a0liit\u00a0on moodustatud eesti keelde hulk s\u00f5nu nii s\u00f5nade liitmise kui ka tuletamise abil Kirjuta tulpadesse eesti keele s\u00f5nu, kus liits\u00f5na osana esineb s\u00f5na\u00a0liit\u00a0v\u00f5i kus\u00a0liit\u00a0on tuletusaluse ehk t\u00fcvi. Liits\u00f5nad Tuletised 2004 l\u00f5ppvoor keskmine Vastus<\/p>\n","protected":false},"author":185,"featured_media":0,"parent":0,"menu_order":0,"comment_status":"closed","ping_status":"closed","template":"","meta":{"_acf_changed":false,"inline_featured_image":false,"footnotes":""},"class_list":["post-49","page","type-page","status-publish","hentry"],"acf":[],"_links":{"self":[{"href":"https:\/\/sisu.ut.ee\/keeleylesanded\/wp-json\/wp\/v2\/pages\/49","targetHints":{"allow":["GET"]}}],"collection":[{"href":"https:\/\/sisu.ut.ee\/keeleylesanded\/wp-json\/wp\/v2\/pages"}],"about":[{"href":"https:\/\/sisu.ut.ee\/keeleylesanded\/wp-json\/wp\/v2\/types\/page"}],"author":[{"embeddable":true,"href":"https:\/\/sisu.ut.ee\/keeleylesanded\/wp-json\/wp\/v2\/users\/185"}],"replies":[{"embeddable":true,"href":"https:\/\/sisu.ut.ee\/keeleylesanded\/wp-json\/wp\/v2\/comments?post=49"}],"version-history":[{"count":2,"href":"https:\/\/sisu.ut.ee\/keeleylesanded\/wp-json\/wp\/v2\/pages\/49\/revisions"}],"predecessor-version":[{"id":1776,"href":"https:\/\/sisu.ut.ee\/keeleylesanded\/wp-json\/wp\/v2\/pages\/49\/revisions\/1776"}],"wp:attachment":[{"href":"https:\/\/sisu.ut.ee\/keeleylesanded\/wp-json\/wp\/v2\/media?parent=49"}],"curies":[{"name":"wp","href":"https:\/\/api.w.org\/{rel}","templated":true}]}}