{"id":488,"date":"2024-04-04T05:04:05","date_gmt":"2024-04-04T02:04:05","guid":{"rendered":"https:\/\/sisu.ut.ee\/keeleylesanded\/diesel-ja-kokakoola\/"},"modified":"2024-11-28T15:08:05","modified_gmt":"2024-11-28T13:08:05","slug":"diesel-ja-kokakoola","status":"publish","type":"page","link":"https:\/\/sisu.ut.ee\/keeleylesanded\/diesel-ja-kokakoola\/","title":{"rendered":"Diesel ja kokakoola"},"content":{"rendered":"<p><strong>T\u00e4ida tabelis l\u00fcngad ja pealkirjasta r\u00fchmad.<\/strong><\/p>\n<table class=\"table table-hover\" style=\"width: 100%;\" border=\"1\" cellspacing=\"1\" cellpadding=\"1\">\n<thead>\n<tr>\n<th scope=\"col\"><\/th>\n<th scope=\"col\"><\/th>\n<\/tr>\n<\/thead>\n<tbody>\n<tr>\n<td>Diesel<\/td>\n<td><\/td>\n<\/tr>\n<tr>\n<td>Richelieu<\/td>\n<td><\/td>\n<\/tr>\n<tr>\n<td><\/td>\n<td>kokakoola<\/td>\n<\/tr>\n<tr>\n<td>Guillotin<\/td>\n<td><\/td>\n<\/tr>\n<tr>\n<td><\/td>\n<td>morse(t\u00e4hestik)<\/td>\n<\/tr>\n<tr>\n<td>Gilette<\/td>\n<td><\/td>\n<\/tr>\n<tr>\n<td><\/td>\n<td>njuuton<\/td>\n<\/tr>\n<tr>\n<td>Pergamon<\/td>\n<td><\/td>\n<\/tr>\n<tr>\n<td><\/td>\n<td>luteri (usk)<\/td>\n<\/tr>\n<\/tbody>\n<\/table>\n<p>2016<\/p>\n<p>keskmine<\/p>\n<p>piirkonnavoor<\/p>\n<p><a href=\"https:\/\/sisu.ut.ee\/keeleylesanded\/diesel-ja-kokakoola-vastus\/\">Vastus<\/a><\/p>\n","protected":false},"excerpt":{"rendered":"<p>T\u00e4ida tabelis l\u00fcngad ja pealkirjasta r\u00fchmad. Diesel Richelieu kokakoola Guillotin morse(t\u00e4hestik) Gilette njuuton Pergamon luteri (usk) 2016 keskmine piirkonnavoor Vastus<\/p>\n","protected":false},"author":185,"featured_media":0,"parent":0,"menu_order":0,"comment_status":"closed","ping_status":"closed","template":"","meta":{"_acf_changed":false,"inline_featured_image":false,"footnotes":""},"class_list":["post-488","page","type-page","status-publish","hentry"],"acf":[],"_links":{"self":[{"href":"https:\/\/sisu.ut.ee\/keeleylesanded\/wp-json\/wp\/v2\/pages\/488","targetHints":{"allow":["GET"]}}],"collection":[{"href":"https:\/\/sisu.ut.ee\/keeleylesanded\/wp-json\/wp\/v2\/pages"}],"about":[{"href":"https:\/\/sisu.ut.ee\/keeleylesanded\/wp-json\/wp\/v2\/types\/page"}],"author":[{"embeddable":true,"href":"https:\/\/sisu.ut.ee\/keeleylesanded\/wp-json\/wp\/v2\/users\/185"}],"replies":[{"embeddable":true,"href":"https:\/\/sisu.ut.ee\/keeleylesanded\/wp-json\/wp\/v2\/comments?post=488"}],"version-history":[{"count":2,"href":"https:\/\/sisu.ut.ee\/keeleylesanded\/wp-json\/wp\/v2\/pages\/488\/revisions"}],"predecessor-version":[{"id":1801,"href":"https:\/\/sisu.ut.ee\/keeleylesanded\/wp-json\/wp\/v2\/pages\/488\/revisions\/1801"}],"wp:attachment":[{"href":"https:\/\/sisu.ut.ee\/keeleylesanded\/wp-json\/wp\/v2\/media?parent=488"}],"curies":[{"name":"wp","href":"https:\/\/api.w.org\/{rel}","templated":true}]}}