{"id":481,"date":"2024-04-04T05:04:05","date_gmt":"2024-04-04T02:04:05","guid":{"rendered":"https:\/\/sisu.ut.ee\/keeleylesanded\/kohanimed-vanades-tekstides\/"},"modified":"2024-11-29T10:06:12","modified_gmt":"2024-11-29T08:06:12","slug":"kohanimed-vanades-tekstides","status":"publish","type":"page","link":"https:\/\/sisu.ut.ee\/keeleylesanded\/kohanimed-vanades-tekstides\/","title":{"rendered":"Kohanimed vanades tekstides"},"content":{"rendered":"<p style=\"text-align: justify;\"><strong>Kirjuta iga 17.\u201319. sajandi tekstides esinenud nime j\u00e4rele selle t\u00e4nap\u00e4eva kirjakeeles kasutatav kuju.<\/strong><\/p>\n<p style=\"text-align: justify; margin-left: 40px;\"><strong>N\u00e4ide:\u00a0<\/strong>Wreiburk\u00a0\u2013 Freiburg<\/p>\n<p style=\"text-align: justify;\">Norwegi ma<\/p>\n<p style=\"text-align: justify;\">Lontowa linn<\/p>\n<p style=\"text-align: justify;\">Portokali ma<\/p>\n<p style=\"text-align: justify;\">Okswurt<\/p>\n<p style=\"text-align: justify;\">Hea-lotusse eestm\u00e4ggi<\/p>\n<p style=\"text-align: justify;\">\u00c4gypti Mah<\/p>\n<p style=\"text-align: justify;\">T\u00e4nnemark<\/p>\n<p style=\"text-align: justify;\">Rohhelisse-eestm\u00e4e sared<\/p>\n<p style=\"text-align: justify;\">Franckrik<\/p>\n<p style=\"text-align: justify;\">Lettimah<\/p>\n<p style=\"text-align: justify;\">\n<\/p><p style=\"text-align: justify;\">2016<\/p>\n<p style=\"text-align: justify;\">keskmine<\/p>\n<p style=\"text-align: justify;\">piirkonnavoor<\/p>\n<p><a href=\"https:\/\/sisu.ut.ee\/keeleylesanded\/kohanimed-vanades-tekstides-0\/\">Vastus<\/a><\/p>\n","protected":false},"excerpt":{"rendered":"<p>Kirjuta iga 17.\u201319. sajandi tekstides esinenud nime j\u00e4rele selle t\u00e4nap\u00e4eva kirjakeeles kasutatav kuju. N\u00e4ide:\u00a0Wreiburk\u00a0\u2013 Freiburg Norwegi ma Lontowa linn Portokali ma Okswurt Hea-lotusse eestm\u00e4ggi \u00c4gypti Mah T\u00e4nnemark Rohhelisse-eestm\u00e4e sared Franckrik Lettimah 2016 keskmine piirkonnavoor Vastus<\/p>\n","protected":false},"author":185,"featured_media":0,"parent":0,"menu_order":0,"comment_status":"closed","ping_status":"closed","template":"","meta":{"_acf_changed":false,"inline_featured_image":false,"footnotes":""},"class_list":["post-481","page","type-page","status-publish","hentry"],"acf":[],"_links":{"self":[{"href":"https:\/\/sisu.ut.ee\/keeleylesanded\/wp-json\/wp\/v2\/pages\/481","targetHints":{"allow":["GET"]}}],"collection":[{"href":"https:\/\/sisu.ut.ee\/keeleylesanded\/wp-json\/wp\/v2\/pages"}],"about":[{"href":"https:\/\/sisu.ut.ee\/keeleylesanded\/wp-json\/wp\/v2\/types\/page"}],"author":[{"embeddable":true,"href":"https:\/\/sisu.ut.ee\/keeleylesanded\/wp-json\/wp\/v2\/users\/185"}],"replies":[{"embeddable":true,"href":"https:\/\/sisu.ut.ee\/keeleylesanded\/wp-json\/wp\/v2\/comments?post=481"}],"version-history":[{"count":2,"href":"https:\/\/sisu.ut.ee\/keeleylesanded\/wp-json\/wp\/v2\/pages\/481\/revisions"}],"predecessor-version":[{"id":1858,"href":"https:\/\/sisu.ut.ee\/keeleylesanded\/wp-json\/wp\/v2\/pages\/481\/revisions\/1858"}],"wp:attachment":[{"href":"https:\/\/sisu.ut.ee\/keeleylesanded\/wp-json\/wp\/v2\/media?parent=481"}],"curies":[{"name":"wp","href":"https:\/\/api.w.org\/{rel}","templated":true}]}}