{"id":479,"date":"2024-04-04T05:04:05","date_gmt":"2024-04-04T02:04:05","guid":{"rendered":"https:\/\/sisu.ut.ee\/keeleylesanded\/kohanimed-ja-sonavormid\/"},"modified":"2024-11-29T10:04:45","modified_gmt":"2024-11-29T08:04:45","slug":"kohanimed-ja-sonavormid","status":"publish","type":"page","link":"https:\/\/sisu.ut.ee\/keeleylesanded\/kohanimed-ja-sonavormid\/","title":{"rendered":"Kohanimed ja s\u00f5navormid (II)"},"content":{"rendered":"<p style=\"text-align: justify;\"><strong>Allolevas nimeloendis on esitatud m\u00f5ned Eesti kohanimed. Iga nime kirjapilt langeb kokku v\u00e4hemalt \u00fche s\u00f5na normingup\u00e4rase grammatilise vormi kirjapildiga, v.a kaks nime, mis j\u00e4\u00e4vad \u00fcle. Vastus esita n\u00e4ite eeskujul, st kirjuta, mis vormiga on tegemist ja mis s\u00f5nast see vorm on moodustatud. Kahe \u00fcle j\u00e4\u00e4nud s\u00f5na j\u00e4rele \u00e4ra kirjuta midagi.<\/strong><\/p>\n<p style=\"text-align: justify; margin-left: 40px;\"><strong>N\u00e4ide:\u00a0<\/strong>S\u00f6\u00f6di\u00a0\u2013 1) umbisikulise\u00a0 tegumoe minevik\u00a0<em>s\u00f6\u00f6ma<\/em>; 2) ainsuse omastav\u00a0<em>s\u00f6\u00f6t<\/em><\/p>\n<div>Harju ______________________________________________________________________<\/div>\n<div>___________________________________________________________________________<\/div>\n<div>Lahe ______________________________________________________________________<\/div>\n<div>___________________________________________________________________________<\/div>\n<div>M\u00e4\u00e4ra _____________________________________________________________________<\/div>\n<div>___________________________________________________________________________<\/div>\n<div>Ninasi _____________________________________________________________________<\/div>\n<div>___________________________________________________________________________<\/div>\n<div>R\u00f6a _______________________________________________________________________<\/div>\n<div>___________________________________________________________________________<\/div>\n<div>Soe _______________________________________________________________________<\/div>\n<div>___________________________________________________________________________<\/div>\n<div>T\u00fcki ______________________________________________________________________<\/div>\n<div>___________________________________________________________________________<\/div>\n<div>V\u00f5ide _____________________________________________________________________<\/div>\n<div>___________________________________________________________________________<\/div>\n<div>Loodi _____________________________________________________________________<\/div>\n<div>___________________________________________________________________________<\/div>\n<div><\/div>\n<div>2016<\/div>\n<div>keskmine<\/div>\n<div>piirkonnavoor<\/div>\n<div><\/div>\n<div><a href=\"https:\/\/sisu.ut.ee\/keeleylesanded\/kohanimed-ja-sonavormid-vastus\/\">Vastus<\/a><\/div>\n","protected":false},"excerpt":{"rendered":"<p>Allolevas nimeloendis on esitatud m\u00f5ned Eesti kohanimed. Iga nime kirjapilt langeb kokku v\u00e4hemalt \u00fche s\u00f5na normingup\u00e4rase grammatilise vormi kirjapildiga, v.a kaks nime, mis j\u00e4\u00e4vad \u00fcle. Vastus esita n\u00e4ite eeskujul, st kirjuta, mis vormiga on tegemist ja mis s\u00f5nast see vorm &#8230;<\/p>\n","protected":false},"author":185,"featured_media":0,"parent":0,"menu_order":0,"comment_status":"closed","ping_status":"closed","template":"","meta":{"_acf_changed":false,"inline_featured_image":false,"footnotes":""},"class_list":["post-479","page","type-page","status-publish","hentry"],"acf":[],"_links":{"self":[{"href":"https:\/\/sisu.ut.ee\/keeleylesanded\/wp-json\/wp\/v2\/pages\/479","targetHints":{"allow":["GET"]}}],"collection":[{"href":"https:\/\/sisu.ut.ee\/keeleylesanded\/wp-json\/wp\/v2\/pages"}],"about":[{"href":"https:\/\/sisu.ut.ee\/keeleylesanded\/wp-json\/wp\/v2\/types\/page"}],"author":[{"embeddable":true,"href":"https:\/\/sisu.ut.ee\/keeleylesanded\/wp-json\/wp\/v2\/users\/185"}],"replies":[{"embeddable":true,"href":"https:\/\/sisu.ut.ee\/keeleylesanded\/wp-json\/wp\/v2\/comments?post=479"}],"version-history":[{"count":2,"href":"https:\/\/sisu.ut.ee\/keeleylesanded\/wp-json\/wp\/v2\/pages\/479\/revisions"}],"predecessor-version":[{"id":1856,"href":"https:\/\/sisu.ut.ee\/keeleylesanded\/wp-json\/wp\/v2\/pages\/479\/revisions\/1856"}],"wp:attachment":[{"href":"https:\/\/sisu.ut.ee\/keeleylesanded\/wp-json\/wp\/v2\/media?parent=479"}],"curies":[{"name":"wp","href":"https:\/\/api.w.org\/{rel}","templated":true}]}}