{"id":476,"date":"2024-04-04T05:04:04","date_gmt":"2024-04-04T02:04:04","guid":{"rendered":"https:\/\/sisu.ut.ee\/keeleylesanded\/moisniku-nimest-asulanimeks\/"},"modified":"2024-11-29T10:47:01","modified_gmt":"2024-11-29T08:47:01","slug":"moisniku-nimest-asulanimeks","status":"publish","type":"page","link":"https:\/\/sisu.ut.ee\/keeleylesanded\/moisniku-nimest-asulanimeks\/","title":{"rendered":"M\u00f5isniku nimest asulanimeks"},"content":{"rendered":"<div><strong>Paljud Eesti asulanimed p\u00e4rinevad siin elanud saksa m\u00f5isnike perekonnanimedest.\u00a0J\u00e4rgnevalt on \u00e4ra toodud 14 niisugust kohanime. Loeteluna on antud saksa\u00a0perekonnanimed. Kirjuta iga asulanime j\u00e4rele selle aluseks olnud isikunimi.\u00a0<\/strong><\/div>\n<div><\/div>\n<div><em>Treyden, Luden, Bartsch, Riesebiter, Kuddelen, Engdes, Wedtberg, Renni, Zinten,\u00a0Bellingshausen, Essen, Stahl, Burt, Zweyberg<\/em><\/div>\n<div><\/div>\n<div>1. Esna _______________________________________<\/div>\n<div>2. Ingliste _______________________________________<\/div>\n<div>3. Kulina _______________________________________<\/div>\n<div>4. Luua _______________________________________<\/div>\n<div>5. Partsi _______________________________________<\/div>\n<div>6. Pilguse _______________________________________<\/div>\n<div>7. Purdi _______________________________________<\/div>\n<div>8. Reina _______________________________________<\/div>\n<div>9. Riisipere _______________________________________<\/div>\n<div>10. R\u00e4ni _______________________________________<\/div>\n<div>11. Sindi _______________________________________<\/div>\n<div>12. Taali _______________________________________<\/div>\n<div>13. Veibri _______________________________________<\/div>\n<div>14. Vetepere _______________________________________<\/div>\n<div><\/div>\n<div>2016<\/div>\n<div>vanem<\/div>\n<div>piirkonnavoor<\/div>\n<div><\/div>\n<div><a href=\"https:\/\/sisu.ut.ee\/keeleylesanded\/moisniku-nimest-asulanimeks-vastus\/\">Vastus<\/a><\/div>\n","protected":false},"excerpt":{"rendered":"<p>Paljud Eesti asulanimed p\u00e4rinevad siin elanud saksa m\u00f5isnike perekonnanimedest.\u00a0J\u00e4rgnevalt on \u00e4ra toodud 14 niisugust kohanime. Loeteluna on antud saksa\u00a0perekonnanimed. Kirjuta iga asulanime j\u00e4rele selle aluseks olnud isikunimi.\u00a0 Treyden, Luden, Bartsch, Riesebiter, Kuddelen, Engdes, Wedtberg, Renni, Zinten,\u00a0Bellingshausen, Essen, Stahl, Burt, Zweyberg &#8230;<\/p>\n","protected":false},"author":185,"featured_media":0,"parent":0,"menu_order":0,"comment_status":"closed","ping_status":"closed","template":"","meta":{"_acf_changed":false,"inline_featured_image":false,"footnotes":""},"class_list":["post-476","page","type-page","status-publish","hentry"],"acf":[],"_links":{"self":[{"href":"https:\/\/sisu.ut.ee\/keeleylesanded\/wp-json\/wp\/v2\/pages\/476","targetHints":{"allow":["GET"]}}],"collection":[{"href":"https:\/\/sisu.ut.ee\/keeleylesanded\/wp-json\/wp\/v2\/pages"}],"about":[{"href":"https:\/\/sisu.ut.ee\/keeleylesanded\/wp-json\/wp\/v2\/types\/page"}],"author":[{"embeddable":true,"href":"https:\/\/sisu.ut.ee\/keeleylesanded\/wp-json\/wp\/v2\/users\/185"}],"replies":[{"embeddable":true,"href":"https:\/\/sisu.ut.ee\/keeleylesanded\/wp-json\/wp\/v2\/comments?post=476"}],"version-history":[{"count":2,"href":"https:\/\/sisu.ut.ee\/keeleylesanded\/wp-json\/wp\/v2\/pages\/476\/revisions"}],"predecessor-version":[{"id":1896,"href":"https:\/\/sisu.ut.ee\/keeleylesanded\/wp-json\/wp\/v2\/pages\/476\/revisions\/1896"}],"wp:attachment":[{"href":"https:\/\/sisu.ut.ee\/keeleylesanded\/wp-json\/wp\/v2\/media?parent=476"}],"curies":[{"name":"wp","href":"https:\/\/api.w.org\/{rel}","templated":true}]}}