{"id":474,"date":"2024-04-04T05:04:04","date_gmt":"2024-04-04T02:04:04","guid":{"rendered":"https:\/\/sisu.ut.ee\/keeleylesanded\/nimi-lauseliikmena\/"},"modified":"2024-11-29T11:45:34","modified_gmt":"2024-11-29T09:45:34","slug":"nimi-lauseliikmena","status":"publish","type":"page","link":"https:\/\/sisu.ut.ee\/keeleylesanded\/nimi-lauseliikmena\/","title":{"rendered":"Nimi lauseliikmena"},"content":{"rendered":"<div><strong>Mis lauseliikmena esinevad isikunimed j\u00e4rgmistes lausetes? Lisaks t\u00e4ida allolev tabel,\u00a0et n\u00e4idata, kas lause on lihtlause (koondlause v\u00f5i mitte) v\u00f5i liitlause (rindlause v\u00f5i p\u00f5imlause),\u00a0tehes sobivasse lahtrisse risti.\u00a0<\/strong><\/div>\n<div><\/div>\n<div>1. 23. septembril 2006 valiti Toomas Hendrik Ilves Eesti Vabariigi presidendiks, 29. augustil\u00a02011 valiti ta ametisse uueks ametiajaks.<\/div>\n<div><em>Nimi esineb _________________________________<\/em>.<\/div>\n<div>2. Juristidiplom j\u00e4i Anton Hansenil saamata, kuna ta haigestus tuberkuloosi.<\/div>\n<div><em>Nimi esineb<\/em> _________________________________.<\/div>\n<div>3. Raamatu \u201eR\u00e4\u00e4gi mulle rebasest\u201c \u00fcks autoreid on Fred J\u00fcssi.<\/div>\n<div><em>Nimi esineb <\/em>_________________________________.<\/div>\n<div>4. Hillar P\u00e4rjasaarega sattus J\u00fcssi kokku kolmeteistaastase poisina, kui ta l\u00e4ks koos paari\u00a0s\u00f5braga metsa pajuoksi tooma.<\/div>\n<div><em>Esimene nimi esineb _______________________ ja teine<\/em> ___________________________.<\/div>\n<div>5. Mati Erelti esitasid keeleauhinna saamiseks Eesti Keele Instituut, Emakeele Selts ja Tartu\u00a0\u00dclikool.<\/div>\n<div><em>Nimi esineb <\/em>_________________________________.<\/div>\n<div>6. Riinat polnud kodus, kuid telekas m\u00e4ngis sellest hoolimata.<\/div>\n<div><em>Nimi esineb<\/em> _________________________________.<\/div>\n<div>7. N\u00fc\u00fcd olgu nemad Kristinad ja Andrused!<\/div>\n<div><em>Nimed esinevad <\/em>_________________________________.<\/div>\n<div><\/div>\n<div>\n<table class=\"table table-hover\" style=\"width: 100%;\" border=\"1\" cellspacing=\"1\" cellpadding=\"1\">\n<tbody>\n<tr>\n<td style=\"text-align: center;\" colspan=\"1\" rowspan=\"2\"><strong>Lause<\/strong><\/td>\n<td style=\"text-align: center;\" colspan=\"2\" rowspan=\"1\"><strong>Liitlause<\/strong><\/td>\n<td style=\"text-align: center;\" colspan=\"2\" rowspan=\"1\"><strong>Lihtlause<\/strong><\/td>\n<\/tr>\n<tr>\n<td style=\"text-align: center;\"><strong>Rindlause<\/strong><\/td>\n<td style=\"text-align: center;\"><strong>P\u00f5imlause<\/strong><\/td>\n<td style=\"text-align: center;\"><strong>Koondlause<\/strong><\/td>\n<td style=\"text-align: center;\"><strong>Mitte-koondlause<\/strong><\/td>\n<\/tr>\n<tr>\n<td>1.<\/td>\n<td><\/td>\n<td><\/td>\n<td><\/td>\n<td><\/td>\n<\/tr>\n<tr>\n<td>2.<\/td>\n<td><\/td>\n<td><\/td>\n<td><\/td>\n<td><\/td>\n<\/tr>\n<tr>\n<td>3.<\/td>\n<td><\/td>\n<td><\/td>\n<td><\/td>\n<td><\/td>\n<\/tr>\n<tr>\n<td>4.<\/td>\n<td><\/td>\n<td><\/td>\n<td><\/td>\n<td><\/td>\n<\/tr>\n<tr>\n<td>5.<\/td>\n<td><\/td>\n<td><\/td>\n<td><\/td>\n<td><\/td>\n<\/tr>\n<tr>\n<td>6.<\/td>\n<td><\/td>\n<td><\/td>\n<td><\/td>\n<td><\/td>\n<\/tr>\n<tr>\n<td>7.<\/td>\n<td><\/td>\n<td><\/td>\n<td><\/td>\n<td><\/td>\n<\/tr>\n<\/tbody>\n<\/table>\n<p>2016<\/p>\n<p>vanem<\/p>\n<p>piirkonnavoor<\/p>\n<p><a href=\"https:\/\/sisu.ut.ee\/keeleylesanded\/nimi-lauseliikmena-vastus\/\">Vastus<\/a><\/p>\n<\/div>\n","protected":false},"excerpt":{"rendered":"<p>Mis lauseliikmena esinevad isikunimed j\u00e4rgmistes lausetes? Lisaks t\u00e4ida allolev tabel,\u00a0et n\u00e4idata, kas lause on lihtlause (koondlause v\u00f5i mitte) v\u00f5i liitlause (rindlause v\u00f5i p\u00f5imlause),\u00a0tehes sobivasse lahtrisse risti.\u00a0 1. 23. septembril 2006 valiti Toomas Hendrik Ilves Eesti Vabariigi presidendiks, 29. augustil\u00a02011 valiti &#8230;<\/p>\n","protected":false},"author":185,"featured_media":0,"parent":0,"menu_order":0,"comment_status":"closed","ping_status":"closed","template":"","meta":{"_acf_changed":false,"inline_featured_image":false,"footnotes":""},"class_list":["post-474","page","type-page","status-publish","hentry"],"acf":[],"_links":{"self":[{"href":"https:\/\/sisu.ut.ee\/keeleylesanded\/wp-json\/wp\/v2\/pages\/474","targetHints":{"allow":["GET"]}}],"collection":[{"href":"https:\/\/sisu.ut.ee\/keeleylesanded\/wp-json\/wp\/v2\/pages"}],"about":[{"href":"https:\/\/sisu.ut.ee\/keeleylesanded\/wp-json\/wp\/v2\/types\/page"}],"author":[{"embeddable":true,"href":"https:\/\/sisu.ut.ee\/keeleylesanded\/wp-json\/wp\/v2\/users\/185"}],"replies":[{"embeddable":true,"href":"https:\/\/sisu.ut.ee\/keeleylesanded\/wp-json\/wp\/v2\/comments?post=474"}],"version-history":[{"count":2,"href":"https:\/\/sisu.ut.ee\/keeleylesanded\/wp-json\/wp\/v2\/pages\/474\/revisions"}],"predecessor-version":[{"id":1909,"href":"https:\/\/sisu.ut.ee\/keeleylesanded\/wp-json\/wp\/v2\/pages\/474\/revisions\/1909"}],"wp:attachment":[{"href":"https:\/\/sisu.ut.ee\/keeleylesanded\/wp-json\/wp\/v2\/media?parent=474"}],"curies":[{"name":"wp","href":"https:\/\/api.w.org\/{rel}","templated":true}]}}