{"id":472,"date":"2024-04-04T05:04:04","date_gmt":"2024-04-04T02:04:04","guid":{"rendered":"https:\/\/sisu.ut.ee\/keeleylesanded\/algustaht\/"},"modified":"2024-11-28T14:40:14","modified_gmt":"2024-11-28T12:40:14","slug":"algustaht","status":"publish","type":"page","link":"https:\/\/sisu.ut.ee\/keeleylesanded\/algustaht\/","title":{"rendered":"Algust\u00e4ht"},"content":{"rendered":"<div><strong>Otsusta, kas allajoonitud s\u00f5na peab olema suure v\u00f5i v\u00e4ikese algust\u00e4hega, ja tee\u00a0parandused.<\/strong><\/div>\n<div><\/div>\n<div>1. Filmis \u201eKaldale uhutud\u201c satub Tom Hanksi m\u00e4ngitud peategelane <u>robinsonina <\/u>\u00fcksikule\u00a0saarele.<\/div>\n<div>2. J\u00fcri saadeti k\u00e4itumisprobleemide t\u00f5ttu niinimetatud <u>tootsi <\/u>klassi.<\/div>\n<div>3. Lugesin\u00a0ajakirjast Imeline <u>ajalugu<\/u>, kuidas Teine <u>maailmas\u00f5da <\/u>alguse sai.<\/div>\n<div>4. Arvutim\u00e4ngude kohta on\u00a0<u>youtube\u2019i <\/u>palju videoid \u00fcles pandud.<\/div>\n<div>5. Jaan teenis <u>eesti <\/u>krooni ajal h\u00e4sti: tal oli <u>jakobsone\u00a0<\/u>kahele poole loopida.<\/div>\n<div>6. Onu Endel s\u00f5idab siiamaani vana <u>sapakaga<\/u>, tema vend Juhan aga<\/div>\n<div>uue <u>fordiga<\/u>.<\/div>\n<div>7. 14. m\u00e4rtsil, Kristjan Jaak Petersoni s\u00fcnnip\u00e4eval t\u00e4histame <u>emakeelep\u00e4eva <\/u>ja\u00a0toimub e-ette\u00fctlus.<\/div>\n<div>8. \u201eVendi L\u00f5vis\u00fcdameid\u201c lugenud poiss unistas, et temagi p\u00e4\u00e4seb kord\u00a0<u>nangijaalasse<\/u>.<\/div>\n<div>9. Anni s\u00fcvenes <u>buda <\/u>usku tutvustavasse kirjandusse ja uuris <u>nirvaanasse<\/u><\/div>\n<div>p\u00e4\u00e4semise v\u00f5imalusi.<\/div>\n<div>10. Uuringufirma Saar Poll esitles eile \u00fcle-<u>eestilise <\/u>uuringu tulemusi.<\/div>\n<div>11. Sisestasin andmed <u>excelisse <\/u>ja pidasin juhendajaga <u>skype\u2019i <\/u>teel n\u00f5u. 12. S\u00fcgisel hakkas\u00a0TV3-s jooksma <u>hollywoodlik <\/u>p\u00f5nevussari \u201eVarjudemaa\u201c.<\/div>\n<div><\/div>\n<div>2016<\/div>\n<div>vanem, keskmine<\/div>\n<div>piirkonnavoor<\/div>\n<div><\/div>\n<div><a href=\"https:\/\/sisu.ut.ee\/keeleylesanded\/algustaht-vastus\/\">Vastus<\/a><\/div>\n","protected":false},"excerpt":{"rendered":"<p>Otsusta, kas allajoonitud s\u00f5na peab olema suure v\u00f5i v\u00e4ikese algust\u00e4hega, ja tee\u00a0parandused. 1. Filmis \u201eKaldale uhutud\u201c satub Tom Hanksi m\u00e4ngitud peategelane robinsonina \u00fcksikule\u00a0saarele. 2. J\u00fcri saadeti k\u00e4itumisprobleemide t\u00f5ttu niinimetatud tootsi klassi. 3. Lugesin\u00a0ajakirjast Imeline ajalugu, kuidas Teine maailmas\u00f5da alguse sai. &#8230;<\/p>\n","protected":false},"author":185,"featured_media":0,"parent":0,"menu_order":0,"comment_status":"closed","ping_status":"closed","template":"","meta":{"_acf_changed":false,"inline_featured_image":false,"footnotes":""},"class_list":["post-472","page","type-page","status-publish","hentry"],"acf":[],"_links":{"self":[{"href":"https:\/\/sisu.ut.ee\/keeleylesanded\/wp-json\/wp\/v2\/pages\/472","targetHints":{"allow":["GET"]}}],"collection":[{"href":"https:\/\/sisu.ut.ee\/keeleylesanded\/wp-json\/wp\/v2\/pages"}],"about":[{"href":"https:\/\/sisu.ut.ee\/keeleylesanded\/wp-json\/wp\/v2\/types\/page"}],"author":[{"embeddable":true,"href":"https:\/\/sisu.ut.ee\/keeleylesanded\/wp-json\/wp\/v2\/users\/185"}],"replies":[{"embeddable":true,"href":"https:\/\/sisu.ut.ee\/keeleylesanded\/wp-json\/wp\/v2\/comments?post=472"}],"version-history":[{"count":3,"href":"https:\/\/sisu.ut.ee\/keeleylesanded\/wp-json\/wp\/v2\/pages\/472\/revisions"}],"predecessor-version":[{"id":1787,"href":"https:\/\/sisu.ut.ee\/keeleylesanded\/wp-json\/wp\/v2\/pages\/472\/revisions\/1787"}],"wp:attachment":[{"href":"https:\/\/sisu.ut.ee\/keeleylesanded\/wp-json\/wp\/v2\/media?parent=472"}],"curies":[{"name":"wp","href":"https:\/\/api.w.org\/{rel}","templated":true}]}}